{"id":21880,"date":"2023-03-17T09:59:08","date_gmt":"2023-06-23T14:54:50","guid":{"rendered":"https:\/\/dreamonwedding.it\/product\/knospenvase-aus-gruener-keramik-h16-cm\/"},"modified":"2023-06-23T16:54:50","modified_gmt":"2023-06-23T14:54:50","slug":"vase-in-keramik-grune-wurzel","status":"publish","type":"product","link":"https:\/\/dreamonwedding.it\/de\/produkt\/vase-in-keramik-grune-wurzel\/","title":{"rendered":"Knospenvase aus gr\u00fcner Keramik &#8211; H16 cm"},"content":{"rendered":"<h5>Gr\u00fcne Keramikvase in Form einer Knospe.<\/h5>\n<p>Feine Keramikvase in gr\u00fcner Farbe, ideal f\u00fcr Tischdekorationen, Tafelaufs\u00e4tze, Empf\u00e4nge oder Innendekorationen.<\/p>\n<p>Ein Einrichtungsaccessoire, das als Beh\u00e4lter f\u00fcr die Dekoration bei Veranstaltungen, Aufstellungen oder Hochzeiten oder als M\u00f6bel f\u00fcr Ihr Zuhause verwendet werden kann.<\/p>\n<p>&nbsp;<\/p>\n<p>Wir garantieren eine Expresslieferung per DHL-Kurier (2-3 Werktage).<\/p>\n<p>Wenn Sie ein Gewerbetreibender sind oder dieses Produkt in gr\u00f6\u00dferen Mengen als auf der Website angegeben ben\u00f6tigen <a href=\"https:\/\/dreamonwedding.it\/exclusive-italy-wedding-planner\/\">, kontaktieren Sie uns bitte<\/a> f\u00fcr ein individuelles Angebot.<\/p>\n<p>Folgen Sie uns auf<a href=\"https:\/\/www.instagram.com\/dreamon_emporio\/\" target=\"_blank\" rel=\"noopener\"> Instagram<\/a> und lassen Sie sich inspirieren oder besuchen Sie uns in unserem <a href=\"https:\/\/g.page\/dream-on-emporio?we\" target=\"_blank\" rel=\"noopener\">Showroom!<\/a><\/p>\n","protected":false},"excerpt":{"rendered":"<p>Feine Keramikvase in gr\u00fcner Farbe, ideal f\u00fcr Tischdekorationen, Tafelaufs\u00e4tze, Empf\u00e4nge oder Innendekorationen.<\/p>\n<p>Ein Einrichtungsaccessoire, das als Beh\u00e4lter f\u00fcr die Dekoration bei Veranstaltungen, Aufstellungen oder Hochzeiten oder als M\u00f6bel f\u00fcr Ihr Zuhause verwendet werden kann.<\/p>\n<p>&nbsp;<\/p>\n","protected":false},"featured_media":21325,"comment_status":"open","ping_status":"closed","template":"","meta":[],"product_brand":[],"product_cat":[643,648,666],"product_tag":[674,676,675,677,673],"class_list":{"0":"post-21880","1":"product","2":"type-product","3":"status-publish","4":"has-post-thumbnail","6":"product_cat-behalter","7":"product_cat-dekorationen","8":"product_cat-vasen","9":"product_tag-blumen","10":"product_tag-grun","11":"product_tag-keramik","12":"product_tag-knospe","13":"product_tag-vase-de","15":"first","16":"instock","17":"taxable","18":"shipping-taxable","19":"purchasable","20":"product-type-simple"},"_links":{"self":[{"href":"https:\/\/dreamonwedding.it\/de\/wp-json\/wp\/v2\/product\/21880","targetHints":{"allow":["GET"]}}],"collection":[{"href":"https:\/\/dreamonwedding.it\/de\/wp-json\/wp\/v2\/product"}],"about":[{"href":"https:\/\/dreamonwedding.it\/de\/wp-json\/wp\/v2\/types\/product"}],"replies":[{"embeddable":true,"href":"https:\/\/dreamonwedding.it\/de\/wp-json\/wp\/v2\/comments?post=21880"}],"wp:featuredmedia":[{"embeddable":true,"href":"https:\/\/dreamonwedding.it\/de\/wp-json\/wp\/v2\/media\/21325"}],"wp:attachment":[{"href":"https:\/\/dreamonwedding.it\/de\/wp-json\/wp\/v2\/media?parent=21880"}],"wp:term":[{"taxonomy":"product_brand","embeddable":true,"href":"https:\/\/dreamonwedding.it\/de\/wp-json\/wp\/v2\/product_brand?post=21880"},{"taxonomy":"product_cat","embeddable":true,"href":"https:\/\/dreamonwedding.it\/de\/wp-json\/wp\/v2\/product_cat?post=21880"},{"taxonomy":"product_tag","embeddable":true,"href":"https:\/\/dreamonwedding.it\/de\/wp-json\/wp\/v2\/product_tag?post=21880"}],"curies":[{"name":"wp","href":"https:\/\/api.w.org\/{rel}","templated":true}]}}