{"id":22079,"date":"2023-03-17T09:50:48","date_gmt":"2023-03-17T08:50:48","guid":{"rendered":"https:\/\/dreamonwedding.it\/product\/keramikvase-anthrazit-antik-effekt-h10-cm\/"},"modified":"2023-03-17T09:50:48","modified_gmt":"2023-03-17T08:50:48","slug":"keramikvase-anthrazit-antik-effekt-h10-cm","status":"publish","type":"product","link":"https:\/\/dreamonwedding.it\/de\/produkt\/keramikvase-anthrazit-antik-effekt-h10-cm\/","title":{"rendered":"Keramikvase &#8211; Anthrazit-Antik-Effekt &#8211; H10 cm"},"content":{"rendered":"<h5>Anthrazitfarbene Keramikvase mit Antikeffekt.<\/h5>\n<p>Herrliche anthrazitfarbene Keramikvase, die sich mit ihrer besonderen Form ideal f\u00fcr Arrangements, Tafelaufs\u00e4tze, Empf\u00e4nge oder f\u00fcr die Inneneinrichtung eignet.<\/p>\n<p>M\u00f6bel, das als Beh\u00e4lter f\u00fcr die Dekoration von Veranstaltungen oder Hochzeiten verwendet werden kann.<\/p>\n<p>&nbsp;<\/p>\n<p>Wir garantieren Expresszustellung per DHL-Kurier (2-3 Werktage).<\/p>\n<p>Wenn Sie ein Profi sind oder dieses Produkt in gr\u00f6\u00dferen Mengen als dem auf der Website angezeigten Bestand ben\u00f6tigen, <a href=\"https:\/\/dreamonwedding.it\/exclusive-italy-wedding-planner\/\">kontaktieren Sie uns<\/ a> um ein individuelles Angebot zu erhalten.<\/p>\n<p>Folgen Sie uns auf <a href=\"https:\/\/www.instagram.com\/dreamon_emporio\/\" target=\"_blank\" rel=\"noopener\">Instagram<\/a>, um sich inspirieren zu lassen, oder besuchen Sie uns auf unserer <a href=\"https:\/\/g.page\/ dream-on-emporio?we\" target=\"_blank\" rel=\"noopener\">Showroom!<\/a><\/p>\n","protected":false},"excerpt":{"rendered":"<p>Herrliche anthrazitfarbene Keramikvase, die sich mit ihrer besonderen Form ideal f\u00fcr Arrangements, Tafelaufs\u00e4tze, Empf\u00e4nge oder f\u00fcr die Inneneinrichtung eignet.<\/p>\n<p>M\u00f6bel, das als Beh\u00e4lter f\u00fcr die Dekoration von Veranstaltungen oder Hochzeiten verwendet werden kann.<\/p>\n","protected":false},"featured_media":21322,"comment_status":"open","ping_status":"closed","template":"","meta":[],"product_brand":[],"product_cat":[643,648,666],"product_tag":[833,832,675,673],"class_list":{"0":"post-22079","1":"product","2":"type-product","3":"status-publish","4":"has-post-thumbnail","6":"product_cat-behalter","7":"product_cat-dekorationen","8":"product_cat-vasen","9":"product_tag-alt","10":"product_tag-anthrazit","11":"product_tag-keramik","12":"product_tag-vase-de","14":"first","15":"instock","16":"taxable","17":"shipping-taxable","18":"purchasable","19":"product-type-simple"},"_links":{"self":[{"href":"https:\/\/dreamonwedding.it\/de\/wp-json\/wp\/v2\/product\/22079","targetHints":{"allow":["GET"]}}],"collection":[{"href":"https:\/\/dreamonwedding.it\/de\/wp-json\/wp\/v2\/product"}],"about":[{"href":"https:\/\/dreamonwedding.it\/de\/wp-json\/wp\/v2\/types\/product"}],"replies":[{"embeddable":true,"href":"https:\/\/dreamonwedding.it\/de\/wp-json\/wp\/v2\/comments?post=22079"}],"wp:featuredmedia":[{"embeddable":true,"href":"https:\/\/dreamonwedding.it\/de\/wp-json\/wp\/v2\/media\/21322"}],"wp:attachment":[{"href":"https:\/\/dreamonwedding.it\/de\/wp-json\/wp\/v2\/media?parent=22079"}],"wp:term":[{"taxonomy":"product_brand","embeddable":true,"href":"https:\/\/dreamonwedding.it\/de\/wp-json\/wp\/v2\/product_brand?post=22079"},{"taxonomy":"product_cat","embeddable":true,"href":"https:\/\/dreamonwedding.it\/de\/wp-json\/wp\/v2\/product_cat?post=22079"},{"taxonomy":"product_tag","embeddable":true,"href":"https:\/\/dreamonwedding.it\/de\/wp-json\/wp\/v2\/product_tag?post=22079"}],"curies":[{"name":"wp","href":"https:\/\/api.w.org\/{rel}","templated":true}]}}