{"id":22080,"date":"2023-03-17T09:07:22","date_gmt":"2023-03-17T08:07:22","guid":{"rendered":"https:\/\/dreamonwedding.it\/product\/weise-scabiosa-blume-h70-cm\/"},"modified":"2023-03-17T09:07:22","modified_gmt":"2023-03-17T08:07:22","slug":"weise-scabiosa-blume-h70-cm","status":"publish","type":"product","link":"https:\/\/dreamonwedding.it\/de\/produkt\/weise-scabiosa-blume-h70-cm\/","title":{"rendered":"Wei\u00dfe Scabiosa-Blume \u2013 H70 cm"},"content":{"rendered":"<h5>Dekorative Scabiosa-Blume, wei\u00df.<\/h5>\n<p>Dieser dekorative Zweig der Scabiosa-Blume in wei\u00dfer Farbe ist ideal f\u00fcr die Dekoration jeder Art von Szenario, f\u00fcr den Innen- und Au\u00dfenbereich.<\/p>\n<p>Sehr n\u00fctzlich f\u00fcr Veranstaltungen, Hochzeiten, Fotosessions oder als M\u00f6belst\u00fcck.<\/p>\n<p>&nbsp;<\/p>\n<p>Wir garantieren Expresszustellung per DHL-Kurier (2-3 Werktage).<\/p>\n<p>Wenn Sie ein Profi sind oder dieses Produkt in gr\u00f6\u00dferen Mengen als dem auf der Website angezeigten Bestand ben\u00f6tigen, <a href=\"https:\/\/dreamonwedding.it\/exclusive-italy-wedding-planner\/\">kontaktieren Sie uns<\/ a> um ein individuelles Angebot zu erhalten.<\/p>\n<p>Folgen Sie uns auf <a href=\"https:\/\/www.instagram.com\/dreamon_emporio\/\" target=\"_blank\" rel=\"noopener\">Instagram<\/a>, um sich inspirieren zu lassen, oder besuchen Sie uns auf unserer <a href=\"https:\/\/g.page\/ dream-on-emporio?we\" target=\"_blank\" rel=\"noopener\">Showroom!<\/a><\/p>\n","protected":false},"excerpt":{"rendered":"<p>Dieser dekorative Zweig der Scabiosa-Blume in wei\u00dfer Farbe ist ideal f\u00fcr die Dekoration jeder Art von Szenario, f\u00fcr den Innen- und Au\u00dfenbereich.<\/p>\n<p>Sehr n\u00fctzlich f\u00fcr Veranstaltungen, Hochzeiten, Fotosessions oder als M\u00f6belst\u00fcck.<\/p>\n","protected":false},"featured_media":21307,"comment_status":"open","ping_status":"closed","template":"","meta":[],"product_brand":[],"product_cat":[649,648],"product_tag":[674,834,836,835],"class_list":{"0":"post-22080","1":"product","2":"type-product","3":"status-publish","4":"has-post-thumbnail","6":"product_cat-blumen","7":"product_cat-dekorationen","8":"product_tag-blumen","9":"product_tag-dekoration","10":"product_tag-scabiosa-de","11":"product_tag-weiss","13":"first","14":"instock","15":"taxable","16":"shipping-taxable","17":"purchasable","18":"product-type-simple"},"_links":{"self":[{"href":"https:\/\/dreamonwedding.it\/de\/wp-json\/wp\/v2\/product\/22080","targetHints":{"allow":["GET"]}}],"collection":[{"href":"https:\/\/dreamonwedding.it\/de\/wp-json\/wp\/v2\/product"}],"about":[{"href":"https:\/\/dreamonwedding.it\/de\/wp-json\/wp\/v2\/types\/product"}],"replies":[{"embeddable":true,"href":"https:\/\/dreamonwedding.it\/de\/wp-json\/wp\/v2\/comments?post=22080"}],"wp:featuredmedia":[{"embeddable":true,"href":"https:\/\/dreamonwedding.it\/de\/wp-json\/wp\/v2\/media\/21307"}],"wp:attachment":[{"href":"https:\/\/dreamonwedding.it\/de\/wp-json\/wp\/v2\/media?parent=22080"}],"wp:term":[{"taxonomy":"product_brand","embeddable":true,"href":"https:\/\/dreamonwedding.it\/de\/wp-json\/wp\/v2\/product_brand?post=22080"},{"taxonomy":"product_cat","embeddable":true,"href":"https:\/\/dreamonwedding.it\/de\/wp-json\/wp\/v2\/product_cat?post=22080"},{"taxonomy":"product_tag","embeddable":true,"href":"https:\/\/dreamonwedding.it\/de\/wp-json\/wp\/v2\/product_tag?post=22080"}],"curies":[{"name":"wp","href":"https:\/\/api.w.org\/{rel}","templated":true}]}}