{"id":22081,"date":"2023-03-17T08:43:41","date_gmt":"2023-03-17T07:43:41","guid":{"rendered":"https:\/\/dreamonwedding.it\/product\/vase-aus-antikem-eisendraht-2-modelle\/"},"modified":"2024-11-10T07:28:49","modified_gmt":"2024-11-10T06:28:49","slug":"vase-aus-antikem-eisendraht-2-modelle","status":"publish","type":"product","link":"https:\/\/dreamonwedding.it\/de\/produkt\/vase-aus-antikem-eisendraht-2-modelle\/","title":{"rendered":"Vase aus antikem Eisendraht \u2013 2 Modelle"},"content":{"rendered":"<h5>Sch\u00f6ne Vase aus antikem Eisendraht.<\/h5>\n<p>Diese sch\u00f6ne Vase ist ideal f\u00fcr die Gestaltung von Blumenarrangements bei Veranstaltungen oder perfekt f\u00fcr den t\u00e4glichen Gebrauch.<\/p>\n<p>Ideal, um der Einrichtung jedes Raumes eine dekorative Note zu verleihen und <span class=\"a-list-item\"> Ihr Zuhause zu betonen f\u00fcr genau das richtige Dekor mit oder ohne Blumen- oder Gr\u00fcnzus\u00e4tze.<\/span>< \/p><\/p>\n<p>&nbsp;<\/p>\n<p>Wir garantieren Expresszustellung per DHL-Kurier (2-3 Werktage).<\/p>\n<p>Wenn Sie ein Profi sind oder dieses Produkt in gr\u00f6\u00dferen Mengen als dem auf der Website angezeigten Bestand ben\u00f6tigen<a href=\"https:\/\/dreamonwedding.it\/exclusive-italy-wedding-planner\/\"> kontaktieren Sie uns< \/a> um ein individuelles Angebot zu erhalten.<\/p>\n<p>Alle unsere Produkte finden Sie auch in unserem<a href=\"https:\/\/g.page\/dream-on-emporio?gm\" target=\"_blank\" rel=\"noopener\"> Emporio, kommen Sie uns besuchen im Ausstellungsraum!<\/a><\/p>\n","protected":false},"excerpt":{"rendered":"<p>Diese sch\u00f6ne Vase ist ideal f\u00fcr die Gestaltung von Blumenarrangements bei Veranstaltungen oder perfekt f\u00fcr den t\u00e4glichen Gebrauch.<\/p>\n<p>Ideal, um der Einrichtung jedes Raumes eine dekorative Note zu verleihen und <span class=\"a-list-item\"> Ihr Zuhause mit genau der richtigen Dekoration mit oder ohne Blumen- oder Gr\u00fcnzus\u00e4tzen zu akzentuieren.<\/span>< \/p><\/p>\n","protected":false},"featured_media":21298,"comment_status":"open","ping_status":"closed","template":"","meta":[],"product_brand":[],"product_cat":[648,666],"product_tag":[674,839,840,673],"class_list":{"0":"post-22081","1":"product","2":"type-product","3":"status-publish","4":"has-post-thumbnail","6":"product_cat-dekorationen","7":"product_cat-vasen","8":"product_tag-blumen","9":"product_tag-container","10":"product_tag-eisen","11":"product_tag-vase-de","13":"first","14":"instock","15":"taxable","16":"shipping-taxable","17":"purchasable","18":"product-type-variable"},"_links":{"self":[{"href":"https:\/\/dreamonwedding.it\/de\/wp-json\/wp\/v2\/product\/22081","targetHints":{"allow":["GET"]}}],"collection":[{"href":"https:\/\/dreamonwedding.it\/de\/wp-json\/wp\/v2\/product"}],"about":[{"href":"https:\/\/dreamonwedding.it\/de\/wp-json\/wp\/v2\/types\/product"}],"replies":[{"embeddable":true,"href":"https:\/\/dreamonwedding.it\/de\/wp-json\/wp\/v2\/comments?post=22081"}],"wp:featuredmedia":[{"embeddable":true,"href":"https:\/\/dreamonwedding.it\/de\/wp-json\/wp\/v2\/media\/21298"}],"wp:attachment":[{"href":"https:\/\/dreamonwedding.it\/de\/wp-json\/wp\/v2\/media?parent=22081"}],"wp:term":[{"taxonomy":"product_brand","embeddable":true,"href":"https:\/\/dreamonwedding.it\/de\/wp-json\/wp\/v2\/product_brand?post=22081"},{"taxonomy":"product_cat","embeddable":true,"href":"https:\/\/dreamonwedding.it\/de\/wp-json\/wp\/v2\/product_cat?post=22081"},{"taxonomy":"product_tag","embeddable":true,"href":"https:\/\/dreamonwedding.it\/de\/wp-json\/wp\/v2\/product_tag?post=22081"}],"curies":[{"name":"wp","href":"https:\/\/api.w.org\/{rel}","templated":true}]}}