{"id":22093,"date":"2023-03-16T12:17:54","date_gmt":"2023-03-16T11:17:54","guid":{"rendered":"https:\/\/dreamonwedding.it\/product\/schmetterlingsclip-blaue-und-violette-farbe\/"},"modified":"2023-03-16T12:17:54","modified_gmt":"2023-03-16T11:17:54","slug":"schmetterlingsclip-blaue-und-violette-farbe","status":"publish","type":"product","link":"https:\/\/dreamonwedding.it\/de\/produkt\/schmetterlingsclip-blaue-und-violette-farbe\/","title":{"rendered":"Schmetterlingsclip \u2013 blaue und violette Farbe"},"content":{"rendered":"<h5>Schmetterlingsclip aus lila und blauen Perlen.<\/h5>\n<p>H\u00fcbscher Clip in Form eines lila und blauen Schmetterlings, verziert mit Perlen.<\/p>\n<p>Ideal als Innendekoration f\u00fcr Vorh\u00e4nge und W\u00e4nde, kann aber auch f\u00fcr Themenveranstaltungen verwendet werden.<\/p>\n<p>&nbsp;<\/p>\n<p>Wir garantieren Expresszustellung per DHL-Kurier (2-3 Werktage).<\/p>\n<p>Wenn Sie ein Profi sind oder dieses Produkt in gr\u00f6\u00dferen Mengen als dem auf der Website angezeigten Bestand ben\u00f6tigen, <a href=\"https:\/\/dreamonwedding.it\/exclusive-italy-wedding-planner\/\">kontaktieren Sie uns<\/ a> um ein individuelles Angebot zu erhalten.<\/p>\n<p>Folgen Sie uns auf <a href=\"https:\/\/www.instagram.com\/dreamon_emporio\/\" target=\"_blank\" rel=\"noopener\">Instagram<\/a>, um sich inspirieren zu lassen, oder besuchen Sie uns auf unserer <a href=\"https:\/\/g.page\/ dream-on-emporio?we\" target=\"_blank\" rel=\"noopener\">Showroom!<\/a><\/p>\n","protected":false},"excerpt":{"rendered":"<p>H\u00fcbscher Clip in Form eines lila und blauen Schmetterlings, verziert mit Perlen.<\/p>\n<p>Ideal als Innendekoration f\u00fcr Vorh\u00e4nge und W\u00e4nde, kann aber auch f\u00fcr Themenveranstaltungen verwendet werden.<\/p>\n","protected":false},"featured_media":21124,"comment_status":"open","ping_status":"closed","template":"","meta":[],"product_brand":[],"product_cat":[648],"product_tag":[853,849,851,852,850],"class_list":{"0":"post-22093","1":"product","2":"type-product","3":"status-publish","4":"has-post-thumbnail","6":"product_cat-dekorationen","7":"product_tag-blau","8":"product_tag-clip-de","9":"product_tag-lila","10":"product_tag-perlen","11":"product_tag-schmetterling","13":"first","14":"instock","15":"taxable","16":"shipping-taxable","17":"purchasable","18":"product-type-variable"},"_links":{"self":[{"href":"https:\/\/dreamonwedding.it\/de\/wp-json\/wp\/v2\/product\/22093","targetHints":{"allow":["GET"]}}],"collection":[{"href":"https:\/\/dreamonwedding.it\/de\/wp-json\/wp\/v2\/product"}],"about":[{"href":"https:\/\/dreamonwedding.it\/de\/wp-json\/wp\/v2\/types\/product"}],"replies":[{"embeddable":true,"href":"https:\/\/dreamonwedding.it\/de\/wp-json\/wp\/v2\/comments?post=22093"}],"wp:featuredmedia":[{"embeddable":true,"href":"https:\/\/dreamonwedding.it\/de\/wp-json\/wp\/v2\/media\/21124"}],"wp:attachment":[{"href":"https:\/\/dreamonwedding.it\/de\/wp-json\/wp\/v2\/media?parent=22093"}],"wp:term":[{"taxonomy":"product_brand","embeddable":true,"href":"https:\/\/dreamonwedding.it\/de\/wp-json\/wp\/v2\/product_brand?post=22093"},{"taxonomy":"product_cat","embeddable":true,"href":"https:\/\/dreamonwedding.it\/de\/wp-json\/wp\/v2\/product_cat?post=22093"},{"taxonomy":"product_tag","embeddable":true,"href":"https:\/\/dreamonwedding.it\/de\/wp-json\/wp\/v2\/product_tag?post=22093"}],"curies":[{"name":"wp","href":"https:\/\/api.w.org\/{rel}","templated":true}]}}