{"id":22097,"date":"2023-03-16T10:53:14","date_gmt":"2023-03-16T09:53:14","guid":{"rendered":"https:\/\/dreamonwedding.it\/product\/ex-voto-herz-aus-metall-farbe-antikgold-und-strasssteine-2-grosen\/"},"modified":"2025-06-06T08:37:19","modified_gmt":"2025-06-06T06:37:19","slug":"ex-voto-herz-aus-metall-farbe-antikgold-und-strasssteine-2-grosen","status":"publish","type":"product","link":"https:\/\/dreamonwedding.it\/de\/produkt\/ex-voto-herz-aus-metall-farbe-antikgold-und-strasssteine-2-grosen\/","title":{"rendered":"Ex-Voto-Herz aus Metall \u2013 Farbe Antikgold und Strasssteine \u200b\u200b\u2013 2 Gr\u00f6\u00dfen"},"content":{"rendered":"<h5>Voto-Herz aus Metall mit Strasssteinen und antikgoldfarbenem Perlmutt.<\/h5>\n<p>Wundersch\u00f6ner Anh\u00e4nger mit einem klassisch aussehenden Votivherz aus Metall, verziert mit Perlmutt und eleganten Strasssteinen in antiker Goldfarbe.<\/p>\n<p>Seine Form eignet sich perfekt f\u00fcr Dekorationen.<\/p>\n<p>&nbsp;<\/p>\n<p>Wir garantieren Expresszustellung per DHL-Kurier (2-3 Werktage).<\/p>\n<p>Wenn Sie ein Profi sind oder dieses Produkt in gr\u00f6\u00dferen Mengen als dem auf der Website angezeigten Bestand ben\u00f6tigen, <a href=\"https:\/\/dreamonwedding.it\/exclusive-italy-wedding-planner\/\">kontaktieren Sie uns<\/ a> um ein individuelles Angebot zu erhalten.<\/p>\n<p>Folgen Sie uns auf <a href=\"https:\/\/www.instagram.com\/dreamon_emporio\/\" target=\"_blank\" rel=\"noopener\">Instagram<\/a>, um sich inspirieren zu lassen, oder besuchen Sie uns auf unserer <a href=\"https:\/\/g.page\/ dream-on-emporio?we\" target=\"_blank\" rel=\"noopener\">Showroom!<\/a><\/p>\n","protected":false},"excerpt":{"rendered":"<p>Wundersch\u00f6ner Anh\u00e4nger mit einem klassisch aussehenden Votivherz aus Metall, verziert mit Perlmutt und eleganten Strasssteinen in antiker Goldfarbe.<\/p>\n<p>Seine Form eignet sich perfekt f\u00fcr Dekorationen.<\/p>\n","protected":false},"featured_media":21235,"comment_status":"open","ping_status":"closed","template":"","meta":[],"product_brand":[],"product_cat":[648],"product_tag":[834,860,859,862,858,863,861],"class_list":{"0":"post-22097","1":"product","2":"type-product","3":"status-publish","4":"has-post-thumbnail","6":"product_cat-dekorationen","7":"product_tag-dekoration","8":"product_tag-ex-voto-de","9":"product_tag-gold","10":"product_tag-herz","11":"product_tag-metall","12":"product_tag-perlmutt","13":"product_tag-strasssteine","15":"first","16":"instock","17":"taxable","18":"shipping-taxable","19":"purchasable","20":"product-type-variable"},"_links":{"self":[{"href":"https:\/\/dreamonwedding.it\/de\/wp-json\/wp\/v2\/product\/22097","targetHints":{"allow":["GET"]}}],"collection":[{"href":"https:\/\/dreamonwedding.it\/de\/wp-json\/wp\/v2\/product"}],"about":[{"href":"https:\/\/dreamonwedding.it\/de\/wp-json\/wp\/v2\/types\/product"}],"replies":[{"embeddable":true,"href":"https:\/\/dreamonwedding.it\/de\/wp-json\/wp\/v2\/comments?post=22097"}],"wp:featuredmedia":[{"embeddable":true,"href":"https:\/\/dreamonwedding.it\/de\/wp-json\/wp\/v2\/media\/21235"}],"wp:attachment":[{"href":"https:\/\/dreamonwedding.it\/de\/wp-json\/wp\/v2\/media?parent=22097"}],"wp:term":[{"taxonomy":"product_brand","embeddable":true,"href":"https:\/\/dreamonwedding.it\/de\/wp-json\/wp\/v2\/product_brand?post=22097"},{"taxonomy":"product_cat","embeddable":true,"href":"https:\/\/dreamonwedding.it\/de\/wp-json\/wp\/v2\/product_cat?post=22097"},{"taxonomy":"product_tag","embeddable":true,"href":"https:\/\/dreamonwedding.it\/de\/wp-json\/wp\/v2\/product_tag?post=22097"}],"curies":[{"name":"wp","href":"https:\/\/api.w.org\/{rel}","templated":true}]}}