{"id":22100,"date":"2020-08-19T15:20:16","date_gmt":"2020-08-19T13:20:16","guid":{"rendered":"https:\/\/dreamonwedding.it\/product\/kerzenhalter-bugia-zinn\/"},"modified":"2020-08-19T15:20:16","modified_gmt":"2020-08-19T13:20:16","slug":"kerzenhalter-bugia-zinn","status":"publish","type":"product","link":"https:\/\/dreamonwedding.it\/de\/produkt\/kerzenhalter-bugia-zinn\/","title":{"rendered":"Kerzenhalter Bugia &#8211; Zinn"},"content":{"rendered":"<h6>H\u00fcbscher Kerzenst\u00e4nder aus aschefarbenem Metall mit industriellem Effekt.<\/h6>\n<p>Hergestellt aus sternf\u00f6rmig gefalteter Dose, ist es ein sehr originelles und ideales Objekt f\u00fcr die Tischdekoration bei einer Veranstaltung oder als Innendekoration f\u00fcr zu Hause.<br \/>\nDie matte Aschefarbe passt hervorragend zu pastellfarbenen Kerzen.<\/p>\n<p>Der Bugia-Kerzenst\u00e4nder aus Metall (gefaltete Dose) eignet sich perfekt f\u00fcr rustikale, l\u00e4ndliche und industrielle Umgebungen.<\/p>\n<p>&nbsp;<\/p>\n<p>Wir garantieren Expresszustellung per DHL-Kurier (2-3 Werktage).<\/p>\n<p>Wenn Sie ein Profi sind oder dieses Produkt in gr\u00f6\u00dferen Mengen als dem auf der Website angezeigten Bestand ben\u00f6tigen<a href=\"https:\/\/dreamonwedding.it\/exclusive-italy-wedding-planner\/\">kontaktieren Sie uns<\/ a> um ein individuelles Angebot zu erhalten.<\/p>\n<p>Alle unsere Produkte finden Sie auch in unserem <a href=\"https:\/\/g.page\/dream-on-emporio?gm\"> Emporio, besuchen Sie uns im Showroom!<\/a><\/ p><\/p>\n","protected":false},"excerpt":{"rendered":"<p>Einzelner Kerzenhalter aus Metall (gefaltete Dose), sternf\u00f6rmig, aschegraue Farbe.<\/p>\n","protected":false},"featured_media":19486,"comment_status":"open","ping_status":"closed","template":"","meta":[],"product_brand":[],"product_cat":[642],"product_tag":[866,834,864,865],"class_list":{"0":"post-22100","1":"product","2":"type-product","3":"status-publish","4":"has-post-thumbnail","6":"product_cat-kronleuchter","7":"product_tag-beleuchtung","8":"product_tag-dekoration","9":"product_tag-leuchter","10":"product_tag-veranstaltungen","12":"first","13":"instock","14":"taxable","15":"shipping-taxable","16":"purchasable","17":"product-type-simple"},"_links":{"self":[{"href":"https:\/\/dreamonwedding.it\/de\/wp-json\/wp\/v2\/product\/22100","targetHints":{"allow":["GET"]}}],"collection":[{"href":"https:\/\/dreamonwedding.it\/de\/wp-json\/wp\/v2\/product"}],"about":[{"href":"https:\/\/dreamonwedding.it\/de\/wp-json\/wp\/v2\/types\/product"}],"replies":[{"embeddable":true,"href":"https:\/\/dreamonwedding.it\/de\/wp-json\/wp\/v2\/comments?post=22100"}],"wp:featuredmedia":[{"embeddable":true,"href":"https:\/\/dreamonwedding.it\/de\/wp-json\/wp\/v2\/media\/19486"}],"wp:attachment":[{"href":"https:\/\/dreamonwedding.it\/de\/wp-json\/wp\/v2\/media?parent=22100"}],"wp:term":[{"taxonomy":"product_brand","embeddable":true,"href":"https:\/\/dreamonwedding.it\/de\/wp-json\/wp\/v2\/product_brand?post=22100"},{"taxonomy":"product_cat","embeddable":true,"href":"https:\/\/dreamonwedding.it\/de\/wp-json\/wp\/v2\/product_cat?post=22100"},{"taxonomy":"product_tag","embeddable":true,"href":"https:\/\/dreamonwedding.it\/de\/wp-json\/wp\/v2\/product_tag?post=22100"}],"curies":[{"name":"wp","href":"https:\/\/api.w.org\/{rel}","templated":true}]}}