{"id":22101,"date":"2020-08-19T16:08:54","date_gmt":"2020-08-19T14:08:54","guid":{"rendered":"https:\/\/dreamonwedding.it\/product\/weise-outdoor-kerze-50h-baumwollbeutel\/"},"modified":"2020-08-19T16:08:54","modified_gmt":"2020-08-19T14:08:54","slug":"weise-outdoor-kerze-50h-baumwollbeutel","status":"publish","type":"product","link":"https:\/\/dreamonwedding.it\/de\/produkt\/weise-outdoor-kerze-50h-baumwollbeutel\/","title":{"rendered":"Wei\u00dfe Outdoor-Kerze 50h \u2013 Baumwollbeutel"},"content":{"rendered":"<h5>Kerze in Geschenkbox. Wei\u00dfe Outdoor-Kerze in einer bearbeiteten Glasvase und geliefert mit einem h\u00fcbschen bedruckten Baumwollbeutel.<\/h5>\n<p>Geeignet f\u00fcr den Einsatz im Freien, dank der robusten, winddichten Kordel.<\/p>\n<p>Die bedruckte Baumwollverpackung in der Farbe Naturleinen ist ein gesch\u00e4tztes Geschenk. Ein Objekt mit modernem und nat\u00fcrlichem Design.<\/p>\n<p>Die Outdoor-Kerze hat eine Brenndauer von 50 Stunden. Es sollte keiner direkten Sonneneinstrahlung ausgesetzt werden und kann bei Temperaturen unter 0\u00b0C brechen.<\/p>\n<p>Wir garantieren Expresszustellung per DHL-Kurier (2-3 Werktage).<\/p>\n<p>Wenn Sie ein Profi sind oder dieses Produkt in gr\u00f6\u00dferen Mengen als dem auf der Website angezeigten Bestand ben\u00f6tigen<a href=\"https:\/\/dreamonwedding.it\/exclusive-italy-wedding-planner\/\">kontaktieren Sie uns<\/ a> um ein individuelles Angebot zu erhalten.<\/p>\n<p>Alle unsere Produkte finden Sie auch in unserem <a href=\"https:\/\/g.page\/dream-on-emporio?gm\"> Emporio, besuchen Sie uns im Showroom!<\/a><\/ p><\/p>\n<p>&nbsp;<\/p>\n","protected":false},"excerpt":{"rendered":"<p>Wei\u00dfe Outdoor-Kerze in Geschenkbox. In einem bedruckten Baumwollbeutel enthalten.<\/p>\n<p>50 Stunden Autonomie, Anti-Wind. Idael als Geschenk oder als Dekoration von G\u00e4rten und Veranden.<\/p>\n<p>&nbsp;<\/p>\n","protected":false},"featured_media":19495,"comment_status":"open","ping_status":"closed","template":"","meta":[],"product_brand":[],"product_cat":[641],"product_tag":[872,871,869,870],"class_list":{"0":"post-22101","1":"product","2":"type-product","3":"status-publish","4":"has-post-thumbnail","6":"product_cat-kerzen","7":"product_tag-extern","8":"product_tag-geschenk","9":"product_tag-kerze","10":"product_tag-tasche","12":"first","13":"instock","14":"taxable","15":"shipping-taxable","16":"purchasable","17":"product-type-variable"},"_links":{"self":[{"href":"https:\/\/dreamonwedding.it\/de\/wp-json\/wp\/v2\/product\/22101","targetHints":{"allow":["GET"]}}],"collection":[{"href":"https:\/\/dreamonwedding.it\/de\/wp-json\/wp\/v2\/product"}],"about":[{"href":"https:\/\/dreamonwedding.it\/de\/wp-json\/wp\/v2\/types\/product"}],"replies":[{"embeddable":true,"href":"https:\/\/dreamonwedding.it\/de\/wp-json\/wp\/v2\/comments?post=22101"}],"wp:featuredmedia":[{"embeddable":true,"href":"https:\/\/dreamonwedding.it\/de\/wp-json\/wp\/v2\/media\/19495"}],"wp:attachment":[{"href":"https:\/\/dreamonwedding.it\/de\/wp-json\/wp\/v2\/media?parent=22101"}],"wp:term":[{"taxonomy":"product_brand","embeddable":true,"href":"https:\/\/dreamonwedding.it\/de\/wp-json\/wp\/v2\/product_brand?post=22101"},{"taxonomy":"product_cat","embeddable":true,"href":"https:\/\/dreamonwedding.it\/de\/wp-json\/wp\/v2\/product_cat?post=22101"},{"taxonomy":"product_tag","embeddable":true,"href":"https:\/\/dreamonwedding.it\/de\/wp-json\/wp\/v2\/product_tag?post=22101"}],"curies":[{"name":"wp","href":"https:\/\/api.w.org\/{rel}","templated":true}]}}