{"id":22104,"date":"2020-08-20T11:02:18","date_gmt":"2020-08-20T09:02:18","guid":{"rendered":"https:\/\/dreamonwedding.it\/product\/zylinderlaterne-aus-glas-2-grosen\/"},"modified":"2020-08-20T11:02:18","modified_gmt":"2020-08-20T09:02:18","slug":"zylinderlaterne-aus-glas-2-grosen","status":"publish","type":"product","link":"https:\/\/dreamonwedding.it\/de\/produkt\/zylinderlaterne-aus-glas-2-grosen\/","title":{"rendered":"Zylinderlaterne aus Glas \u2013 2 Gr\u00f6\u00dfen"},"content":{"rendered":"<h6>Sch\u00f6ne zylindrische Laterne aus Glas, mit Metallsockel, f\u00fcr kleine Kerzen (nicht im Lieferumfang enthalten).<\/h6>\n<p>Aus Glas in Form eines Zylinders gefertigt, ist es ein sehr originelles und ideales Objekt f\u00fcr die Tischdekoration bei einer Veranstaltung oder als Innendekoration f\u00fcr Ihr Zuhause.<\/p>\n<p>Die Glaslaterne eignet sich perfekt f\u00fcr rustikale, l\u00e4ndliche und industrielle Umgebungen.<\/p>\n<p>&nbsp;<\/p>\n<p>Wir garantieren Expresszustellung per DHL-Kurier (2-3 Werktage).<\/p>\n<p>Wenn Sie ein Profi sind oder dieses Produkt in gr\u00f6\u00dferen Mengen als dem auf der Website angezeigten Bestand ben\u00f6tigen<a href=\"https:\/\/dreamonwedding.it\/exclusive-italy-wedding-planner\/\">kontaktieren Sie uns<\/ a> um ein individuelles Angebot zu erhalten.<\/p>\n<p>Alle unsere Produkte finden Sie auch in unserem <a href=\"https:\/\/g.page\/dream-on-emporio?gm\"> Emporio, besuchen Sie uns im Showroom!<\/a><\/ p><\/p>\n<p>In verschiedenen H\u00f6hen erh\u00e4ltlich.<\/p>\n","protected":false},"excerpt":{"rendered":"<p>Zylinderf\u00f6rmige Glaslaterne mit Metallsockel zur Innen- und Au\u00dfenbeleuchtung mit kleinen Kerzen (nicht im Lieferumfang enthalten).<\/p>\n<p>Ideal, um Atmosph\u00e4re im Garten, auf Terrassen oder f\u00fcr Veranstaltungen zu schaffen.<\/p>\n","protected":false},"featured_media":19504,"comment_status":"open","ping_status":"closed","template":"","meta":[],"product_brand":[],"product_cat":[662],"product_tag":[866,843,874,875],"class_list":{"0":"post-22104","1":"product","2":"type-product","3":"status-publish","4":"has-post-thumbnail","6":"product_cat-laternen","7":"product_tag-beleuchtung","8":"product_tag-glas","9":"product_tag-laterne","10":"product_tag-laterne-de","12":"first","13":"instock","14":"taxable","15":"shipping-taxable","16":"purchasable","17":"product-type-variable"},"_links":{"self":[{"href":"https:\/\/dreamonwedding.it\/de\/wp-json\/wp\/v2\/product\/22104","targetHints":{"allow":["GET"]}}],"collection":[{"href":"https:\/\/dreamonwedding.it\/de\/wp-json\/wp\/v2\/product"}],"about":[{"href":"https:\/\/dreamonwedding.it\/de\/wp-json\/wp\/v2\/types\/product"}],"replies":[{"embeddable":true,"href":"https:\/\/dreamonwedding.it\/de\/wp-json\/wp\/v2\/comments?post=22104"}],"wp:featuredmedia":[{"embeddable":true,"href":"https:\/\/dreamonwedding.it\/de\/wp-json\/wp\/v2\/media\/19504"}],"wp:attachment":[{"href":"https:\/\/dreamonwedding.it\/de\/wp-json\/wp\/v2\/media?parent=22104"}],"wp:term":[{"taxonomy":"product_brand","embeddable":true,"href":"https:\/\/dreamonwedding.it\/de\/wp-json\/wp\/v2\/product_brand?post=22104"},{"taxonomy":"product_cat","embeddable":true,"href":"https:\/\/dreamonwedding.it\/de\/wp-json\/wp\/v2\/product_cat?post=22104"},{"taxonomy":"product_tag","embeddable":true,"href":"https:\/\/dreamonwedding.it\/de\/wp-json\/wp\/v2\/product_tag?post=22104"}],"curies":[{"name":"wp","href":"https:\/\/api.w.org\/{rel}","templated":true}]}}