{"id":22107,"date":"2020-08-20T11:42:36","date_gmt":"2020-08-20T09:42:36","guid":{"rendered":"https:\/\/dreamonwedding.it\/product\/glasglocke-3-grosen\/"},"modified":"2020-08-20T11:42:36","modified_gmt":"2020-08-20T09:42:36","slug":"glasglocke-3-grosen","status":"publish","type":"product","link":"https:\/\/dreamonwedding.it\/de\/produkt\/glasglocke-3-grosen\/","title":{"rendered":"Glasglocke \u2013 3 Gr\u00f6\u00dfen"},"content":{"rendered":"<h6>Elegante Glasglocke in verschiedenen Gr\u00f6\u00dfen. Der runde Sockel, ebenfalls aus Glas, verleiht ihm ein minimalistisches und modernes Aussehen.<\/h6>\n<p>Geeignet f\u00fcr verschiedene Arten der Einrichtung bei Veranstaltungen und Hochzeiten sowie f\u00fcr die Innendekoration und -gestaltung. Die Glasglocke ist ein Klassiker mit zeitlosem Charme und bildet die wertvollsten Objekte.<\/p>\n<p>&nbsp;<\/p>\n<p>Wir garantieren Expresszustellung per DHL-Kurier (2-3 Werktage).<\/p>\n<p>Wenn Sie ein Profi sind oder dieses Produkt in gr\u00f6\u00dferen Mengen als dem auf der Website angezeigten Bestand ben\u00f6tigen <a href=\"https:\/\/dreamonwedding.it\/exclusive-italy-wedding-planner\/\">kontaktieren Sie uns< \/a> um ein individuelles Angebot zu erhalten.<\/p>\n<p>Alle unsere Produkte finden Sie in unserem Emporio. Besuchen Sie uns im <a href=\"https:\/\/g.page\/dream-on-emporio?we\" target=\"_blank\" rel=\"noopener\">Showroom .<\/a><\/p>\n<p>&nbsp;<\/p>\n","protected":false},"excerpt":{"rendered":"<p>Elegante und minimalistische Glasglocke. Er ist in verschiedenen Gr\u00f6\u00dfen erh\u00e4ltlich und eignet sich ideal zur Aufbewahrung wertvoller Gegenst\u00e4nde sowie als Dekoration f\u00fcr Veranstaltungen und Innenr\u00e4ume.<\/p>\n","protected":false},"featured_media":19759,"comment_status":"open","ping_status":"closed","template":"","meta":[],"product_brand":[],"product_cat":[643,640],"product_tag":[834,876],"class_list":{"0":"post-22107","1":"product","2":"type-product","3":"status-publish","4":"has-post-thumbnail","6":"product_cat-behalter","7":"product_cat-glasglocke","8":"product_tag-dekoration","9":"product_tag-glasglocke","11":"first","12":"instock","13":"taxable","14":"shipping-taxable","15":"purchasable","16":"product-type-variable"},"_links":{"self":[{"href":"https:\/\/dreamonwedding.it\/de\/wp-json\/wp\/v2\/product\/22107","targetHints":{"allow":["GET"]}}],"collection":[{"href":"https:\/\/dreamonwedding.it\/de\/wp-json\/wp\/v2\/product"}],"about":[{"href":"https:\/\/dreamonwedding.it\/de\/wp-json\/wp\/v2\/types\/product"}],"replies":[{"embeddable":true,"href":"https:\/\/dreamonwedding.it\/de\/wp-json\/wp\/v2\/comments?post=22107"}],"wp:featuredmedia":[{"embeddable":true,"href":"https:\/\/dreamonwedding.it\/de\/wp-json\/wp\/v2\/media\/19759"}],"wp:attachment":[{"href":"https:\/\/dreamonwedding.it\/de\/wp-json\/wp\/v2\/media?parent=22107"}],"wp:term":[{"taxonomy":"product_brand","embeddable":true,"href":"https:\/\/dreamonwedding.it\/de\/wp-json\/wp\/v2\/product_brand?post=22107"},{"taxonomy":"product_cat","embeddable":true,"href":"https:\/\/dreamonwedding.it\/de\/wp-json\/wp\/v2\/product_cat?post=22107"},{"taxonomy":"product_tag","embeddable":true,"href":"https:\/\/dreamonwedding.it\/de\/wp-json\/wp\/v2\/product_tag?post=22107"}],"curies":[{"name":"wp","href":"https:\/\/api.w.org\/{rel}","templated":true}]}}