{"id":22111,"date":"2020-08-20T12:08:34","date_gmt":"2020-08-20T10:08:34","guid":{"rendered":"https:\/\/dreamonwedding.it\/product\/metalltablett-antik\/"},"modified":"2020-08-20T12:08:34","modified_gmt":"2020-08-20T10:08:34","slug":"metalltablett-antik","status":"publish","type":"product","link":"https:\/\/dreamonwedding.it\/de\/produkt\/metalltablett-antik\/","title":{"rendered":"Metalltablett \u2013 Antik"},"content":{"rendered":"<h6>Robustes Metalltablett mit Industrieeffekt.<\/h6>\n<p>Aus Metall gefertigt, ist es ein sehr originelles Objekt und ideal f\u00fcr die Tischdekoration bei einer Veranstaltung oder als Innendekoration f\u00fcr zu Hause.<br \/>\nDie matte Aschefarbe passt hervorragend zu pastellfarbenen Kerzen.<\/p>\n<p>Das Metalltablett eignet sich perfekt f\u00fcr rustikale, l\u00e4ndliche und industrielle Umgebungen.<\/p>\n<p>&nbsp;<\/p>\n<p>Wir garantieren Expresszustellung per DHL-Kurier (2-3 Werktage).<\/p>\n<p>Wenn Sie ein Profi sind oder dieses Produkt in gr\u00f6\u00dferen Mengen als dem auf der Website angezeigten Bestand ben\u00f6tigen<a href=\"https:\/\/dreamonwedding.it\/exclusive-italy-wedding-planner\/\"> kontaktieren Sie uns< \/a> um ein individuelles Angebot zu erhalten.<\/p>\n<p>Alle unsere Produkte finden Sie auch in unserem<a href=\"https:\/\/g.page\/dream-on-emporio?gm\" target=\"_blank\" rel=\"noopener\"> Emporio, kommen Sie uns besuchen im Ausstellungsraum!<\/a><\/p>\n","protected":false},"excerpt":{"rendered":"<p>Metalltablett, es ist ein sehr originelles Objekt und ideal f\u00fcr die Tischdekoration bei einer Veranstaltung oder als Innendekoration f\u00fcr zu Hause.<\/p>\n","protected":false},"featured_media":19753,"comment_status":"open","ping_status":"closed","template":"","meta":[],"product_brand":[],"product_cat":[667],"product_tag":[878,877],"class_list":{"0":"post-22111","1":"product","2":"type-product","3":"status-publish","4":"has-post-thumbnail","6":"product_cat-tabletts","7":"product_tag-dekorationen","8":"product_tag-tabletts","10":"first","11":"outofstock","12":"taxable","13":"shipping-taxable","14":"purchasable","15":"product-type-simple"},"_links":{"self":[{"href":"https:\/\/dreamonwedding.it\/de\/wp-json\/wp\/v2\/product\/22111","targetHints":{"allow":["GET"]}}],"collection":[{"href":"https:\/\/dreamonwedding.it\/de\/wp-json\/wp\/v2\/product"}],"about":[{"href":"https:\/\/dreamonwedding.it\/de\/wp-json\/wp\/v2\/types\/product"}],"replies":[{"embeddable":true,"href":"https:\/\/dreamonwedding.it\/de\/wp-json\/wp\/v2\/comments?post=22111"}],"wp:featuredmedia":[{"embeddable":true,"href":"https:\/\/dreamonwedding.it\/de\/wp-json\/wp\/v2\/media\/19753"}],"wp:attachment":[{"href":"https:\/\/dreamonwedding.it\/de\/wp-json\/wp\/v2\/media?parent=22111"}],"wp:term":[{"taxonomy":"product_brand","embeddable":true,"href":"https:\/\/dreamonwedding.it\/de\/wp-json\/wp\/v2\/product_brand?post=22111"},{"taxonomy":"product_cat","embeddable":true,"href":"https:\/\/dreamonwedding.it\/de\/wp-json\/wp\/v2\/product_cat?post=22111"},{"taxonomy":"product_tag","embeddable":true,"href":"https:\/\/dreamonwedding.it\/de\/wp-json\/wp\/v2\/product_tag?post=22111"}],"curies":[{"name":"wp","href":"https:\/\/api.w.org\/{rel}","templated":true}]}}