{"id":22113,"date":"2020-08-21T09:42:28","date_gmt":"2020-08-21T07:42:28","guid":{"rendered":"https:\/\/dreamonwedding.it\/product\/metallstander-rohblech\/"},"modified":"2020-08-21T09:42:28","modified_gmt":"2020-08-21T07:42:28","slug":"metallstander-rohblech","status":"publish","type":"product","link":"https:\/\/dreamonwedding.it\/de\/produkt\/metallstander-rohblech\/","title":{"rendered":"Metallst\u00e4nder \u2013 Rohblech"},"content":{"rendered":"<h6>St\u00e4nder aus unbeschichtetem, verzinktem Metall, ideal f\u00fcr Arrangements, Tafelaufs\u00e4tze, Empf\u00e4nge oder f\u00fcr die Inneneinrichtung.<\/h6>\n<p>Der Vintage-Stil und die gealterte Patina eignen sich ideal f\u00fcr Kontexte mit rustikalem oder industriellem Stil.<\/p>\n<p>Die sch\u00f6ne oxidierte zinngraue Farbe macht das Objekt interessant und vielseitig.<\/p>\n<p>Der Tortenst\u00e4nder aus Metall ist ein sehr interessantes Objekt. Seine klassische Form im Kontrast zum modernen Finish macht ihn perfekt f\u00fcr viele Arten von M\u00f6beln, au\u00dferdem ist die mittlere Gr\u00f6\u00dfe ideal f\u00fcr die Schaffung pr\u00e4chtiger Tafelaufs\u00e4tze f\u00fcr Ihre Veranstaltungen.<\/ p><\/p>\n<p>&nbsp;<\/p>\n<p>Nicht bei direktem Kontakt mit Fl\u00fcssigkeiten verwenden, die Oxidation setzt sich bei Kontakt mit Feuchtigkeit fort.<\/p>\n<p>&nbsp;<\/p>\n<p>Wir garantieren Expresszustellung per DHL-Kurier (2-3 Werktage).<\/p>\n<p>Wenn Sie ein Profi sind oder dieses Produkt in gr\u00f6\u00dferen Mengen als dem auf der Website angezeigten Bestand ben\u00f6tigen, <a href=\"https:\/\/dreamonwedding.it\/exclusive-italy-wedding-planner\/\">kontaktieren Sie uns<\/ a> um ein individuelles Angebot zu erhalten.<\/p>\n<p>Alle unsere Produkte finden Sie auch auf <a href=\"https:\/\/g.page\/dream-on-emporio?we\">Google Shopping.<\/a><\/p>\n","protected":false},"excerpt":{"rendered":"<p>Unbeschichteter, verzinkter Metallst\u00e4nder. Wundersch\u00f6ner Tafelaufsatz aus Blech mit Antik-Vintage-Effekt.<\/p>\n<p>Ideal als Dekoration f\u00fcr Veranstaltungen und Innenr\u00e4ume.<\/p>\n","protected":false},"featured_media":19738,"comment_status":"open","ping_status":"closed","template":"","meta":[],"product_brand":[],"product_cat":[667],"product_tag":[881,878,877],"class_list":{"0":"post-22113","1":"product","2":"type-product","3":"status-publish","4":"has-post-thumbnail","6":"product_cat-tabletts","7":"product_tag-aufstehen","8":"product_tag-dekorationen","9":"product_tag-tabletts","11":"first","12":"instock","13":"taxable","14":"shipping-taxable","15":"purchasable","16":"product-type-simple"},"_links":{"self":[{"href":"https:\/\/dreamonwedding.it\/de\/wp-json\/wp\/v2\/product\/22113","targetHints":{"allow":["GET"]}}],"collection":[{"href":"https:\/\/dreamonwedding.it\/de\/wp-json\/wp\/v2\/product"}],"about":[{"href":"https:\/\/dreamonwedding.it\/de\/wp-json\/wp\/v2\/types\/product"}],"replies":[{"embeddable":true,"href":"https:\/\/dreamonwedding.it\/de\/wp-json\/wp\/v2\/comments?post=22113"}],"wp:featuredmedia":[{"embeddable":true,"href":"https:\/\/dreamonwedding.it\/de\/wp-json\/wp\/v2\/media\/19738"}],"wp:attachment":[{"href":"https:\/\/dreamonwedding.it\/de\/wp-json\/wp\/v2\/media?parent=22113"}],"wp:term":[{"taxonomy":"product_brand","embeddable":true,"href":"https:\/\/dreamonwedding.it\/de\/wp-json\/wp\/v2\/product_brand?post=22113"},{"taxonomy":"product_cat","embeddable":true,"href":"https:\/\/dreamonwedding.it\/de\/wp-json\/wp\/v2\/product_cat?post=22113"},{"taxonomy":"product_tag","embeddable":true,"href":"https:\/\/dreamonwedding.it\/de\/wp-json\/wp\/v2\/product_tag?post=22113"}],"curies":[{"name":"wp","href":"https:\/\/api.w.org\/{rel}","templated":true}]}}