{"id":22114,"date":"2020-08-21T10:13:24","date_gmt":"2020-08-21T08:13:24","guid":{"rendered":"https:\/\/dreamonwedding.it\/product\/jardinier-pflanzgefas-aus-metall-rohblech-2-grosen\/"},"modified":"2025-06-03T09:02:26","modified_gmt":"2025-06-03T07:02:26","slug":"jardinier-pflanzgefas-aus-metall-rohblech-2-grosen","status":"publish","type":"product","link":"https:\/\/dreamonwedding.it\/de\/produkt\/jardinier-pflanzgefas-aus-metall-rohblech-2-grosen\/","title":{"rendered":"Jardinier \u2013 Pflanzgef\u00e4\u00df aus Metall \u2013 Rohblech \u2013 2 Gr\u00f6\u00dfen"},"content":{"rendered":"<h5>Jardinier \u2013 Pflanzgef\u00e4\u00df aus Metall \u2013 Rohblech<\/h5>\n<p>Herrlicher Jeardinier aus patiniertem, verzinktem Metall, ideal f\u00fcr Arrangements, Tischdekorationen, Empf\u00e4nge oder f\u00fcr die Inneneinrichtung.<\/p>\n<p>Das M\u00f6belst\u00fcck f\u00fcgt sich hervorragend in l\u00e4ndliche Umgebungen ein, es kann als Pflanzgef\u00e4\u00df zur Einrichtung Ihres Gartens oder Ihrer Terrasse oder als Beh\u00e4lter f\u00fcr Dekorationen anl\u00e4sslich Ihrer Hochzeits- und Veranstaltungsarrangements verwendet werden.<\/p>\n<p>Nicht bei direktem Kontakt mit Fl\u00fcssigkeiten verwenden, die Oxidation setzt sich bei Kontakt mit Feuchtigkeit fort.<\/p>\n<p>Folgen Sie unserer <a href=\"https:\/\/www.instagram.com\/dreamon_emporio\/\" target=\"_blank\" rel=\"noopener\">Instagram-Seite<\/a> f\u00fcr Inspiration und Neuigkeiten aus unserem Emporio-Showroom oder kontaktieren Sie uns f\u00fcr weitere Informationen <a href=\" https:\/\/dreamonwedding.it\/exclusive-italy-wedding-planner\/\">Informationen<\/a> zu diesem Produkt.<\/p>\n","protected":false},"excerpt":{"rendered":"<h5>Jardinier \u2013 Pflanzgef\u00e4\u00df aus Metall \u2013 Rohblech<\/h5>\n<p>Herrlicher Jeardinier aus patiniertem, verzinktem Metall, ideal f\u00fcr Arrangements, Tischdekorationen, Empf\u00e4nge oder f\u00fcr die Inneneinrichtung.<\/p>\n","protected":false},"featured_media":19723,"comment_status":"open","ping_status":"closed","template":"","meta":[],"product_brand":[],"product_cat":[643,666],"product_tag":[878,882,883,884],"class_list":{"0":"post-22114","1":"product","2":"type-product","3":"status-publish","4":"has-post-thumbnail","6":"product_cat-behalter","7":"product_cat-vasen","8":"product_tag-dekorationen","9":"product_tag-pflanzgefase","10":"product_tag-vasen","11":"product_tag-zinn","13":"first","14":"instock","15":"taxable","16":"shipping-taxable","17":"purchasable","18":"product-type-variable"},"_links":{"self":[{"href":"https:\/\/dreamonwedding.it\/de\/wp-json\/wp\/v2\/product\/22114","targetHints":{"allow":["GET"]}}],"collection":[{"href":"https:\/\/dreamonwedding.it\/de\/wp-json\/wp\/v2\/product"}],"about":[{"href":"https:\/\/dreamonwedding.it\/de\/wp-json\/wp\/v2\/types\/product"}],"replies":[{"embeddable":true,"href":"https:\/\/dreamonwedding.it\/de\/wp-json\/wp\/v2\/comments?post=22114"}],"wp:featuredmedia":[{"embeddable":true,"href":"https:\/\/dreamonwedding.it\/de\/wp-json\/wp\/v2\/media\/19723"}],"wp:attachment":[{"href":"https:\/\/dreamonwedding.it\/de\/wp-json\/wp\/v2\/media?parent=22114"}],"wp:term":[{"taxonomy":"product_brand","embeddable":true,"href":"https:\/\/dreamonwedding.it\/de\/wp-json\/wp\/v2\/product_brand?post=22114"},{"taxonomy":"product_cat","embeddable":true,"href":"https:\/\/dreamonwedding.it\/de\/wp-json\/wp\/v2\/product_cat?post=22114"},{"taxonomy":"product_tag","embeddable":true,"href":"https:\/\/dreamonwedding.it\/de\/wp-json\/wp\/v2\/product_tag?post=22114"}],"curies":[{"name":"wp","href":"https:\/\/api.w.org\/{rel}","templated":true}]}}