{"id":22117,"date":"2020-08-21T10:29:58","date_gmt":"2020-08-21T08:29:58","guid":{"rendered":"https:\/\/dreamonwedding.it\/product\/metallbehalter-rohblech-4er-set\/"},"modified":"2024-09-22T15:48:53","modified_gmt":"2024-09-22T13:48:53","slug":"metallbehalter-rohblech-4er-set","status":"publish","type":"product","link":"https:\/\/dreamonwedding.it\/de\/produkt\/metallbehalter-rohblech-4er-set\/","title":{"rendered":"Metallbeh\u00e4lter \u2013 Rohblech \u2013 4er-Set"},"content":{"rendered":"<h5>Beh\u00e4lter aus matt verzinktem Metall.<\/h5>\n<p>4er-Set, ideal f\u00fcr Arrangements, Tafelaufs\u00e4tze, Empf\u00e4nge oder f\u00fcr die Inneneinrichtung.<\/p>\n<p>Das Set in verschiedenen Gr\u00f6\u00dfen ist f\u00fcr Dekorateure und Floristen konzipiert, eignet sich aber auch hervorragend als M\u00f6belst\u00fcck f\u00fcr die Inneneinrichtung im Allgemeinen.<\/p>\n<p>Nicht bei direktem Kontakt mit Fl\u00fcssigkeiten verwenden, die Oxidation setzt sich bei Kontakt mit Feuchtigkeit fort.<\/p>\n<p>&nbsp;<\/p>\n<p>Wenn Sie Inspiration f\u00fcr die Verwendung dieser wundersch\u00f6nen Beh\u00e4lter in roher Zinnfarbe suchen, folgen Sie unserer Seite<a href=\"https:\/\/www.instagram.com\/dreamon_emporio\/\" target=\"_blank\" rel=\"noopener\">Instagram<\/a> oder kommen Sie vorbei Finden Sie uns im <a href=\"https:\/\/dreamonwedding.it\/exclusive-italy-wedding-planner\/\">Showroom.<\/a><\/p>\n","protected":false},"excerpt":{"rendered":"<p>Beh\u00e4lter aus undurchsichtigem, verzinktem Metall. 4er-Set, in verschiedenen Gr\u00f6\u00dfen: \u23009, \u230012, \u230016, \u230018<\/p>\n","protected":false},"featured_media":19708,"comment_status":"open","ping_status":"closed","template":"","meta":[],"product_brand":[],"product_cat":[643,666],"product_tag":[880,878,885],"class_list":{"0":"post-22117","1":"product","2":"type-product","3":"status-publish","4":"has-post-thumbnail","6":"product_cat-behalter","7":"product_cat-vasen","8":"product_tag-behalter","9":"product_tag-dekorationen","10":"product_tag-kernstuck","12":"first","13":"instock","14":"taxable","15":"shipping-taxable","16":"purchasable","17":"product-type-simple"},"_links":{"self":[{"href":"https:\/\/dreamonwedding.it\/de\/wp-json\/wp\/v2\/product\/22117","targetHints":{"allow":["GET"]}}],"collection":[{"href":"https:\/\/dreamonwedding.it\/de\/wp-json\/wp\/v2\/product"}],"about":[{"href":"https:\/\/dreamonwedding.it\/de\/wp-json\/wp\/v2\/types\/product"}],"replies":[{"embeddable":true,"href":"https:\/\/dreamonwedding.it\/de\/wp-json\/wp\/v2\/comments?post=22117"}],"wp:featuredmedia":[{"embeddable":true,"href":"https:\/\/dreamonwedding.it\/de\/wp-json\/wp\/v2\/media\/19708"}],"wp:attachment":[{"href":"https:\/\/dreamonwedding.it\/de\/wp-json\/wp\/v2\/media?parent=22117"}],"wp:term":[{"taxonomy":"product_brand","embeddable":true,"href":"https:\/\/dreamonwedding.it\/de\/wp-json\/wp\/v2\/product_brand?post=22117"},{"taxonomy":"product_cat","embeddable":true,"href":"https:\/\/dreamonwedding.it\/de\/wp-json\/wp\/v2\/product_cat?post=22117"},{"taxonomy":"product_tag","embeddable":true,"href":"https:\/\/dreamonwedding.it\/de\/wp-json\/wp\/v2\/product_tag?post=22117"}],"curies":[{"name":"wp","href":"https:\/\/api.w.org\/{rel}","templated":true}]}}