{"id":22121,"date":"2020-08-21T10:57:32","date_gmt":"2020-08-21T08:57:32","guid":{"rendered":"https:\/\/dreamonwedding.it\/product\/kerzenhalter-aus-glas-silber-finish\/"},"modified":"2020-08-21T10:57:32","modified_gmt":"2020-08-21T08:57:32","slug":"kerzenhalter-aus-glas-silber-finish","status":"publish","type":"product","link":"https:\/\/dreamonwedding.it\/de\/produkt\/kerzenhalter-aus-glas-silber-finish\/","title":{"rendered":"Kerzenhalter aus Glas \u2013 Silber-Finish"},"content":{"rendered":"<h5>Kerzenhalter aus mercurisiertem Glas mit silberner Oberfl\u00e4che.<\/h5>\n<p>Eleganter einflammiger Kerzenhalter aus gemei\u00dfeltem Glas mit merzerisierter Oberfl\u00e4che. Perfekt als Dekoration f\u00fcr raffinierte Partytische und als Einrichtungsaccessoire f\u00fcr Innenr\u00e4ume.<\/p>\n<p>Dekoration f\u00fcr die Inszenierung von Hochzeiten, Veranstaltungen und Zeremonien.<\/p>\n<p>In verschiedenen Gr\u00f6\u00dfen erh\u00e4ltlich.<\/p>\n<p>Folgen Sie uns auf <a href=\"https:\/\/www.instagram.com\/dreamon_emporio\/\" target=\"_blank\" rel=\"noopener\">Instagram<\/a> f\u00fcr Inspirationen, wenn Sie mehr \u00fcber diesen Artikel erfahren m\u00f6chten <a href=\"https:\/ \/dreamonwedding .it\/exclusive-italy-wedding-planner\/\">kontaktieren Sie uns<\/a><\/p>\n<p>&nbsp;<\/p>\n","protected":false},"excerpt":{"rendered":"<h5>Kerzenhalter aus mercurisiertem Glas mit silberner Oberfl\u00e4che.<\/h5>\n<p>Eleganter einflammiger Kerzenhalter aus gemei\u00dfeltem Glas mit merzerisierter Oberfl\u00e4che. Perfekt als Dekoration f\u00fcr raffinierte Partytische und als Einrichtungsaccessoire f\u00fcr Innenr\u00e4ume.<\/p>\n<p>Erh\u00e4ltlich in verschiedenen Gr\u00f6\u00dfen und Ausf\u00fchrungen.<\/p>\n","protected":false},"featured_media":19678,"comment_status":"open","ping_status":"closed","template":"","meta":[],"product_brand":[],"product_cat":[642],"product_tag":[878,843,886],"class_list":{"0":"post-22121","1":"product","2":"type-product","3":"status-publish","4":"has-post-thumbnail","6":"product_cat-kronleuchter","7":"product_tag-dekorationen","8":"product_tag-glas","9":"product_tag-kerzenhalter","11":"first","12":"instock","13":"taxable","14":"shipping-taxable","15":"purchasable","16":"product-type-variable"},"_links":{"self":[{"href":"https:\/\/dreamonwedding.it\/de\/wp-json\/wp\/v2\/product\/22121","targetHints":{"allow":["GET"]}}],"collection":[{"href":"https:\/\/dreamonwedding.it\/de\/wp-json\/wp\/v2\/product"}],"about":[{"href":"https:\/\/dreamonwedding.it\/de\/wp-json\/wp\/v2\/types\/product"}],"replies":[{"embeddable":true,"href":"https:\/\/dreamonwedding.it\/de\/wp-json\/wp\/v2\/comments?post=22121"}],"wp:featuredmedia":[{"embeddable":true,"href":"https:\/\/dreamonwedding.it\/de\/wp-json\/wp\/v2\/media\/19678"}],"wp:attachment":[{"href":"https:\/\/dreamonwedding.it\/de\/wp-json\/wp\/v2\/media?parent=22121"}],"wp:term":[{"taxonomy":"product_brand","embeddable":true,"href":"https:\/\/dreamonwedding.it\/de\/wp-json\/wp\/v2\/product_brand?post=22121"},{"taxonomy":"product_cat","embeddable":true,"href":"https:\/\/dreamonwedding.it\/de\/wp-json\/wp\/v2\/product_cat?post=22121"},{"taxonomy":"product_tag","embeddable":true,"href":"https:\/\/dreamonwedding.it\/de\/wp-json\/wp\/v2\/product_tag?post=22121"}],"curies":[{"name":"wp","href":"https:\/\/api.w.org\/{rel}","templated":true}]}}