{"id":22125,"date":"2020-08-21T11:14:54","date_gmt":"2020-08-21T09:14:54","guid":{"rendered":"https:\/\/dreamonwedding.it\/product\/kerzenhalter-aus-glas-teelicht-2\/"},"modified":"2020-08-21T11:14:54","modified_gmt":"2020-08-21T09:14:54","slug":"kerzenhalter-aus-glas-teelicht-2","status":"publish","type":"product","link":"https:\/\/dreamonwedding.it\/de\/produkt\/kerzenhalter-aus-glas-teelicht-2\/","title":{"rendered":"Kerzenhalter aus Glas &#8211; Teelicht"},"content":{"rendered":"<h5>Kerzenhalter aus Quecksilberglas mit silberner Oberfl\u00e4che.<\/h5>\n<p>H\u00fcbscher Kerzenhalter aus Glas, ideal als Dekoration f\u00fcr den Tisch oder f\u00fcr zu Hause. Das mit geometrischen Reliefmustern gravierte Glas verleiht dem Objekt ein raffiniertes und interessantes Aussehen.<\/p>\n<p>Einrichtung, Dekoration f\u00fcr Hochzeiten, Events oder Partys oder ein kleines Geschenk.<\/p>\n<p>Es kann ein Teelicht in Standardgr\u00f6\u00dfe aufnehmen.<\/p>\n<p>Die Silberfolie wird bei Kontakt mit Fl\u00fcssigkeiten besch\u00e4digt.<\/p>\n<p>Ideal f\u00fcr Innendekoration, Veranstaltungen, Zeremonien und Einrichtung im Allgemeinen.<\/p>\n<p>&nbsp;<\/p>\n<p>F\u00fcr weitere Inspiration folgen Sie uns auf <a href=\"https:\/\/www.instagram.com\/dreamon_emporio\/\" target=\"_blank\" rel=\"noopener\">Instagram<\/a> oder besuchen Sie unsere <a href=\"https:\/\/dreamonwedding.it \/dreamon-shop\/\">shop.<\/a><\/p>\n","protected":false},"excerpt":{"rendered":"<p>Kerzenhalter aus mercurisiertem Glas, Silber-Finish.<\/p>\n<p>H\u00fcbscher Kerzenhalter aus Glas, ideal als Dekoration f\u00fcr den Tisch oder f\u00fcr zu Hause.<\/p>\n<p>Nicht in Kontakt mit Fl\u00fcssigkeiten verwenden.<\/p>\n","protected":false},"featured_media":19681,"comment_status":"open","ping_status":"closed","template":"","meta":[],"product_brand":[],"product_cat":[664,641],"product_tag":[878,887,875],"class_list":{"0":"post-22125","1":"product","2":"type-product","3":"status-publish","4":"has-post-thumbnail","6":"product_cat-kerzenhalter","7":"product_cat-kerzen","8":"product_tag-dekorationen","9":"product_tag-kerzenhalter-de","10":"product_tag-laterne-de","12":"first","13":"outofstock","14":"taxable","15":"shipping-taxable","16":"purchasable","17":"product-type-simple"},"_links":{"self":[{"href":"https:\/\/dreamonwedding.it\/de\/wp-json\/wp\/v2\/product\/22125","targetHints":{"allow":["GET"]}}],"collection":[{"href":"https:\/\/dreamonwedding.it\/de\/wp-json\/wp\/v2\/product"}],"about":[{"href":"https:\/\/dreamonwedding.it\/de\/wp-json\/wp\/v2\/types\/product"}],"replies":[{"embeddable":true,"href":"https:\/\/dreamonwedding.it\/de\/wp-json\/wp\/v2\/comments?post=22125"}],"wp:featuredmedia":[{"embeddable":true,"href":"https:\/\/dreamonwedding.it\/de\/wp-json\/wp\/v2\/media\/19681"}],"wp:attachment":[{"href":"https:\/\/dreamonwedding.it\/de\/wp-json\/wp\/v2\/media?parent=22125"}],"wp:term":[{"taxonomy":"product_brand","embeddable":true,"href":"https:\/\/dreamonwedding.it\/de\/wp-json\/wp\/v2\/product_brand?post=22125"},{"taxonomy":"product_cat","embeddable":true,"href":"https:\/\/dreamonwedding.it\/de\/wp-json\/wp\/v2\/product_cat?post=22125"},{"taxonomy":"product_tag","embeddable":true,"href":"https:\/\/dreamonwedding.it\/de\/wp-json\/wp\/v2\/product_tag?post=22125"}],"curies":[{"name":"wp","href":"https:\/\/api.w.org\/{rel}","templated":true}]}}