{"id":22126,"date":"2020-08-21T11:19:10","date_gmt":"2020-08-21T09:19:10","guid":{"rendered":"https:\/\/dreamonwedding.it\/product\/glasschale-silber-finish\/"},"modified":"2024-10-27T17:18:28","modified_gmt":"2024-10-27T16:18:28","slug":"glasschale-silber-finish","status":"publish","type":"product","link":"https:\/\/dreamonwedding.it\/de\/produkt\/glasschale-silber-finish\/","title":{"rendered":"Glasschale \u2013 Silber-Finish"},"content":{"rendered":"<h6>Becher aus Quecksilberglas mit Silberfinish.<\/h6>\n<p>Ideal f\u00fcr Innendekoration, Veranstaltungen, Zeremonien und Einrichtung im Allgemeinen.<\/p>\n<p>Nicht bei direktem Kontakt mit Fl\u00fcssigkeiten verwenden, da sonst die silberne Oberfl\u00e4che verschwindet.<\/p>\n<p>Wir garantieren Expresszustellung per DHL-Kurier (2-3 Werktage).<\/p>\n<p>Wenn Sie ein Profi sind oder dieses Produkt in gr\u00f6\u00dferen Mengen als dem auf der Website angezeigten Bestand ben\u00f6tigen <a href=\"https:\/\/dreamonwedding.it\/exclusive-italy-wedding-planner\/\">kontaktieren Sie uns< \/a> um ein individuelles Angebot zu erhalten.<\/p>\n<p>Alle unsere Produkte finden Sie auch auf <a href=\"https:\/\/g.page\/dream-on-emporio?we\" target=\"_blank\" rel=\"noopener\">Google Shopping.<\/a> <\/p>\n","protected":false},"excerpt":{"rendered":"<p>Schale aus quecksilberhaltigem Glas, Silberfinish.<\/p>\n<p>Nicht in Kontakt mit Fl\u00fcssigkeiten verwenden.<\/p>\n","protected":false},"featured_media":19675,"comment_status":"open","ping_status":"closed","template":"","meta":[],"product_brand":[],"product_cat":[666,644],"product_tag":[878,843,888],"class_list":{"0":"post-22126","1":"product","2":"type-product","3":"status-publish","4":"has-post-thumbnail","6":"product_cat-vasen","7":"product_cat-tasse-de","8":"product_tag-dekorationen","9":"product_tag-glas","10":"product_tag-tasse","12":"first","13":"outofstock","14":"taxable","15":"shipping-taxable","16":"purchasable","17":"product-type-simple"},"_links":{"self":[{"href":"https:\/\/dreamonwedding.it\/de\/wp-json\/wp\/v2\/product\/22126","targetHints":{"allow":["GET"]}}],"collection":[{"href":"https:\/\/dreamonwedding.it\/de\/wp-json\/wp\/v2\/product"}],"about":[{"href":"https:\/\/dreamonwedding.it\/de\/wp-json\/wp\/v2\/types\/product"}],"replies":[{"embeddable":true,"href":"https:\/\/dreamonwedding.it\/de\/wp-json\/wp\/v2\/comments?post=22126"}],"wp:featuredmedia":[{"embeddable":true,"href":"https:\/\/dreamonwedding.it\/de\/wp-json\/wp\/v2\/media\/19675"}],"wp:attachment":[{"href":"https:\/\/dreamonwedding.it\/de\/wp-json\/wp\/v2\/media?parent=22126"}],"wp:term":[{"taxonomy":"product_brand","embeddable":true,"href":"https:\/\/dreamonwedding.it\/de\/wp-json\/wp\/v2\/product_brand?post=22126"},{"taxonomy":"product_cat","embeddable":true,"href":"https:\/\/dreamonwedding.it\/de\/wp-json\/wp\/v2\/product_cat?post=22126"},{"taxonomy":"product_tag","embeddable":true,"href":"https:\/\/dreamonwedding.it\/de\/wp-json\/wp\/v2\/product_tag?post=22126"}],"curies":[{"name":"wp","href":"https:\/\/api.w.org\/{rel}","templated":true}]}}