{"id":22127,"date":"2020-08-21T11:31:58","date_gmt":"2020-08-21T09:31:58","guid":{"rendered":"https:\/\/dreamonwedding.it\/product\/kerzenhalter-aus-eisen-bemalt-3-grosen\/"},"modified":"2025-06-02T07:56:52","modified_gmt":"2025-06-02T05:56:52","slug":"kerzenhalter-aus-eisen-bemalt-3-grosen","status":"publish","type":"product","link":"https:\/\/dreamonwedding.it\/de\/produkt\/kerzenhalter-aus-eisen-bemalt-3-grosen\/","title":{"rendered":"Kerzenhalter aus Eisen \u2013 bemalt \u2013 3 Gr\u00f6\u00dfen"},"content":{"rendered":"<h6>Kerzenhalter aus schwarz lackiertem Schmiedeeisen.<\/h6>\n<p>Der Kerzenst\u00e4nder ist etwas ganz Besonderes, da er f\u00fcr die Aufnahme zylindrischer Kerzen mit unterschiedlichen Durchmessern geeignet ist:<\/p>\n<ul>\n<li>Gr\u00f6\u00dfe S: Kerze mit 2,2 cm Durchmesser<\/li>\n<li>Gr\u00f6\u00dfe M: Kerze mit 3 cm Durchmesser<\/li>\n<li>Gr\u00f6\u00dfe L: Kerzen mit einem Durchmesser von 4 cm<\/li>\n<\/ul>\n<p>Kerzen sind in unserem Shop erh\u00e4ltlich und separat erh\u00e4ltlich.<\/p>\n<p>Wir garantieren Expresszustellung per DHL-Kurier (2-3 Werktage).<\/p>\n<p>Wenn Sie ein Profi sind oder dieses Produkt in gr\u00f6\u00dferen Mengen als dem auf der Website angezeigten Bestand ben\u00f6tigen<em><a href=\"https:\/\/dreamonwedding.it\/exclusive-italy-wedding-planner\/\"> Kontaktieren Sie uns< \/a> <\/em>um ein individuelles Angebot zu erhalten.<\/p>\n<p>Alle unsere Produkte finden Sie auch in unserem <em><a href=\"https:\/\/g.page\/dream-on-emporio?gm\" target=\"_blank\" rel=\"noopener\"> Emporio Besuchen Sie uns im Showroom!<\/a><\/em><\/p>\n","protected":false},"excerpt":{"rendered":"<p>Einzelkerzenhalter aus Eisen, schwarz lackiert.<\/p>\n<p>In verschiedenen Gr\u00f6\u00dfen erh\u00e4ltlich.<\/p>\n","protected":false},"featured_media":20821,"comment_status":"open","ping_status":"closed","template":"","meta":[],"product_brand":[],"product_cat":[642],"product_tag":[878,875,864],"class_list":{"0":"post-22127","1":"product","2":"type-product","3":"status-publish","4":"has-post-thumbnail","6":"product_cat-kronleuchter","7":"product_tag-dekorationen","8":"product_tag-laterne-de","9":"product_tag-leuchter","11":"first","12":"instock","13":"taxable","14":"shipping-taxable","15":"purchasable","16":"product-type-variable"},"_links":{"self":[{"href":"https:\/\/dreamonwedding.it\/de\/wp-json\/wp\/v2\/product\/22127","targetHints":{"allow":["GET"]}}],"collection":[{"href":"https:\/\/dreamonwedding.it\/de\/wp-json\/wp\/v2\/product"}],"about":[{"href":"https:\/\/dreamonwedding.it\/de\/wp-json\/wp\/v2\/types\/product"}],"replies":[{"embeddable":true,"href":"https:\/\/dreamonwedding.it\/de\/wp-json\/wp\/v2\/comments?post=22127"}],"wp:featuredmedia":[{"embeddable":true,"href":"https:\/\/dreamonwedding.it\/de\/wp-json\/wp\/v2\/media\/20821"}],"wp:attachment":[{"href":"https:\/\/dreamonwedding.it\/de\/wp-json\/wp\/v2\/media?parent=22127"}],"wp:term":[{"taxonomy":"product_brand","embeddable":true,"href":"https:\/\/dreamonwedding.it\/de\/wp-json\/wp\/v2\/product_brand?post=22127"},{"taxonomy":"product_cat","embeddable":true,"href":"https:\/\/dreamonwedding.it\/de\/wp-json\/wp\/v2\/product_cat?post=22127"},{"taxonomy":"product_tag","embeddable":true,"href":"https:\/\/dreamonwedding.it\/de\/wp-json\/wp\/v2\/product_tag?post=22127"}],"curies":[{"name":"wp","href":"https:\/\/api.w.org\/{rel}","templated":true}]}}