{"id":22131,"date":"2020-08-21T11:43:20","date_gmt":"2020-08-21T09:43:20","guid":{"rendered":"https:\/\/dreamonwedding.it\/product\/kerzenstander-aus-naturholz-hohe-33-cm\/"},"modified":"2024-11-10T05:36:56","modified_gmt":"2024-11-10T04:36:56","slug":"kerzenstander-aus-naturholz-hohe-33-cm","status":"publish","type":"product","link":"https:\/\/dreamonwedding.it\/de\/produkt\/kerzenstander-aus-naturholz-hohe-33-cm\/","title":{"rendered":"Kerzenst\u00e4nder aus Naturholz \u2013 H\u00f6he 33 cm"},"content":{"rendered":"<h6>Rustikaler Kerzenst\u00e4nder aus Naturholz. Stiel aus rohem, bearbeitetem Holz, auf der Basis des Kerzenst\u00e4nders, aus antikisiertem Metall.<\/h6>\n<p>Es ist mit einem Stift ausgestattet, um die Kerze stabil zu halten.<\/p>\n<p>Hergestellt aus massivem und nat\u00fcrlichem Holz, handgefertigt, jeder Kerzenst\u00e4nder hat eine etwas andere Drehung als der andere.<\/p>\n<p>Wir garantieren Expresszustellung per DHL-Kurier (2-3 Werktage).<\/p>\n<p>Wenn Sie ein Profi sind oder dieses Produkt in gr\u00f6\u00dferen Mengen als dem auf der Website angezeigten Bestand ben\u00f6tigen<a href=\"https:\/\/dreamonwedding.it\/exclusive-italy-wedding-planner\/\"> kontaktieren Sie uns< \/a> um ein individuelles Angebot zu erhalten.<\/p>\n<p>Alle unsere Produkte finden Sie auch in unserem<a href=\"https:\/\/g.page\/dream-on-emporio?gm\" target=\"_blank\" rel=\"noopener\"> Emporio, kommen Sie uns besuchen im Ausstellungsraum!<\/a><\/p>\n","protected":false},"excerpt":{"rendered":"<p>Kerzenst\u00e4nder aus Naturholz im Vintage-Look. Ideal f\u00fcr Umgebungen mit rustikalem und nat\u00fcrlichem Look.<\/p>\n","protected":false},"featured_media":19669,"comment_status":"open","ping_status":"closed","template":"","meta":[],"product_brand":[],"product_cat":[642],"product_tag":[878,889,886],"class_list":{"0":"post-22131","1":"product","2":"type-product","3":"status-publish","4":"has-post-thumbnail","6":"product_cat-kronleuchter","7":"product_tag-dekorationen","8":"product_tag-holz","9":"product_tag-kerzenhalter","11":"first","12":"instock","13":"taxable","14":"shipping-taxable","15":"purchasable","16":"product-type-simple"},"_links":{"self":[{"href":"https:\/\/dreamonwedding.it\/de\/wp-json\/wp\/v2\/product\/22131","targetHints":{"allow":["GET"]}}],"collection":[{"href":"https:\/\/dreamonwedding.it\/de\/wp-json\/wp\/v2\/product"}],"about":[{"href":"https:\/\/dreamonwedding.it\/de\/wp-json\/wp\/v2\/types\/product"}],"replies":[{"embeddable":true,"href":"https:\/\/dreamonwedding.it\/de\/wp-json\/wp\/v2\/comments?post=22131"}],"wp:featuredmedia":[{"embeddable":true,"href":"https:\/\/dreamonwedding.it\/de\/wp-json\/wp\/v2\/media\/19669"}],"wp:attachment":[{"href":"https:\/\/dreamonwedding.it\/de\/wp-json\/wp\/v2\/media?parent=22131"}],"wp:term":[{"taxonomy":"product_brand","embeddable":true,"href":"https:\/\/dreamonwedding.it\/de\/wp-json\/wp\/v2\/product_brand?post=22131"},{"taxonomy":"product_cat","embeddable":true,"href":"https:\/\/dreamonwedding.it\/de\/wp-json\/wp\/v2\/product_cat?post=22131"},{"taxonomy":"product_tag","embeddable":true,"href":"https:\/\/dreamonwedding.it\/de\/wp-json\/wp\/v2\/product_tag?post=22131"}],"curies":[{"name":"wp","href":"https:\/\/api.w.org\/{rel}","templated":true}]}}