{"id":22132,"date":"2020-08-21T12:01:53","date_gmt":"2020-08-21T10:01:53","guid":{"rendered":"https:\/\/dreamonwedding.it\/product\/glaslaterne-metallrahmen-2-grosen\/"},"modified":"2020-08-21T12:01:53","modified_gmt":"2020-08-21T10:01:53","slug":"glaslaterne-metallrahmen-2-grosen","status":"publish","type":"product","link":"https:\/\/dreamonwedding.it\/de\/produkt\/glaslaterne-metallrahmen-2-grosen\/","title":{"rendered":"Glaslaterne \u2013 Metallrahmen \u2013 2 Gr\u00f6\u00dfen"},"content":{"rendered":"<h6>Gro\u00dfe Glaslaterne mit schwarzem Metallrahmen<\/h6>\n<p>Glaslaterne, lackiertes Metallgestell, schwarz.<\/p>\n<p>Ideal f\u00fcr die Dekoration von Au\u00dfenbereichen wie G\u00e4rten und Terrassen sowie f\u00fcr die Ausrichtung von Veranstaltungen und Zeremonien.<\/p>\n<p>Die gro\u00dfe Laterne hat ein minimalistisches und modernes Aussehen, ideal f\u00fcr viele Arten von M\u00f6beln und Dekorationen, perfekt zum Halten von Kerzen verschiedener Gr\u00f6\u00dfen. Wird in der Innendekoration als M\u00f6belst\u00fcck oder zur Schaffung einer pr\u00e4chtigen, verzauberten Atmosph\u00e4re bei Hochzeits- und Veranstaltungsarrangements verwendet.<\/p>\n<p>Eine Laterne mit modernem Look. Erh\u00e4ltlich in zwei Gr\u00f6\u00dfen, aus mattschwarz lackiertem Metall.<br \/>\nJede Laterne verf\u00fcgt \u00fcber eine seitliche \u00d6ffnung zum Einsetzen einer oder mehrerer Kerzen oder Dekomaterial. Dank des Gelenkgriffs k\u00f6nnen sie aufgeh\u00e4ngt werden.<\/p>\n<p>Diese Laternen sind sehr vielseitig und k\u00f6nnen zu jeder Jahreszeit eine eindrucksvolle und einladende Atmosph\u00e4re schaffen!<\/p>\n<p>&nbsp;<\/p>\n<p>Wir garantieren Expresszustellung per DHL-Kurier (2-3 Werktage).<\/p>\n<p>Wenn Sie ein Profi sind oder dieses Produkt in gr\u00f6\u00dferen Mengen als dem auf der Website angezeigten Bestand ben\u00f6tigen <a href=\"https:\/\/dreamonwedding.it\/exclusive-italy-wedding-planner\/\">kontaktieren Sie uns< \/a> um ein individuelles Angebot zu erhalten.<\/p>\n<p>&nbsp;<\/p>\n<p>Folgen Sie unserer Seite <a href=\"https:\/\/www.instagram.com\/dreamon_emporio\/\" target=\"_blank\" rel=\"noopener\">Instagram<\/a> f\u00fcr Inspiration oder besuchen Sie uns auf <a href=\"https:\/\/g. page\/dream -on-emporio\">Showroom.<\/a><\/p>\n","protected":false},"excerpt":{"rendered":"<h6>Gro\u00dfe Glaslaterne mit schwarzem Metallrahmen<\/h6>\n<p>Glaslaterne, lackiertes Metallgestell, schwarz.<\/p>\n<p>Ideal f\u00fcr die Dekoration von Au\u00dfenbereichen wie G\u00e4rten und Terrassen sowie f\u00fcr die Ausrichtung von Veranstaltungen und Zeremonien.<\/p>\n","protected":false},"featured_media":19660,"comment_status":"open","ping_status":"closed","template":"","meta":[],"product_brand":[],"product_cat":[664,662],"product_tag":[878,874,875],"class_list":{"0":"post-22132","1":"product","2":"type-product","3":"status-publish","4":"has-post-thumbnail","6":"product_cat-kerzenhalter","7":"product_cat-laternen","8":"product_tag-dekorationen","9":"product_tag-laterne","10":"product_tag-laterne-de","12":"first","13":"outofstock","14":"taxable","15":"shipping-taxable","16":"purchasable","17":"product-type-variable"},"_links":{"self":[{"href":"https:\/\/dreamonwedding.it\/de\/wp-json\/wp\/v2\/product\/22132","targetHints":{"allow":["GET"]}}],"collection":[{"href":"https:\/\/dreamonwedding.it\/de\/wp-json\/wp\/v2\/product"}],"about":[{"href":"https:\/\/dreamonwedding.it\/de\/wp-json\/wp\/v2\/types\/product"}],"replies":[{"embeddable":true,"href":"https:\/\/dreamonwedding.it\/de\/wp-json\/wp\/v2\/comments?post=22132"}],"wp:featuredmedia":[{"embeddable":true,"href":"https:\/\/dreamonwedding.it\/de\/wp-json\/wp\/v2\/media\/19660"}],"wp:attachment":[{"href":"https:\/\/dreamonwedding.it\/de\/wp-json\/wp\/v2\/media?parent=22132"}],"wp:term":[{"taxonomy":"product_brand","embeddable":true,"href":"https:\/\/dreamonwedding.it\/de\/wp-json\/wp\/v2\/product_brand?post=22132"},{"taxonomy":"product_cat","embeddable":true,"href":"https:\/\/dreamonwedding.it\/de\/wp-json\/wp\/v2\/product_cat?post=22132"},{"taxonomy":"product_tag","embeddable":true,"href":"https:\/\/dreamonwedding.it\/de\/wp-json\/wp\/v2\/product_tag?post=22132"}],"curies":[{"name":"wp","href":"https:\/\/api.w.org\/{rel}","templated":true}]}}