{"id":22135,"date":"2020-08-21T12:15:21","date_gmt":"2020-08-21T10:15:21","guid":{"rendered":"https:\/\/dreamonwedding.it\/product\/metallrahmen-schwarz\/"},"modified":"2020-08-21T12:15:21","modified_gmt":"2020-08-21T10:15:21","slug":"metallrahmen-schwarz","status":"publish","type":"product","link":"https:\/\/dreamonwedding.it\/de\/produkt\/metallrahmen-schwarz\/","title":{"rendered":"Metallrahmen &#8211; Schwarz"},"content":{"rendered":"<h6>Metallrahmen<\/h6>\n<p>Ideal zum Komponieren Ihres Tableau de Mariage.<\/p>\n<p>Hergestellt aus doppeltem und transparentem Glas, mit hochwertigem schwarzem Metall, <span class=\"a-list-item\">was es robust und leicht zu reinigen macht.<\/span><\/p>\n<p><span class=\"a-list-item\">Der Rahmen hat einen Haken zum einfachen Aufh\u00e4ngen an der Wand.<\/span><\/p>\n<p><span class=\"a-list-item\">Das Design der gro\u00dfen Glasoberfl\u00e4che mit schwarzem Metallrahmen verleiht jedem Kunstwerk modernen Geschmack, Stil und Pers\u00f6nlichkeit.<\/span><\/p >\n<p>Wir garantieren Expresszustellung per DHL-Kurier (2-3 Werktage).<\/p>\n<p>Wenn Sie ein Profi sind oder dieses Produkt in gr\u00f6\u00dferen Mengen als dem auf der Website angezeigten Bestand ben\u00f6tigen<a href=\"https:\/\/dreamonwedding.it\/index.php\/contatti\"> kontaktieren Sie uns<\/a> f\u00fcr einen personalisiertes Angebot.<\/p>\n<p>Alle unsere Produkte finden Sie auch in unserem<a href=\"https:\/\/g.page\/dream-on-emporio?gm\" target=\"_blank\" rel=\"noopener\"> Emporio, kommen Sie uns besuchen im Ausstellungsraum!<\/a><\/p>\n<p>Folgen Sie uns auf <a href=\"https:\/\/www.instagram.com\/dreamon_emporio\/\" target=\"_blank\" rel=\"noopener\">Instagram!<\/a><\/p>\n","protected":false},"excerpt":{"rendered":"<p>Metallrahmen, schwarze Farbe<\/p>\n<p>Ideal zum Komponieren Ihres Tableau de Mariage.<\/p>\n<p>Hergestellt aus doppeltem und transparentem Glas, mit hochwertigem schwarzem Metall, <span class=\"a-list-item\">was es robust und leicht zu reinigen macht.<\/span><\/p>\n<p>&nbsp;<\/p>\n<p>&nbsp;<\/p>\n","protected":false},"featured_media":19648,"comment_status":"open","ping_status":"closed","template":"","meta":[],"product_brand":[],"product_cat":[645],"product_tag":[878,858,890],"class_list":{"0":"post-22135","1":"product","2":"type-product","3":"status-publish","4":"has-post-thumbnail","6":"product_cat-gesims","7":"product_tag-dekorationen","8":"product_tag-metall","9":"product_tag-rahmen","11":"first","12":"outofstock","13":"taxable","14":"shipping-taxable","15":"purchasable","16":"product-type-simple"},"_links":{"self":[{"href":"https:\/\/dreamonwedding.it\/de\/wp-json\/wp\/v2\/product\/22135","targetHints":{"allow":["GET"]}}],"collection":[{"href":"https:\/\/dreamonwedding.it\/de\/wp-json\/wp\/v2\/product"}],"about":[{"href":"https:\/\/dreamonwedding.it\/de\/wp-json\/wp\/v2\/types\/product"}],"replies":[{"embeddable":true,"href":"https:\/\/dreamonwedding.it\/de\/wp-json\/wp\/v2\/comments?post=22135"}],"wp:featuredmedia":[{"embeddable":true,"href":"https:\/\/dreamonwedding.it\/de\/wp-json\/wp\/v2\/media\/19648"}],"wp:attachment":[{"href":"https:\/\/dreamonwedding.it\/de\/wp-json\/wp\/v2\/media?parent=22135"}],"wp:term":[{"taxonomy":"product_brand","embeddable":true,"href":"https:\/\/dreamonwedding.it\/de\/wp-json\/wp\/v2\/product_brand?post=22135"},{"taxonomy":"product_cat","embeddable":true,"href":"https:\/\/dreamonwedding.it\/de\/wp-json\/wp\/v2\/product_cat?post=22135"},{"taxonomy":"product_tag","embeddable":true,"href":"https:\/\/dreamonwedding.it\/de\/wp-json\/wp\/v2\/product_tag?post=22135"}],"curies":[{"name":"wp","href":"https:\/\/api.w.org\/{rel}","templated":true}]}}