{"id":22136,"date":"2020-11-26T11:01:47","date_gmt":"2020-11-26T10:01:47","guid":{"rendered":"https:\/\/dreamonwedding.it\/product\/samtband\/"},"modified":"2020-11-26T11:01:47","modified_gmt":"2020-11-26T10:01:47","slug":"samtband","status":"publish","type":"product","link":"https:\/\/dreamonwedding.it\/de\/produkt\/samtband\/","title":{"rendered":"Samtband"},"content":{"rendered":"<h6>Samtband<\/h6>\n<p>Wundersch\u00f6nes Samtband, erh\u00e4ltlich in verschiedenen Farben, ideal zum Dekorieren von Brautstr\u00e4u\u00dfen und raffinierten Geschenkverpackungen.<\/p>\n","protected":false},"excerpt":{"rendered":"<p>Samtband. Verschiedene Farben.<\/p>\n","protected":false},"featured_media":19630,"comment_status":"open","ping_status":"closed","template":"","meta":[],"product_brand":[],"product_cat":[648],"product_tag":[902,878],"class_list":{"0":"post-22136","1":"product","2":"type-product","3":"status-publish","4":"has-post-thumbnail","6":"product_cat-dekorationen","7":"product_tag-bander","8":"product_tag-dekorationen","10":"first","11":"outofstock","12":"taxable","13":"shipping-taxable","14":"purchasable","15":"product-type-variable"},"_links":{"self":[{"href":"https:\/\/dreamonwedding.it\/de\/wp-json\/wp\/v2\/product\/22136","targetHints":{"allow":["GET"]}}],"collection":[{"href":"https:\/\/dreamonwedding.it\/de\/wp-json\/wp\/v2\/product"}],"about":[{"href":"https:\/\/dreamonwedding.it\/de\/wp-json\/wp\/v2\/types\/product"}],"replies":[{"embeddable":true,"href":"https:\/\/dreamonwedding.it\/de\/wp-json\/wp\/v2\/comments?post=22136"}],"wp:featuredmedia":[{"embeddable":true,"href":"https:\/\/dreamonwedding.it\/de\/wp-json\/wp\/v2\/media\/19630"}],"wp:attachment":[{"href":"https:\/\/dreamonwedding.it\/de\/wp-json\/wp\/v2\/media?parent=22136"}],"wp:term":[{"taxonomy":"product_brand","embeddable":true,"href":"https:\/\/dreamonwedding.it\/de\/wp-json\/wp\/v2\/product_brand?post=22136"},{"taxonomy":"product_cat","embeddable":true,"href":"https:\/\/dreamonwedding.it\/de\/wp-json\/wp\/v2\/product_cat?post=22136"},{"taxonomy":"product_tag","embeddable":true,"href":"https:\/\/dreamonwedding.it\/de\/wp-json\/wp\/v2\/product_tag?post=22136"}],"curies":[{"name":"wp","href":"https:\/\/api.w.org\/{rel}","templated":true}]}}