{"id":22148,"date":"2020-11-26T12:26:25","date_gmt":"2020-11-26T11:26:25","guid":{"rendered":"https:\/\/dreamonwedding.it\/product\/seidenschleife\/"},"modified":"2025-06-06T05:29:08","modified_gmt":"2025-06-06T03:29:08","slug":"seidenschleife","status":"publish","type":"product","link":"https:\/\/dreamonwedding.it\/de\/produkt\/seidenschleife\/","title":{"rendered":"Seidenschleife"},"content":{"rendered":"<h6>Seidenband \u2013 Verschiedene Farben<\/h6>\n<p>Edles Seidenband mit Fransenkanten, 3 m lang, 2,5 cm dick, Holzspule.<\/p>\n<p>Dieses Band eignet sich perfekt als Dekoration f\u00fcr Ihre Hochzeit und Veranstaltung \u2013 geeignet zum Binden des Brautstrau\u00dfes, von Servietten oder Hochzeitsbriefpapier.<\/p>\n<p>Sch\u00f6nes Seidenband eignet sich zum Verschlie\u00dfen wertvoller und raffinierter Geschenkverpackungen.<\/p>\n<p>&nbsp;<\/p>\n<p>Wir garantieren Expresszustellung per DHL-Kurier (2-3 Werktage).<\/p>\n<p>Wenn Sie ein Profi sind oder dieses Produkt in gr\u00f6\u00dferen Mengen als dem auf der Website angezeigten Bestand ben\u00f6tigen<a href=\"https:\/\/dreamonwedding.it\/index.php\/contatti\">kontaktieren Sie uns<\/a>, um es zu erhalten ein individuelles Angebot.<\/p>\n<p>Alle unsere Produkte finden Sie auch in unserem <a href=\"https:\/\/g.page\/dream-on-emporio?gm\"> Emporio, besuchen Sie uns im Showroom!<\/a><\/ p><\/p>\n<p>&nbsp;<\/p>\n<p>Folgen Sie uns zur Inspiration auf <a href=\"https:\/\/www.instagram.com\/dreamon_emporio\/\" target=\"_blank\" rel=\"noopener\">Instagram <\/a>oder <a href=\"https:\/\/dreamonwedding.it\/exclusive-italy\" -wedding>kontaktieren Sie uns.<\/a><\/p>\n","protected":false},"excerpt":{"rendered":"<h6>Seidenband \u2013 Verschiedene Farben<\/h6>\n<p>Edles Seidenband mit Fransenkanten, 3 m lang, 2,5 cm dick, Holzspule.<\/p>\n<p>Ideal f\u00fcr Brautstrau\u00df.<\/p>\n","protected":false},"featured_media":19561,"comment_status":"open","ping_status":"closed","template":"","meta":[],"product_brand":[],"product_cat":[648],"product_tag":[902,878],"class_list":{"0":"post-22148","1":"product","2":"type-product","3":"status-publish","4":"has-post-thumbnail","6":"product_cat-dekorationen","7":"product_tag-bander","8":"product_tag-dekorationen","10":"first","11":"outofstock","12":"taxable","13":"shipping-taxable","14":"purchasable","15":"product-type-variable"},"_links":{"self":[{"href":"https:\/\/dreamonwedding.it\/de\/wp-json\/wp\/v2\/product\/22148","targetHints":{"allow":["GET"]}}],"collection":[{"href":"https:\/\/dreamonwedding.it\/de\/wp-json\/wp\/v2\/product"}],"about":[{"href":"https:\/\/dreamonwedding.it\/de\/wp-json\/wp\/v2\/types\/product"}],"replies":[{"embeddable":true,"href":"https:\/\/dreamonwedding.it\/de\/wp-json\/wp\/v2\/comments?post=22148"}],"wp:featuredmedia":[{"embeddable":true,"href":"https:\/\/dreamonwedding.it\/de\/wp-json\/wp\/v2\/media\/19561"}],"wp:attachment":[{"href":"https:\/\/dreamonwedding.it\/de\/wp-json\/wp\/v2\/media?parent=22148"}],"wp:term":[{"taxonomy":"product_brand","embeddable":true,"href":"https:\/\/dreamonwedding.it\/de\/wp-json\/wp\/v2\/product_brand?post=22148"},{"taxonomy":"product_cat","embeddable":true,"href":"https:\/\/dreamonwedding.it\/de\/wp-json\/wp\/v2\/product_cat?post=22148"},{"taxonomy":"product_tag","embeddable":true,"href":"https:\/\/dreamonwedding.it\/de\/wp-json\/wp\/v2\/product_tag?post=22148"}],"curies":[{"name":"wp","href":"https:\/\/api.w.org\/{rel}","templated":true}]}}