{"id":22161,"date":"2020-11-26T16:48:57","date_gmt":"2020-11-26T15:48:57","guid":{"rendered":"https:\/\/dreamonwedding.it\/product\/amphore-glasierte-terrakotta\/"},"modified":"2020-11-26T16:48:57","modified_gmt":"2020-11-26T15:48:57","slug":"amphore-glasierte-terrakotta","status":"publish","type":"product","link":"https:\/\/dreamonwedding.it\/de\/produkt\/amphore-glasierte-terrakotta\/","title":{"rendered":"Amphore \u2013 glasierte Terrakotta"},"content":{"rendered":"<h6>Glasierte Terrakotta-Amphore \u2013 handgefertigt<\/h6>\n<p>Gro\u00dfe Vintage-Terrakotta-Vasen, handgefertigt von erfahrenen T\u00f6pfern.<\/p>\n<p>Craquel\u00e9-Emaille, milchig-wei\u00dfe Farbe.<br \/>\nIdeal f\u00fcr Hochzeits- und Eventdekorationen im Freien oder rustikale Innendekoration.<\/p>\n<p>Wir garantieren Expresszustellung per DHL-Kurier (2-3 Werktage).<\/p>\n<p>Wenn Sie ein Profi sind oder dieses Produkt in gr\u00f6\u00dferen Mengen als dem auf der Website angezeigten Bestand ben\u00f6tigen<a href=\"https:\/\/dreamonwedding.it\/index.php\/contatti\"> kontaktieren Sie uns<\/a> f\u00fcr einen personalisiertes Angebot.<\/p>\n<p>Alle unsere Produkte finden Sie auch in unserem<a href=\"https:\/\/g.page\/dream-on-emporio?gm\" target=\"_blank\" rel=\"noopener\"> Emporio, kommen Sie uns besuchen im Ausstellungsraum!<\/a><\/p>\n","protected":false},"excerpt":{"rendered":"<p>Vintage-Amphore aus glasierter Terrakotta, handgefertigt von erfahrenen T\u00f6pfern.<\/p>\n<p>Craquel\u00e9-Emaille, milchig-wei\u00dfe Farbe.<\/p>\n","protected":false},"featured_media":19552,"comment_status":"open","ping_status":"closed","template":"","meta":[],"product_brand":[],"product_cat":[643,648,666],"product_tag":[916,834,673],"class_list":{"0":"post-22161","1":"product","2":"type-product","3":"status-publish","4":"has-post-thumbnail","6":"product_cat-behalter","7":"product_cat-dekorationen","8":"product_cat-vasen","9":"product_tag-amphora","10":"product_tag-dekoration","11":"product_tag-vase-de","13":"first","14":"outofstock","15":"taxable","16":"shipping-taxable","17":"purchasable","18":"product-type-variable"},"_links":{"self":[{"href":"https:\/\/dreamonwedding.it\/de\/wp-json\/wp\/v2\/product\/22161","targetHints":{"allow":["GET"]}}],"collection":[{"href":"https:\/\/dreamonwedding.it\/de\/wp-json\/wp\/v2\/product"}],"about":[{"href":"https:\/\/dreamonwedding.it\/de\/wp-json\/wp\/v2\/types\/product"}],"replies":[{"embeddable":true,"href":"https:\/\/dreamonwedding.it\/de\/wp-json\/wp\/v2\/comments?post=22161"}],"wp:featuredmedia":[{"embeddable":true,"href":"https:\/\/dreamonwedding.it\/de\/wp-json\/wp\/v2\/media\/19552"}],"wp:attachment":[{"href":"https:\/\/dreamonwedding.it\/de\/wp-json\/wp\/v2\/media?parent=22161"}],"wp:term":[{"taxonomy":"product_brand","embeddable":true,"href":"https:\/\/dreamonwedding.it\/de\/wp-json\/wp\/v2\/product_brand?post=22161"},{"taxonomy":"product_cat","embeddable":true,"href":"https:\/\/dreamonwedding.it\/de\/wp-json\/wp\/v2\/product_cat?post=22161"},{"taxonomy":"product_tag","embeddable":true,"href":"https:\/\/dreamonwedding.it\/de\/wp-json\/wp\/v2\/product_tag?post=22161"}],"curies":[{"name":"wp","href":"https:\/\/api.w.org\/{rel}","templated":true}]}}