{"id":22168,"date":"2021-01-15T10:51:03","date_gmt":"2021-01-15T09:51:03","guid":{"rendered":"https:\/\/dreamonwedding.it\/product\/hangelampe-aus-metallgeflecht-messing-finish\/"},"modified":"2021-01-15T10:51:03","modified_gmt":"2021-01-15T09:51:03","slug":"hangelampe-aus-metallgeflecht-messing-finish","status":"publish","type":"product","link":"https:\/\/dreamonwedding.it\/de\/produkt\/hangelampe-aus-metallgeflecht-messing-finish\/","title":{"rendered":"H\u00e4ngelampe aus Metallgeflecht \u2013 Messing-Finish"},"content":{"rendered":"<h6>Lampe aus Metallgeflecht \u2013 Messing<\/h6>\n<p>H\u00e4ngelampe aus Metallgeflecht. Der goldfarbene Metallhammer ist handgefertigt und weist ein unregelm\u00e4\u00dfiges Muster auf, das ihm den \u201eTopf\u201c-Look verleiht. Der Stil ist sehr zeitgen\u00f6ssisch und passt sowohl zu Umgebungen mit industriellem Flair als auch zu eklektischeren Atmosph\u00e4ren.<\/p>\n<p>Jede Lampe verf\u00fcgt \u00fcber eine E27-Lampenfassung und ein langes Stromkabel, das mit satingrauem Stoff ummantelt ist.<\/p>\n<p>&nbsp;<\/p>\n<p>&nbsp;<\/p>\n<p>Wir garantieren Expresszustellung per DHL-Kurier (2-3 Werktage).<\/p>\n<p>Wenn Sie ein Profi sind oder dieses Produkt in gr\u00f6\u00dferen Mengen als dem auf der Website angezeigten Bestand ben\u00f6tigen<em><a href=\"https:\/\/dreamonwedding.it\/exclusive-italy-wedding-planner\/\"> Kontaktieren Sie uns< \/a> <\/em>um ein individuelles Angebot zu erhalten.<\/p>\n<p>Alle unsere Produkte finden Sie auch in unserem <em><a href=\"https:\/\/g.page\/dream-on-emporio?gm\" target=\"_blank\" rel=\"noopener\"> Emporio Besuchen Sie uns im Showroom!<\/a><\/em><\/p>\n","protected":false},"excerpt":{"rendered":"<p>Metall-H\u00e4ngeleuchte aus Metall, Messing-Finish, in zwei Gr\u00f6\u00dfen.<\/p>\n<p>E27-Lampenfassung, Elektrokabel mit satingrauem Stoff \u00fcberzogen, in zwei L\u00e4ngen.<\/p>\n<p>&nbsp;<\/p>\n","protected":false},"featured_media":19525,"comment_status":"open","ping_status":"closed","template":"","meta":[],"product_brand":[],"product_cat":[661],"product_tag":[919,920,921],"class_list":{"0":"post-22168","1":"product","2":"type-product","3":"status-publish","4":"has-post-thumbnail","6":"product_cat-lampen","7":"product_tag-lampe-de","8":"product_tag-lampenschirm","9":"product_tag-leuchter-de","11":"first","12":"instock","13":"taxable","14":"shipping-taxable","15":"purchasable","16":"product-type-variable"},"_links":{"self":[{"href":"https:\/\/dreamonwedding.it\/de\/wp-json\/wp\/v2\/product\/22168","targetHints":{"allow":["GET"]}}],"collection":[{"href":"https:\/\/dreamonwedding.it\/de\/wp-json\/wp\/v2\/product"}],"about":[{"href":"https:\/\/dreamonwedding.it\/de\/wp-json\/wp\/v2\/types\/product"}],"replies":[{"embeddable":true,"href":"https:\/\/dreamonwedding.it\/de\/wp-json\/wp\/v2\/comments?post=22168"}],"wp:featuredmedia":[{"embeddable":true,"href":"https:\/\/dreamonwedding.it\/de\/wp-json\/wp\/v2\/media\/19525"}],"wp:attachment":[{"href":"https:\/\/dreamonwedding.it\/de\/wp-json\/wp\/v2\/media?parent=22168"}],"wp:term":[{"taxonomy":"product_brand","embeddable":true,"href":"https:\/\/dreamonwedding.it\/de\/wp-json\/wp\/v2\/product_brand?post=22168"},{"taxonomy":"product_cat","embeddable":true,"href":"https:\/\/dreamonwedding.it\/de\/wp-json\/wp\/v2\/product_cat?post=22168"},{"taxonomy":"product_tag","embeddable":true,"href":"https:\/\/dreamonwedding.it\/de\/wp-json\/wp\/v2\/product_tag?post=22168"}],"curies":[{"name":"wp","href":"https:\/\/api.w.org\/{rel}","templated":true}]}}