{"id":22174,"date":"2021-01-15T12:02:20","date_gmt":"2021-01-15T11:02:20","guid":{"rendered":"https:\/\/dreamonwedding.it\/product\/antiker-messingrahmen\/"},"modified":"2021-01-15T12:02:20","modified_gmt":"2021-01-15T11:02:20","slug":"antiker-messingrahmen","status":"publish","type":"product","link":"https:\/\/dreamonwedding.it\/de\/produkt\/antiker-messingrahmen\/","title":{"rendered":"Antiker Messingrahmen"},"content":{"rendered":"<h6>ANTIKER MESSINGRAHMEN \u2013 DOPPELGLAS<\/h6>\n<p>Herrlicher Messingrahmen, wundersch\u00f6n handgefertigt und im Antik-Look gefertigt. Die solide Messingkonstruktion verbindet sich nahtlos mit dem doppelt verglasten Innenraum und bietet den perfekten Hintergrund f\u00fcr alle Arten von Kunstwerken, von Fotografien und Andenken bis hin zu Skizzen und Skizzen oder Drucken.<\/p>\n<p>Die Rahmen sind zum Aufh\u00e4ngen mit einer Kette, ebenfalls aus Messing, zur Innendekoration vorgesehen.<\/p>\n<p>Das Metall wird mit traditionellen indischen Werkzeugen fachm\u00e4nnisch um das Glas geschwei\u00dft; Dieser handwerkliche Prozess f\u00fchrt dazu, dass sich an den N\u00e4hten jedes Teils Schwei\u00dfspuren befinden, ein Merkmal, das wir lieben, da es die Geschichte der Herstellung des Produkts erz\u00e4hlt.<\/p>\n<p>Ideal f\u00fcr die Heimdekoration oder zum Erstellen origineller Hochzeitstafeln oder Dekorationen f\u00fcr Hochzeiten und Veranstaltungen.<\/p>\n<p>Folgen Sie unserer Seite <a href=\"https:\/\/www.instagram.com\/dreamon_emporio\/\" target=\"_blank\" rel=\"noopener\">Instagram<\/a>, um \u00fcber unsere Neuigkeiten auf dem Laufenden zu bleiben, oder besuchen Sie uns unter <a href=\"https: \/\/dreamonwedding.it\/exclusive-italy-wedding-planner\/\">Showroom.<\/a><\/p>\n<p>&nbsp;<\/p>\n","protected":false},"excerpt":{"rendered":"<p>Doppelt verglaster Rahmen aus antikem Messing.<\/p>\n<p>Erh\u00e4ltlich in verschiedenen Gr\u00f6\u00dfen und Formen.<\/p>\n<p>Blattgold separat erh\u00e4ltlich.<\/p>\n","protected":false},"featured_media":19483,"comment_status":"open","ping_status":"closed","template":"","meta":[],"product_brand":[],"product_cat":[648,645],"product_tag":[924,859,879],"class_list":{"0":"post-22174","1":"product","2":"type-product","3":"status-publish","4":"has-post-thumbnail","6":"product_cat-dekorationen","7":"product_cat-gesims","8":"product_tag-gesims","9":"product_tag-gold","10":"product_tag-messing","12":"first","13":"instock","14":"taxable","15":"shipping-taxable","16":"purchasable","17":"product-type-variable"},"_links":{"self":[{"href":"https:\/\/dreamonwedding.it\/de\/wp-json\/wp\/v2\/product\/22174","targetHints":{"allow":["GET"]}}],"collection":[{"href":"https:\/\/dreamonwedding.it\/de\/wp-json\/wp\/v2\/product"}],"about":[{"href":"https:\/\/dreamonwedding.it\/de\/wp-json\/wp\/v2\/types\/product"}],"replies":[{"embeddable":true,"href":"https:\/\/dreamonwedding.it\/de\/wp-json\/wp\/v2\/comments?post=22174"}],"wp:featuredmedia":[{"embeddable":true,"href":"https:\/\/dreamonwedding.it\/de\/wp-json\/wp\/v2\/media\/19483"}],"wp:attachment":[{"href":"https:\/\/dreamonwedding.it\/de\/wp-json\/wp\/v2\/media?parent=22174"}],"wp:term":[{"taxonomy":"product_brand","embeddable":true,"href":"https:\/\/dreamonwedding.it\/de\/wp-json\/wp\/v2\/product_brand?post=22174"},{"taxonomy":"product_cat","embeddable":true,"href":"https:\/\/dreamonwedding.it\/de\/wp-json\/wp\/v2\/product_cat?post=22174"},{"taxonomy":"product_tag","embeddable":true,"href":"https:\/\/dreamonwedding.it\/de\/wp-json\/wp\/v2\/product_tag?post=22174"}],"curies":[{"name":"wp","href":"https:\/\/api.w.org\/{rel}","templated":true}]}}