{"id":22178,"date":"2021-01-15T12:11:20","date_gmt":"2021-01-15T11:11:20","guid":{"rendered":"https:\/\/dreamonwedding.it\/product\/kleine-platzhalterbox-glas-und-messing\/"},"modified":"2025-06-05T19:27:16","modified_gmt":"2025-06-05T17:27:16","slug":"kleine-platzhalterbox-glas-und-messing","status":"publish","type":"product","link":"https:\/\/dreamonwedding.it\/de\/produkt\/kleine-platzhalterbox-glas-und-messing\/","title":{"rendered":"Kleine Platzhalterbox \u2013 Glas und Messing"},"content":{"rendered":"<h6>KLEINE DEKORATIVE TISCHKARTENBOX<\/h6>\n<p>Wir lieben diese kleinen dekorativen Glasboxen, sie haben die perfekte Gr\u00f6\u00dfe, um Leckereien oder Andenken aufzubewahren. Sie k\u00f6nnen als raffinierte Tischkarte, entz\u00fcckende Cadeaux oder ausgefallene Weihnachtsdekoration verwendet werden. Schm\u00fccken Sie Ihre Arrangements mit kleinen raffinierten Details, f\u00fcllen Sie sie mit zartem Blattwerk, Federn oder anderen kleinen Souvenirs. Neben Dekorationen sind sie auch ein wirklich zauberhaftes, personalisiertes Geschenk.<\/p>\n<p>Das Metall wird mit traditionellen indischen Werkzeugen fachm\u00e4nnisch um das Glas geschwei\u00dft; Dieser handwerkliche Prozess f\u00fchrt dazu, dass sich an den N\u00e4hten jedes Teils Schwei\u00dfspuren befinden, ein Merkmal, das wir lieben, da es die Geschichte der Herstellung des Produkts erz\u00e4hlt.<\/p>\n<p>Wir garantieren Expresszustellung per DHL-Kurier (2-3 Werktage).<\/p>\n<p>Wenn Sie ein Profi sind oder dieses Produkt in gr\u00f6\u00dferen Mengen als dem auf der Website angezeigten Bestand ben\u00f6tigen <a href=\"https:\/\/dreamonwedding.it\/exclusive-italy-wedding-planner\/\">kontaktieren Sie uns< \/a> um ein individuelles Angebot zu erhalten.<\/p>\n<p>Um \u00fcber Neuigkeiten zu unseren Produkten auf dem Laufenden zu bleiben, folgen Sie uns auf <a href=\"https:\/\/www.instagram.com\/dreamon_emporio\/\" target=\"_blank\" rel=\"noopener\">Instagram<\/a><\/p>\n<div class=\"prod-collapse-content\"><\/div>\n","protected":false},"excerpt":{"rendered":"<p>Kleine dekorative Platzhalterbox aus Glas und Messing.<\/p>\n<p>&nbsp;<\/p>\n","protected":false},"featured_media":19474,"comment_status":"open","ping_status":"closed","template":"","meta":[],"product_brand":[],"product_cat":[643,648],"product_tag":[859,927,931,879,926],"class_list":{"0":"post-22178","1":"product","2":"type-product","3":"status-publish","4":"has-post-thumbnail","6":"product_cat-behalter","7":"product_cat-dekorationen","8":"product_tag-gold","9":"product_tag-hochzeitsgeschenk","10":"product_tag-kasten","11":"product_tag-messing","12":"product_tag-platzhalter","14":"first","15":"instock","16":"taxable","17":"shipping-taxable","18":"purchasable","19":"product-type-simple"},"_links":{"self":[{"href":"https:\/\/dreamonwedding.it\/de\/wp-json\/wp\/v2\/product\/22178","targetHints":{"allow":["GET"]}}],"collection":[{"href":"https:\/\/dreamonwedding.it\/de\/wp-json\/wp\/v2\/product"}],"about":[{"href":"https:\/\/dreamonwedding.it\/de\/wp-json\/wp\/v2\/types\/product"}],"replies":[{"embeddable":true,"href":"https:\/\/dreamonwedding.it\/de\/wp-json\/wp\/v2\/comments?post=22178"}],"wp:featuredmedia":[{"embeddable":true,"href":"https:\/\/dreamonwedding.it\/de\/wp-json\/wp\/v2\/media\/19474"}],"wp:attachment":[{"href":"https:\/\/dreamonwedding.it\/de\/wp-json\/wp\/v2\/media?parent=22178"}],"wp:term":[{"taxonomy":"product_brand","embeddable":true,"href":"https:\/\/dreamonwedding.it\/de\/wp-json\/wp\/v2\/product_brand?post=22178"},{"taxonomy":"product_cat","embeddable":true,"href":"https:\/\/dreamonwedding.it\/de\/wp-json\/wp\/v2\/product_cat?post=22178"},{"taxonomy":"product_tag","embeddable":true,"href":"https:\/\/dreamonwedding.it\/de\/wp-json\/wp\/v2\/product_tag?post=22178"}],"curies":[{"name":"wp","href":"https:\/\/api.w.org\/{rel}","templated":true}]}}