{"id":22179,"date":"2021-01-15T12:26:14","date_gmt":"2021-01-15T11:26:14","guid":{"rendered":"https:\/\/dreamonwedding.it\/product\/schmuckkastchen-aus-glas-und-messing\/"},"modified":"2025-06-03T01:05:02","modified_gmt":"2025-06-02T23:05:02","slug":"schmuckkastchen-aus-glas-und-messing","status":"publish","type":"product","link":"https:\/\/dreamonwedding.it\/de\/produkt\/schmuckkastchen-aus-glas-und-messing\/","title":{"rendered":"Schmuckk\u00e4stchen aus Glas und Messing"},"content":{"rendered":"<h6>SCHMUCKKASTEN AUS GLAS UND MESSING \u2013 HONEYCOMB<\/h6>\n<p>Wundersch\u00f6ne Waben-Schmuckschatulle aus handgeschwei\u00dftem Messing mit verspiegeltem Boden.<\/p>\n<p>Dieses atemberaubende St\u00fcck mit einem attraktiven und praktischen Wabendesign ist ideal f\u00fcr die Aufbewahrung von Schmuck, Manschettenkn\u00f6pfen und anderen kleinen Gegenst\u00e4nden.<\/p>\n<p>Das Metall wird mit traditionellen Werkzeugen fachm\u00e4nnisch um das Glas geschwei\u00dft; Dieser handwerkliche Prozess f\u00fchrt dazu, dass sich an den N\u00e4hten jedes Teils Schwei\u00dfspuren befinden, ein Merkmal, das wir lieben, da es die Geschichte der Herstellung des Produkts erz\u00e4hlt.<\/p>\n<p>Unser Produkt besteht aus Messing mit Spiegelbasis, einem soliden und kratzfesten Material und ist mit einem Deckel ausgestattet, der sich sehr leicht \u00f6ffnen und schlie\u00dfen l\u00e4sst.<\/p>\n<p>Wenn Sie ein Profi sind oder dieses Produkt in gr\u00f6\u00dferen Mengen als dem auf der Website angezeigten Bestand ben\u00f6tigen<a href=\"https:\/\/dreamonwedding.it\/exclusive-italy-wedding-planner\/\"> kontaktieren Sie uns< \/a> um ein individuelles Angebot zu erhalten.<\/p>\n<p>Verfolgen Sie alle unsere Aktivit\u00e4ten auf unserer <a href=\"https:\/\/www.instagram.com\/dreamon_emporio\/\" target=\"_blank\" rel=\"noopener\">Instagram<\/a><\/p>\n<p>-Seite<\/p>\n","protected":false},"excerpt":{"rendered":"<p>Schmuckk\u00e4stchen aus Glas und Messing \u2013 Wabenstruktur<\/p>\n","protected":false},"featured_media":19462,"comment_status":"open","ping_status":"closed","template":"","meta":[],"product_brand":[],"product_cat":[643,660],"product_tag":[834,931,932],"class_list":{"0":"post-22179","1":"product","2":"type-product","3":"status-publish","4":"has-post-thumbnail","6":"product_cat-behalter","7":"product_cat-juwelen","8":"product_tag-dekoration","9":"product_tag-kasten","10":"product_tag-schmuckschatulle","12":"first","13":"outofstock","14":"taxable","15":"shipping-taxable","16":"purchasable","17":"product-type-variable"},"_links":{"self":[{"href":"https:\/\/dreamonwedding.it\/de\/wp-json\/wp\/v2\/product\/22179","targetHints":{"allow":["GET"]}}],"collection":[{"href":"https:\/\/dreamonwedding.it\/de\/wp-json\/wp\/v2\/product"}],"about":[{"href":"https:\/\/dreamonwedding.it\/de\/wp-json\/wp\/v2\/types\/product"}],"replies":[{"embeddable":true,"href":"https:\/\/dreamonwedding.it\/de\/wp-json\/wp\/v2\/comments?post=22179"}],"wp:featuredmedia":[{"embeddable":true,"href":"https:\/\/dreamonwedding.it\/de\/wp-json\/wp\/v2\/media\/19462"}],"wp:attachment":[{"href":"https:\/\/dreamonwedding.it\/de\/wp-json\/wp\/v2\/media?parent=22179"}],"wp:term":[{"taxonomy":"product_brand","embeddable":true,"href":"https:\/\/dreamonwedding.it\/de\/wp-json\/wp\/v2\/product_brand?post=22179"},{"taxonomy":"product_cat","embeddable":true,"href":"https:\/\/dreamonwedding.it\/de\/wp-json\/wp\/v2\/product_cat?post=22179"},{"taxonomy":"product_tag","embeddable":true,"href":"https:\/\/dreamonwedding.it\/de\/wp-json\/wp\/v2\/product_tag?post=22179"}],"curies":[{"name":"wp","href":"https:\/\/api.w.org\/{rel}","templated":true}]}}