{"id":22182,"date":"2021-01-15T12:54:58","date_gmt":"2021-01-15T11:54:58","guid":{"rendered":"https:\/\/dreamonwedding.it\/product\/konische-kerze-42-cm\/"},"modified":"2021-01-15T12:54:58","modified_gmt":"2021-01-15T11:54:58","slug":"konische-kerze-42-cm","status":"publish","type":"product","link":"https:\/\/dreamonwedding.it\/de\/produkt\/konische-kerze-42-cm\/","title":{"rendered":"Konische Kerze 42 cm"},"content":{"rendered":"<h6>KONISCHE KERZE 42 CM<\/h6>\n<p>Die anmutige und schlanke Form, die matten und raffinierten Farben dieser pr\u00e4chtigen handgefertigten Kerzen werden mit Sicherheit einen besonderen Beitrag zu Ihrem Tisch, Ihrer Veranstaltung oder Ihrer Dekoration leisten.<\/p>\n<p>Diese anspruchsvolle Linie handgefertigter Kerzen nach alten nordeurop\u00e4ischen Traditionen ist ein raffiniertes Produkt f\u00fcr ein exklusives und anspruchsvolles Kundensegment.<\/p>\n<p>&nbsp;<\/p>\n<p>Die Herstellung aus nat\u00fcrlichem Paraffin, handgefertigt und im Tauchverfahren lackiert, verleiht Kerzen Licht, die nicht tropfen, rauchen oder riechen, perfekt f\u00fcr Familienabende, hochkar\u00e4tiges Catering und exklusive Veranstaltungen.<\/p>\n<p> p><\/p>\n<p>Die 42 cm gro\u00dfen Spitzkerzen haben eine Brenndauer von 11 Stunden und verl\u00f6schen selbst ohne R\u00fcckst\u00e4nde.<\/p>\n<p>&nbsp;<\/p>\n<p>Karamell ist eine neutrale Farbe, die f\u00fcr die meisten Innenr\u00e4ume perfekt ist<\/p>\n<p>Kerzen werden einzeln verkauft, aber kontaktieren Sie uns, wenn Sie eine gro\u00dfe Menge f\u00fcr eine Veranstaltung ben\u00f6tigen.<\/p>\n<p>&nbsp;<\/p>\n<p>Wir garantieren Expresszustellung per DHL-Kurier (2-3 Werktage).<\/p>\n<p>Wenn Sie ein Profi sind oder dieses Produkt in gr\u00f6\u00dferen Mengen als dem auf der Website angezeigten Bestand ben\u00f6tigen<a href=\"https:\/\/dreamonwedding.it\/index.php\/contatti\"> kontaktieren Sie uns<\/a> f\u00fcr einen personalisiertes Angebot.<\/p>\n<p>Alle unsere Produkte finden Sie auch in unserem<a href=\"https:\/\/g.page\/dream-on-emporio?gm\" target=\"_blank\" rel=\"noopener\"> Emporio, kommen Sie uns besuchen im Ausstellungsraum!<\/a><\/p>\n","protected":false},"excerpt":{"rendered":"<p>Spitzkerze \u2013 42 cm<\/p>\n<p>Elegant und edel, in mehreren Farben erh\u00e4ltlich.<\/p>\n<p>Handgefertigt aus nat\u00fcrlichem Paraffin, lackiert im Tauchverfahren.<\/p>\n<p>&nbsp;<\/p>\n","protected":false},"featured_media":19453,"comment_status":"open","ping_status":"closed","template":"","meta":[],"product_brand":[],"product_cat":[648,641],"product_tag":[869,935,936],"class_list":{"0":"post-22182","1":"product","2":"type-product","3":"status-publish","4":"has-post-thumbnail","6":"product_cat-dekorationen","7":"product_cat-kerzen","8":"product_tag-kerze","9":"product_tag-konisch","10":"product_tag-konisch-de","12":"first","13":"outofstock","14":"taxable","15":"shipping-taxable","16":"purchasable","17":"product-type-variable"},"_links":{"self":[{"href":"https:\/\/dreamonwedding.it\/de\/wp-json\/wp\/v2\/product\/22182","targetHints":{"allow":["GET"]}}],"collection":[{"href":"https:\/\/dreamonwedding.it\/de\/wp-json\/wp\/v2\/product"}],"about":[{"href":"https:\/\/dreamonwedding.it\/de\/wp-json\/wp\/v2\/types\/product"}],"replies":[{"embeddable":true,"href":"https:\/\/dreamonwedding.it\/de\/wp-json\/wp\/v2\/comments?post=22182"}],"wp:featuredmedia":[{"embeddable":true,"href":"https:\/\/dreamonwedding.it\/de\/wp-json\/wp\/v2\/media\/19453"}],"wp:attachment":[{"href":"https:\/\/dreamonwedding.it\/de\/wp-json\/wp\/v2\/media?parent=22182"}],"wp:term":[{"taxonomy":"product_brand","embeddable":true,"href":"https:\/\/dreamonwedding.it\/de\/wp-json\/wp\/v2\/product_brand?post=22182"},{"taxonomy":"product_cat","embeddable":true,"href":"https:\/\/dreamonwedding.it\/de\/wp-json\/wp\/v2\/product_cat?post=22182"},{"taxonomy":"product_tag","embeddable":true,"href":"https:\/\/dreamonwedding.it\/de\/wp-json\/wp\/v2\/product_tag?post=22182"}],"curies":[{"name":"wp","href":"https:\/\/api.w.org\/{rel}","templated":true}]}}