{"id":22185,"date":"2021-01-15T13:03:37","date_gmt":"2021-01-15T12:03:37","guid":{"rendered":"https:\/\/dreamonwedding.it\/product\/kegelkerze-23-cm\/"},"modified":"2021-01-15T13:03:37","modified_gmt":"2021-01-15T12:03:37","slug":"kegelkerze-23-cm","status":"publish","type":"product","link":"https:\/\/dreamonwedding.it\/de\/produkt\/kegelkerze-23-cm\/","title":{"rendered":"Kegelkerze 23 cm"},"content":{"rendered":"<h6>KERZENKEGEL 23 CM<\/h6>\n<p>Die originelle und elegante Form, die matten und raffinierten Farben dieser pr\u00e4chtigen handgefertigten Kerzen werden mit Sicherheit einen besonderen Beitrag zu Ihrem Tisch, Ihrer Veranstaltung oder Ihrer Dekoration leisten.<\/p>\n<p>Diese anspruchsvolle Linie handgefertigter Kerzen nach alten nordeurop\u00e4ischen Traditionen ist ein raffiniertes Produkt f\u00fcr ein exklusives und anspruchsvolles Kundensegment.<\/p>\n<p>Die Herstellung aus nat\u00fcrlichem Paraffin, handgefertigt und im Tauchverfahren lackiert, verleiht Kerzen Licht, die nicht tropfen, rauchen oder riechen, perfekt f\u00fcr Familienabende, hochkar\u00e4tiges Catering und exklusive Veranstaltungen.<\/p>\n<p> p><\/p>\n<p>Stabkerzen wurden urspr\u00fcnglich traditionell in Nordeuropa als dekorative Weihnachtskerzen f\u00fcr Girlanden und Girlanden verwendet. Allerdings hat sich die Stabkerze zu einem beliebten Objekt in der Inneneinrichtung entwickelt und wird das ganze Jahr \u00fcber und f\u00fcr verschiedene Arten von Dekorationen verwendet.<\/p>\n<p>Die Kegelkerze ist selbsttragend und dadurch ein sehr vielseitiges Produkt. Mit einer Verj\u00fcngung von 48 cm haben sie eine<\/p>\n<p>Die Stabkerze hat eine Brenndauer von 11 Stunden und verl\u00f6scht selbst, ohne R\u00fcckst\u00e4nde zu hinterlassen.<\/p>\n<p>&nbsp;<\/p>\n<p>Fumo ist eine neutrale Farbe, die f\u00fcr die meisten Innenr\u00e4ume perfekt ist.<\/p>\n<p>Kerzen werden einzeln verkauft, aber kontaktieren Sie uns, wenn Sie eine gro\u00dfe Menge f\u00fcr eine Veranstaltung ben\u00f6tigen.<\/p>\n<p>&nbsp;<\/p>\n<p>Wir garantieren Expresszustellung per DHL-Kurier (2-3 Werktage).<\/p>\n<p>Wenn Sie ein Profi sind oder dieses Produkt in gr\u00f6\u00dferen Mengen als dem auf der Website angezeigten Bestand ben\u00f6tigen<a href=\"https:\/\/dreamonwedding.it\/index.php\/contatti\"> kontaktieren Sie uns<\/a> f\u00fcr einen personalisiertes Angebot.<\/p>\n<p>Alle unsere Produkte finden Sie auch in unserem<a href=\"https:\/\/g.page\/dream-on-emporio?gm\" target=\"_blank\" rel=\"noopener\"> Emporio, kommen Sie uns besuchen im Ausstellungsraum!<\/a><\/p>\n","protected":false},"excerpt":{"rendered":"<p>Ganz besondere Kerze Kegelkerze 23 cm. Kostbare handgemachte Kerzen, sie brauchen keine Unterst\u00fctzung. In Naturparaffin, Tauchlackierung.<\/p>\n","protected":false},"featured_media":19441,"comment_status":"open","ping_status":"closed","template":"","meta":[],"product_brand":[],"product_cat":[648,641],"product_tag":[],"class_list":{"0":"post-22185","1":"product","2":"type-product","3":"status-publish","4":"has-post-thumbnail","6":"product_cat-dekorationen","7":"product_cat-kerzen","9":"first","10":"outofstock","11":"taxable","12":"shipping-taxable","13":"purchasable","14":"product-type-variable"},"_links":{"self":[{"href":"https:\/\/dreamonwedding.it\/de\/wp-json\/wp\/v2\/product\/22185","targetHints":{"allow":["GET"]}}],"collection":[{"href":"https:\/\/dreamonwedding.it\/de\/wp-json\/wp\/v2\/product"}],"about":[{"href":"https:\/\/dreamonwedding.it\/de\/wp-json\/wp\/v2\/types\/product"}],"replies":[{"embeddable":true,"href":"https:\/\/dreamonwedding.it\/de\/wp-json\/wp\/v2\/comments?post=22185"}],"wp:featuredmedia":[{"embeddable":true,"href":"https:\/\/dreamonwedding.it\/de\/wp-json\/wp\/v2\/media\/19441"}],"wp:attachment":[{"href":"https:\/\/dreamonwedding.it\/de\/wp-json\/wp\/v2\/media?parent=22185"}],"wp:term":[{"taxonomy":"product_brand","embeddable":true,"href":"https:\/\/dreamonwedding.it\/de\/wp-json\/wp\/v2\/product_brand?post=22185"},{"taxonomy":"product_cat","embeddable":true,"href":"https:\/\/dreamonwedding.it\/de\/wp-json\/wp\/v2\/product_cat?post=22185"},{"taxonomy":"product_tag","embeddable":true,"href":"https:\/\/dreamonwedding.it\/de\/wp-json\/wp\/v2\/product_tag?post=22185"}],"curies":[{"name":"wp","href":"https:\/\/api.w.org\/{rel}","templated":true}]}}