{"id":22189,"date":"2021-01-15T17:14:42","date_gmt":"2021-01-15T16:14:42","guid":{"rendered":"https:\/\/dreamonwedding.it\/product\/origami-ohrringe-odile\/"},"modified":"2021-01-15T17:14:42","modified_gmt":"2021-01-15T16:14:42","slug":"origami-ohrringe-odile","status":"publish","type":"product","link":"https:\/\/dreamonwedding.it\/de\/produkt\/origami-ohrringe-odile\/","title":{"rendered":"Origami-Ohrringe &#8211; Odile"},"content":{"rendered":"<h6>Origami-Ohrringe \u2013 Mod. ODILE<\/h6>\n<p>Originalschmuck, handgefertigt in Italien aus alten Origami-gefalteten B\u00fcchern.<\/p>\n<p>Der Papierteil ist auf hochdekorierten vergoldeten Zamak-Komponenten montiert, die einem Farnblatt \u00e4hneln. Applikationen aus orangefarbenen Holzperlen, orangefarbenen Holzscheiben, malachitgr\u00fcnen Perlen. Ausf\u00fchrungen in Messing.<\/p>\n<p>Origami-Ohrringe sind sehr leicht und bequem. Papier (behandelt, um es steif und wasserdicht zu machen) ist ein \u00e4u\u00dferst vielseitiges und leichtes Material.<\/p>\n<p>Alle Ohrringe sind nickelfrei.<\/p>\n<p>Wir garantieren Expresszustellung per DHL-Kurier (2-3 Werktage).<\/p>\n<p>Wenn Sie ein Profi sind oder dieses Produkt in gr\u00f6\u00dferen Mengen als dem auf der Website angezeigten Bestand ben\u00f6tigen <a href=\"https:\/\/dreamonwedding.it\/exclusive-italy-wedding-planner\/\">kontaktieren Sie uns< \/a> um ein individuelles Angebot zu erhalten.<\/p>\n<p>Alle unsere Produkte finden Sie auch auf <a href=\"https:\/\/g.page\/dream-on-emporio?we\" target=\"_blank\" rel=\"noopener\">Google Shopping.<\/a> <\/p>\n","protected":false},"excerpt":{"rendered":"<p>Originalschmuck, handgefertigt in Italien aus alten Origami-gefalteten B\u00fcchern.<\/p>\n<p>Der Papierteil ist auf hochdekorierten vergoldeten Zamak-Komponenten montiert, die einem Farnblatt \u00e4hneln. Applikationen aus orangefarbenen Holzperlen, orangefarbenen Holzscheiben, malachitgr\u00fcnen Perlen. Ausf\u00fchrungen in Messing.<\/p>\n<p>Nickelfrei.<\/p>\n","protected":false},"featured_media":19420,"comment_status":"open","ping_status":"closed","template":"","meta":[],"product_brand":[],"product_cat":[660],"product_tag":[941,938,939,940],"class_list":{"0":"post-22189","1":"product","2":"type-product","3":"status-publish","4":"has-post-thumbnail","6":"product_cat-juwelen","7":"product_tag-juwelen","8":"product_tag-ohrringe","9":"product_tag-origami-de","10":"product_tag-papier-de","12":"first","13":"outofstock","14":"taxable","15":"shipping-taxable","16":"purchasable","17":"product-type-simple"},"_links":{"self":[{"href":"https:\/\/dreamonwedding.it\/de\/wp-json\/wp\/v2\/product\/22189","targetHints":{"allow":["GET"]}}],"collection":[{"href":"https:\/\/dreamonwedding.it\/de\/wp-json\/wp\/v2\/product"}],"about":[{"href":"https:\/\/dreamonwedding.it\/de\/wp-json\/wp\/v2\/types\/product"}],"replies":[{"embeddable":true,"href":"https:\/\/dreamonwedding.it\/de\/wp-json\/wp\/v2\/comments?post=22189"}],"wp:featuredmedia":[{"embeddable":true,"href":"https:\/\/dreamonwedding.it\/de\/wp-json\/wp\/v2\/media\/19420"}],"wp:attachment":[{"href":"https:\/\/dreamonwedding.it\/de\/wp-json\/wp\/v2\/media?parent=22189"}],"wp:term":[{"taxonomy":"product_brand","embeddable":true,"href":"https:\/\/dreamonwedding.it\/de\/wp-json\/wp\/v2\/product_brand?post=22189"},{"taxonomy":"product_cat","embeddable":true,"href":"https:\/\/dreamonwedding.it\/de\/wp-json\/wp\/v2\/product_cat?post=22189"},{"taxonomy":"product_tag","embeddable":true,"href":"https:\/\/dreamonwedding.it\/de\/wp-json\/wp\/v2\/product_tag?post=22189"}],"curies":[{"name":"wp","href":"https:\/\/api.w.org\/{rel}","templated":true}]}}