{"id":22190,"date":"2021-01-15T17:20:25","date_gmt":"2021-01-15T16:20:25","guid":{"rendered":"https:\/\/dreamonwedding.it\/product\/origami-ohrringe-francesca\/"},"modified":"2021-01-15T17:20:25","modified_gmt":"2021-01-15T16:20:25","slug":"origami-ohrringe-francesca","status":"publish","type":"product","link":"https:\/\/dreamonwedding.it\/de\/produkt\/origami-ohrringe-francesca\/","title":{"rendered":"Origami-Ohrringe &#8211; Francesca"},"content":{"rendered":"<h6>Origami-Ohrringe \u2013 Mod. FRANCESCA<\/h6>\n<p>Originalschmuck, handgefertigt in Italien aus alten Origami-gefalteten B\u00fcchern.<\/p>\n<p>Der Papierteil ist auf hochdekorierten goldverzinkten Zamak-Komponenten montiert. Anwendungen: violette Kristallperlen, violette Holzscheiben, gr\u00fcnlich-rosafarbene Halbedelsteinperlen. Dekorative Elemente aus Messing.<\/p>\n<p>Trotz der wichtigen Abmessungen sind die Origami-Ohrringe sehr leicht und bequem, das Papier (behandelt, um es steif und wasserdicht zu machen) ist ein \u00e4u\u00dferst vielseitiges und leichtes Material.<\/p>\n<p>Alle Ohrringe sind nickelfrei.<\/p>\n<p>Wir garantieren Expresszustellung per DHL-Kurier (2-3 Werktage).<\/p>\n<p>Wenn Sie ein Profi sind oder dieses Produkt in gr\u00f6\u00dferen Mengen als dem auf der Website angezeigten Bestand ben\u00f6tigen <a href=\"https:\/\/dreamonwedding.it\/exclusive-italy-wedding-planner\/\">kontaktieren Sie uns< \/a> um ein individuelles Angebot zu erhalten.<\/p>\n<p>Alle unsere Produkte finden Sie auch auf <a href=\"https:\/\/g.page\/dream-on-emporio?we\" target=\"_blank\" rel=\"noopener\">Google Shopping.<\/a> <\/p>\n","protected":false},"excerpt":{"rendered":"<h5>Originalschmuck, handgefertigt in Italien aus alten Origami-gefalteten B\u00fcchern.<\/h5>\n<p>Der Papierteil ist auf hochdekorierten goldverzinkten Zamak-Komponenten montiert. Anwendungen: violette Kristallperlen, violette Holzscheiben, gr\u00fcnlich-rosafarbene Halbedelsteinperlen. Dekorative Elemente aus Messing.<\/p>\n<p>Nickelfrei.<\/p>\n<p>Wenn Sie weitere Informationen zu diesem Artikel erhalten m\u00f6chten <a href=\"https:\/\/dreamonwedding.it\/exclusive-italy-wedding-planner\/\">kontaktieren Sie uns<\/a> oder folgen Sie unserer Seite <a href =\" https:\/\/www.instagram.com\/dreamon_emporio\/\">Instagram<\/a>, um \u00fcber alle Neuigkeiten auf dem Laufenden zu bleiben.<\/p>\n","protected":false},"featured_media":19417,"comment_status":"open","ping_status":"closed","template":"","meta":[],"product_brand":[],"product_cat":[],"product_tag":[941,938,939,940],"class_list":{"0":"post-22190","1":"product","2":"type-product","3":"status-publish","4":"has-post-thumbnail","6":"product_tag-juwelen","7":"product_tag-ohrringe","8":"product_tag-origami-de","9":"product_tag-papier-de","11":"first","12":"outofstock","13":"taxable","14":"shipping-taxable","15":"purchasable","16":"product-type-simple"},"_links":{"self":[{"href":"https:\/\/dreamonwedding.it\/de\/wp-json\/wp\/v2\/product\/22190","targetHints":{"allow":["GET"]}}],"collection":[{"href":"https:\/\/dreamonwedding.it\/de\/wp-json\/wp\/v2\/product"}],"about":[{"href":"https:\/\/dreamonwedding.it\/de\/wp-json\/wp\/v2\/types\/product"}],"replies":[{"embeddable":true,"href":"https:\/\/dreamonwedding.it\/de\/wp-json\/wp\/v2\/comments?post=22190"}],"wp:featuredmedia":[{"embeddable":true,"href":"https:\/\/dreamonwedding.it\/de\/wp-json\/wp\/v2\/media\/19417"}],"wp:attachment":[{"href":"https:\/\/dreamonwedding.it\/de\/wp-json\/wp\/v2\/media?parent=22190"}],"wp:term":[{"taxonomy":"product_brand","embeddable":true,"href":"https:\/\/dreamonwedding.it\/de\/wp-json\/wp\/v2\/product_brand?post=22190"},{"taxonomy":"product_cat","embeddable":true,"href":"https:\/\/dreamonwedding.it\/de\/wp-json\/wp\/v2\/product_cat?post=22190"},{"taxonomy":"product_tag","embeddable":true,"href":"https:\/\/dreamonwedding.it\/de\/wp-json\/wp\/v2\/product_tag?post=22190"}],"curies":[{"name":"wp","href":"https:\/\/api.w.org\/{rel}","templated":true}]}}