{"id":22192,"date":"2021-01-15T17:48:31","date_gmt":"2021-01-15T16:48:31","guid":{"rendered":"https:\/\/dreamonwedding.it\/product\/origami-ohrringe-olivia\/"},"modified":"2021-01-15T17:48:31","modified_gmt":"2021-01-15T16:48:31","slug":"origami-ohrringe-olivia","status":"publish","type":"product","link":"https:\/\/dreamonwedding.it\/de\/produkt\/origami-ohrringe-olivia\/","title":{"rendered":"Origami-Ohrringe \u2013 Olivia"},"content":{"rendered":"<h6 id=\"tw-target-text\" class=\"tw-data-text tw-text-large XcVN5d tw-ta\" dir=\"ltr\" data-placeholder=\"Translation\"><span lang=\"en\"> Origami-Ohrringe \u2013 Mod.Olivia <\/span><\/h6>\n<p class=\"tw-data-text tw-text-large XcVN5d tw-ta\" dir=\"ltr\" data-placeholder=\"Translation\"><span lang=\"it\">Handgefertigt in Italien, montierte Papierjuwelen auf einem reichen Verzierter vergoldeter Zamak-Ohrring, gr\u00fcne und violette Holzperlen, sandfarbene Holzscheibe, gr\u00fcner Lavastein und einige dekorative Messingelemente.<\/span><\/p>\n<p dir=\"ltr\" data-placeholder=\"Translation\">Origami-Ohrringe sind trotz ihrer Gr\u00f6\u00dfe sehr leicht und bequem, Papier (behandelt, um es steif und wasserdicht zu machen) ist ein \u00e4u\u00dferst vielseitiges und leichtes Material.<\/p >\n<p class=\"tw-data-text tw-text-large XcVN5d tw-ta\" dir=\"ltr\" data-placeholder=\"\u00dcbersetzung\"><span lang=\"en\">Materialien:<\/span><\/p >\n<p class=\"tw-data-text tw-text-large XcVN5d tw-ta\" dir=\"ltr\" data-placeholder=\"Translation\"><span lang=\"en\"> Handgefaltetes Papier; goldverzinktes Zamak; Messing; Holz; Lavastein. <\/span><\/p>\n<p class=\"tw-data-text tw-text-large XcVN5d tw-ta\" dir=\"ltr\" data-placeholder=\"Translation\"><span lang=\"en\">Nickelfrei.<\/span><\/ p><\/p>\n<p>Wir garantieren Expresszustellung per DHL-Kurier (2-3 Werktage).<\/p>\n<p>Wenn Sie ein Profi sind oder dieses Produkt in gr\u00f6\u00dferen Mengen als dem auf der Website angezeigten Bestand ben\u00f6tigen <a href=\"https:\/\/dreamonwedding.it\/exclusive-italy-wedding-planner\/\">kontaktieren Sie uns< \/a> um ein individuelles Angebot zu erhalten.<\/p>\n<p>Alle unsere Produkte finden Sie auch auf <a href=\"https:\/\/g.page\/dream-on-emporio?we\" target=\"_blank\" rel=\"noopener\">Google Shopping.<\/a> <\/p>\n","protected":false},"excerpt":{"rendered":"<p><span lang=\"it\">In Italien handgefertigter Papierschmuck, montiert auf einem reich verzierten vergoldeten Zamak-Ohrring, gr\u00fcnen und violetten Holzperlen, sandfarbener Holzscheibe, gr\u00fcnem Lavastein, einige dekorative Elemente aus Messing. <\/span><\/p>\n<p><span lang=\"it\">Ohne Nikel.<\/span><\/p>\n","protected":false},"featured_media":19423,"comment_status":"open","ping_status":"closed","template":"","meta":[],"product_brand":[],"product_cat":[660],"product_tag":[938,939,940],"class_list":{"0":"post-22192","1":"product","2":"type-product","3":"status-publish","4":"has-post-thumbnail","6":"product_cat-juwelen","7":"product_tag-ohrringe","8":"product_tag-origami-de","9":"product_tag-papier-de","11":"first","12":"instock","13":"taxable","14":"shipping-taxable","15":"purchasable","16":"product-type-simple"},"_links":{"self":[{"href":"https:\/\/dreamonwedding.it\/de\/wp-json\/wp\/v2\/product\/22192","targetHints":{"allow":["GET"]}}],"collection":[{"href":"https:\/\/dreamonwedding.it\/de\/wp-json\/wp\/v2\/product"}],"about":[{"href":"https:\/\/dreamonwedding.it\/de\/wp-json\/wp\/v2\/types\/product"}],"replies":[{"embeddable":true,"href":"https:\/\/dreamonwedding.it\/de\/wp-json\/wp\/v2\/comments?post=22192"}],"wp:featuredmedia":[{"embeddable":true,"href":"https:\/\/dreamonwedding.it\/de\/wp-json\/wp\/v2\/media\/19423"}],"wp:attachment":[{"href":"https:\/\/dreamonwedding.it\/de\/wp-json\/wp\/v2\/media?parent=22192"}],"wp:term":[{"taxonomy":"product_brand","embeddable":true,"href":"https:\/\/dreamonwedding.it\/de\/wp-json\/wp\/v2\/product_brand?post=22192"},{"taxonomy":"product_cat","embeddable":true,"href":"https:\/\/dreamonwedding.it\/de\/wp-json\/wp\/v2\/product_cat?post=22192"},{"taxonomy":"product_tag","embeddable":true,"href":"https:\/\/dreamonwedding.it\/de\/wp-json\/wp\/v2\/product_tag?post=22192"}],"curies":[{"name":"wp","href":"https:\/\/api.w.org\/{rel}","templated":true}]}}