{"id":22193,"date":"2021-01-15T17:53:28","date_gmt":"2021-01-15T16:53:28","guid":{"rendered":"https:\/\/dreamonwedding.it\/product\/origami-ohrringe-xenia\/"},"modified":"2025-06-04T01:44:12","modified_gmt":"2025-06-03T23:44:12","slug":"origami-ohrringe-xenia","status":"publish","type":"product","link":"https:\/\/dreamonwedding.it\/de\/produkt\/origami-ohrringe-xenia\/","title":{"rendered":"Origami-Ohrringe &#8211; Xenia"},"content":{"rendered":"<h6>Origami-Ohrringe Mod. Xenia<\/h6>\n<p>Originalschmuck, handgefertigt in Italien aus alten Origami-gefalteten B\u00fcchern.<\/p>\n<p>Der Papierteil ist auf hochdekorierten, vergoldeten Zamak-Komponenten montiert. Applikationen in gr\u00fcnem und gelblichem Glas und hellgr\u00fcne Holzperlen runden die Komposition ab.<\/p>\n<p>Trotz der wichtigen Abmessungen sind die Origami-Ohrringe sehr leicht und bequem, das Papier (behandelt, um es steif und wasserdicht zu machen) ist ein \u00e4u\u00dferst vielseitiges und leichtes Material.<\/p>\n<p>Alle Ohrringe sind nickelfrei.<\/p>\n<p>Wir garantieren Expresszustellung per DHL-Kurier (2-3 Werktage).<\/p>\n<p>Wenn Sie ein Profi sind oder dieses Produkt in gr\u00f6\u00dferen Mengen als dem auf der Website angezeigten Bestand ben\u00f6tigen <a href=\"https:\/\/dreamonwedding.it\/exclusive-italy-wedding-planner\/\">kontaktieren Sie uns< \/a> um ein individuelles Angebot zu erhalten.<\/p>\n<p>Alle unsere Produkte finden Sie auch auf <a href=\"https:\/\/g.page\/dream-on-emporio?we\" target=\"_blank\" rel=\"noopener\">Google Shopping.<\/a> <\/p>\n","protected":false},"excerpt":{"rendered":"<p>Originalschmuck, handgefertigt in Italien aus alten Origami-gefalteten B\u00fcchern.<\/p>\n<p>Der Papierteil ist auf hochdekorierten, vergoldeten Zamak-Komponenten montiert.<\/p>\n<p>Ohne Nikel.<\/p>\n","protected":false},"featured_media":19435,"comment_status":"open","ping_status":"closed","template":"","meta":[],"product_brand":[],"product_cat":[660],"product_tag":[938,939],"class_list":{"0":"post-22193","1":"product","2":"type-product","3":"status-publish","4":"has-post-thumbnail","6":"product_cat-juwelen","7":"product_tag-ohrringe","8":"product_tag-origami-de","10":"first","11":"outofstock","12":"taxable","13":"shipping-taxable","14":"purchasable","15":"product-type-simple"},"_links":{"self":[{"href":"https:\/\/dreamonwedding.it\/de\/wp-json\/wp\/v2\/product\/22193","targetHints":{"allow":["GET"]}}],"collection":[{"href":"https:\/\/dreamonwedding.it\/de\/wp-json\/wp\/v2\/product"}],"about":[{"href":"https:\/\/dreamonwedding.it\/de\/wp-json\/wp\/v2\/types\/product"}],"replies":[{"embeddable":true,"href":"https:\/\/dreamonwedding.it\/de\/wp-json\/wp\/v2\/comments?post=22193"}],"wp:featuredmedia":[{"embeddable":true,"href":"https:\/\/dreamonwedding.it\/de\/wp-json\/wp\/v2\/media\/19435"}],"wp:attachment":[{"href":"https:\/\/dreamonwedding.it\/de\/wp-json\/wp\/v2\/media?parent=22193"}],"wp:term":[{"taxonomy":"product_brand","embeddable":true,"href":"https:\/\/dreamonwedding.it\/de\/wp-json\/wp\/v2\/product_brand?post=22193"},{"taxonomy":"product_cat","embeddable":true,"href":"https:\/\/dreamonwedding.it\/de\/wp-json\/wp\/v2\/product_cat?post=22193"},{"taxonomy":"product_tag","embeddable":true,"href":"https:\/\/dreamonwedding.it\/de\/wp-json\/wp\/v2\/product_tag?post=22193"}],"curies":[{"name":"wp","href":"https:\/\/api.w.org\/{rel}","templated":true}]}}