{"id":22194,"date":"2021-01-15T18:24:12","date_gmt":"2021-01-15T17:24:12","guid":{"rendered":"https:\/\/dreamonwedding.it\/product\/origami-skulptur-stamm\/"},"modified":"2021-01-15T18:24:12","modified_gmt":"2021-01-15T17:24:12","slug":"origami-skulptur-stamm","status":"publish","type":"product","link":"https:\/\/dreamonwedding.it\/de\/produkt\/origami-skulptur-stamm\/","title":{"rendered":"Origami-Skulptur \u2013 Stamm"},"content":{"rendered":"<h6>Origami-Skulptur \u2013 Mod. TRUNK<\/h6>\n<p>Hervorragende Origami-Skulptur aus Papier, handgefertigt in Italien. Einzigartiges Objekt, \u00e4u\u00dferst poetisch und kreativ.<\/p>\n<p>Diese wunderbaren Skulpturen nehmen aus alten, ausgedienten B\u00fcchern Gestalt an; Alle Seiten werden von Hand gefaltet, eine nach der anderen, mit Geschick und Geduld, bis aus einem alten Band eine neue und wundervolle Papierskulptur entsteht. Alte Handb\u00fccher und Enzyklop\u00e4dien werden zu anspruchsvollen Designst\u00fccken wiedergeboren. Die Form \u00e4ndert sich, aber das Buch bleibt intakt: Man kann es weiterhin lesen und durchscrollen oder, einfacher gesagt, man kann seine Verwandlung in ein Kunst- und Designobjekt bewundern. Alt, aber neu. Poetisch in seiner Einfachheit.<\/p>\n<p id=\"tw-target-text\" class=\"tw-data-text tw-text-large XcVN5d tw-ta\" dir=\"ltr\" data-placeholder=\"Translation\"><span lang=\"en\"> Seine Form erinnert uns an den echten Stamm eines Baumes, aus dem das Buch stammt. Es ist absolut und schlicht, elegant und edel.<\/span><\/p>\n<p>MATERIAL:<br \/>\nAlte handgefaltete B\u00fccher; Holz; Messingring.<\/p>\n<p>Wir garantieren Expresszustellung per DHL-Kurier (2-3 Werktage).<\/p>\n<p>Wenn Sie ein Profi sind oder dieses Produkt in gr\u00f6\u00dferen Mengen als dem auf der Website angezeigten Bestand ben\u00f6tigen<em><a href=\"https:\/\/dreamonwedding.it\/exclusive-italy-wedding-planner\/\"> Kontaktieren Sie uns< \/a> <\/em>um ein individuelles Angebot zu erhalten.<\/p>\n<p>Alle unsere Produkte finden Sie auch in unserem <em><a href=\"https:\/\/g.page\/dream-on-emporio?gm\" target=\"_blank\" rel=\"noopener\"> Emporio Besuchen Sie uns im Showroom!<\/a><\/em><\/p>\n<p>&nbsp;<\/p>\n","protected":false},"excerpt":{"rendered":"<p>Hervorragende Orgelskulptur aus Papier, handgefertigt in Italien. Einzigartiges Objekt, \u00e4u\u00dferst poetisch und kreativ.<\/p>\n<p><span lang=\"it\">Seine Form erinnert uns an den echten Stamm eines Baumes, aus dem das Buch stammt. <\/span><\/p>\n<p><span lang=\"it\">Es ist absolut und schlicht, elegant und edel.<\/span><\/p>\n","protected":false},"featured_media":19411,"comment_status":"open","ping_status":"closed","template":"","meta":[],"product_brand":[],"product_cat":[648],"product_tag":[834,944,943,939,940,942],"class_list":{"0":"post-22194","1":"product","2":"type-product","3":"status-publish","4":"has-post-thumbnail","6":"product_cat-dekorationen","7":"product_tag-dekoration","8":"product_tag-design-de","9":"product_tag-objekt","10":"product_tag-origami-de","11":"product_tag-papier-de","12":"product_tag-skulptur","14":"first","15":"instock","16":"taxable","17":"shipping-taxable","18":"purchasable","19":"product-type-simple"},"_links":{"self":[{"href":"https:\/\/dreamonwedding.it\/de\/wp-json\/wp\/v2\/product\/22194","targetHints":{"allow":["GET"]}}],"collection":[{"href":"https:\/\/dreamonwedding.it\/de\/wp-json\/wp\/v2\/product"}],"about":[{"href":"https:\/\/dreamonwedding.it\/de\/wp-json\/wp\/v2\/types\/product"}],"replies":[{"embeddable":true,"href":"https:\/\/dreamonwedding.it\/de\/wp-json\/wp\/v2\/comments?post=22194"}],"wp:featuredmedia":[{"embeddable":true,"href":"https:\/\/dreamonwedding.it\/de\/wp-json\/wp\/v2\/media\/19411"}],"wp:attachment":[{"href":"https:\/\/dreamonwedding.it\/de\/wp-json\/wp\/v2\/media?parent=22194"}],"wp:term":[{"taxonomy":"product_brand","embeddable":true,"href":"https:\/\/dreamonwedding.it\/de\/wp-json\/wp\/v2\/product_brand?post=22194"},{"taxonomy":"product_cat","embeddable":true,"href":"https:\/\/dreamonwedding.it\/de\/wp-json\/wp\/v2\/product_cat?post=22194"},{"taxonomy":"product_tag","embeddable":true,"href":"https:\/\/dreamonwedding.it\/de\/wp-json\/wp\/v2\/product_tag?post=22194"}],"curies":[{"name":"wp","href":"https:\/\/api.w.org\/{rel}","templated":true}]}}