{"id":22195,"date":"2021-01-15T18:24:27","date_gmt":"2021-01-15T17:24:27","guid":{"rendered":"https:\/\/dreamonwedding.it\/product\/origami-skulptur-welle\/"},"modified":"2025-06-02T11:56:37","modified_gmt":"2025-06-02T09:56:37","slug":"origami-skulptur-welle","status":"publish","type":"product","link":"https:\/\/dreamonwedding.it\/de\/produkt\/origami-skulptur-welle\/","title":{"rendered":"Origami-Skulptur &#8211; Welle"},"content":{"rendered":"<h6>Origami-Skulptur \u2013 Mod. WAVE<\/h6>\n<p>Hervorragende Orgelskulptur aus Papier, handgefertigt in Italien. Einzigartiges Objekt, \u00e4u\u00dferst poetisch und kreativ.<\/p>\n<p>Diese wunderbaren Skulpturen nehmen aus alten, ausgedienten B\u00fcchern Gestalt an; Alle Seiten werden von Hand gefaltet, eine nach der anderen, mit Geschick und Geduld, bis aus einem alten Band eine neue und wundervolle Papierskulptur entsteht. Alte Handb\u00fccher und Enzyklop\u00e4dien werden zu anspruchsvollen Designst\u00fccken wiedergeboren. Die Form \u00e4ndert sich, aber das Buch bleibt intakt: Man kann es weiterhin lesen und durchscrollen oder, einfacher gesagt, man kann seine Verwandlung in ein Kunst- und Designobjekt bewundern. Alt, aber neu. Poetisch in seiner Einfachheit.<\/p>\n<p>Wave ist eine Origami-Skulptur, bei der das dekorative Element aus einer Welle besteht, die den Hauptk\u00f6rper schneidet und dem St\u00fcck eine unerwartete Bewegung verleiht.<\/p>\n<p>MATERIAL<br \/>\nAlte handgefaltete B\u00fccher; Holz; Messingring<\/p>\n<p>Wir garantieren Expresszustellung per DHL-Kurier (2-3 Werktage).<\/p>\n<p>Wenn Sie ein Profi sind oder dieses Produkt in gr\u00f6\u00dferen Mengen als dem auf der Website angezeigten Bestand ben\u00f6tigen<em><a href=\"https:\/\/dreamonwedding.it\/exclusive-italy-wedding-planner\/\"> Kontaktieren Sie uns< \/a> <\/em>um ein individuelles Angebot zu erhalten.<\/p>\n<p>Alle unsere Produkte finden Sie auch in unserem <em><a href=\"https:\/\/g.page\/dream-on-emporio?gm\" target=\"_blank\" rel=\"noopener\"> Emporio Besuchen Sie uns im Showroom!<\/a><\/em><\/p>\n","protected":false},"excerpt":{"rendered":"<p>Hervorragende Orgelskulptur aus Papier, handgefertigt in Italien. Einzigartiges Objekt, \u00e4u\u00dferst poetisch und kreativ.<\/p>\n<p>Wave ist eine Skulptur, bei der das dekorative Element aus einer Welle besteht, die den Hauptk\u00f6rper schneidet und dem St\u00fcck eine unerwartete Bewegung verleiht.<\/p>\n<p>&nbsp;<\/p>\n","protected":false},"featured_media":19402,"comment_status":"open","ping_status":"closed","template":"","meta":[],"product_brand":[],"product_cat":[648],"product_tag":[834,943,939,942],"class_list":{"0":"post-22195","1":"product","2":"type-product","3":"status-publish","4":"has-post-thumbnail","6":"product_cat-dekorationen","7":"product_tag-dekoration","8":"product_tag-objekt","9":"product_tag-origami-de","10":"product_tag-skulptur","12":"first","13":"instock","14":"taxable","15":"shipping-taxable","16":"purchasable","17":"product-type-simple"},"_links":{"self":[{"href":"https:\/\/dreamonwedding.it\/de\/wp-json\/wp\/v2\/product\/22195","targetHints":{"allow":["GET"]}}],"collection":[{"href":"https:\/\/dreamonwedding.it\/de\/wp-json\/wp\/v2\/product"}],"about":[{"href":"https:\/\/dreamonwedding.it\/de\/wp-json\/wp\/v2\/types\/product"}],"replies":[{"embeddable":true,"href":"https:\/\/dreamonwedding.it\/de\/wp-json\/wp\/v2\/comments?post=22195"}],"wp:featuredmedia":[{"embeddable":true,"href":"https:\/\/dreamonwedding.it\/de\/wp-json\/wp\/v2\/media\/19402"}],"wp:attachment":[{"href":"https:\/\/dreamonwedding.it\/de\/wp-json\/wp\/v2\/media?parent=22195"}],"wp:term":[{"taxonomy":"product_brand","embeddable":true,"href":"https:\/\/dreamonwedding.it\/de\/wp-json\/wp\/v2\/product_brand?post=22195"},{"taxonomy":"product_cat","embeddable":true,"href":"https:\/\/dreamonwedding.it\/de\/wp-json\/wp\/v2\/product_cat?post=22195"},{"taxonomy":"product_tag","embeddable":true,"href":"https:\/\/dreamonwedding.it\/de\/wp-json\/wp\/v2\/product_tag?post=22195"}],"curies":[{"name":"wp","href":"https:\/\/api.w.org\/{rel}","templated":true}]}}