{"id":22196,"date":"2021-02-04T18:01:29","date_gmt":"2021-02-04T17:01:29","guid":{"rendered":"https:\/\/dreamonwedding.it\/product\/marokkanische-metalllaterne\/"},"modified":"2021-02-04T18:01:29","modified_gmt":"2021-02-04T17:01:29","slug":"marokkanische-metalllaterne","status":"publish","type":"product","link":"https:\/\/dreamonwedding.it\/de\/produkt\/marokkanische-metalllaterne\/","title":{"rendered":"Marokkanische Metalllaterne"},"content":{"rendered":"<h5>Marokko-Metalllaterne<\/h5>\n<p>Das Objekt sieht aus wie eine kubische Vase aus dickem und unregelm\u00e4\u00dfigem Pressglas, das au\u00dfen mit einem dicken, bearbeiteten Metallgitter bedeckt ist.<\/p>\n<p>Das Silber ist br\u00fcniert, um ihm eine gealterte Patina zu verleihen.<\/p>\n<p>Sehr interessantes und dekoratives Dekorationsobjekt, die Dekoration mit marokkanischen Motiven und die antike Patina verleihen ihm einen interessanten Aspekt: \u200b\u200bDas Licht der Kerze im Inneren scheint durch das unregelm\u00e4\u00dfige Glas und nimmt eine wunderbare Bernsteinfarbe an.<\/p>\n<p>Dieses Objekt ist sehr vielseitig, es kann tats\u00e4chlich als Vase oder Beh\u00e4lter verwendet werden (der Glasinnenraum erm\u00f6glicht die Aufnahme von Fl\u00fcssigkeiten).<\/p>\n<p>&nbsp;<\/p>\n<p>Es ist in zwei Gr\u00f6\u00dfen und dekorativen Varianten erh\u00e4ltlich.<\/p>\n<p>&nbsp;<\/p>\n<p>Wir garantieren Expresszustellung per DHL-Kurier (2-3 Werktage).<\/p>\n<p>Wenn Sie ein Profi sind oder dieses Produkt in gr\u00f6\u00dferen Mengen als dem auf der Website angezeigten Bestand ben\u00f6tigen<a href=\"https:\/\/dreamonwedding.it\/exclusive-italy-wedding-planner\/\"> kontaktieren Sie uns< \/a> um ein individuelles Angebot zu erhalten.<\/p>\n<p>Alle unsere Produkte finden Sie auch in unserem<a href=\"https:\/\/g.page\/dream-on-emporio?gm\" target=\"_blank\" rel=\"noopener\"> Emporio, kommen Sie uns besuchen im Ausstellungsraum!<\/a><\/p>\n","protected":false},"excerpt":{"rendered":"<p>Marokko-Metalllaterne<\/p>\n<p>Das Objekt sieht aus wie eine kubische Vase aus dickem und unregelm\u00e4\u00dfigem Glas, die au\u00dfen mit einem dicken, bearbeiteten Metallgitter bedeckt ist.<\/p>\n<p>&nbsp;<\/p>\n","protected":false},"featured_media":19399,"comment_status":"open","ping_status":"closed","template":"","meta":[],"product_brand":[],"product_cat":[643,648,664,666],"product_tag":[880,945,673],"class_list":{"0":"post-22196","1":"product","2":"type-product","3":"status-publish","4":"has-post-thumbnail","6":"product_cat-behalter","7":"product_cat-dekorationen","8":"product_cat-kerzenhalter","9":"product_cat-vasen","10":"product_tag-behalter","11":"product_tag-laterne-de-2","12":"product_tag-vase-de","14":"first","15":"outofstock","16":"taxable","17":"shipping-taxable","18":"purchasable","19":"product-type-simple"},"_links":{"self":[{"href":"https:\/\/dreamonwedding.it\/de\/wp-json\/wp\/v2\/product\/22196","targetHints":{"allow":["GET"]}}],"collection":[{"href":"https:\/\/dreamonwedding.it\/de\/wp-json\/wp\/v2\/product"}],"about":[{"href":"https:\/\/dreamonwedding.it\/de\/wp-json\/wp\/v2\/types\/product"}],"replies":[{"embeddable":true,"href":"https:\/\/dreamonwedding.it\/de\/wp-json\/wp\/v2\/comments?post=22196"}],"wp:featuredmedia":[{"embeddable":true,"href":"https:\/\/dreamonwedding.it\/de\/wp-json\/wp\/v2\/media\/19399"}],"wp:attachment":[{"href":"https:\/\/dreamonwedding.it\/de\/wp-json\/wp\/v2\/media?parent=22196"}],"wp:term":[{"taxonomy":"product_brand","embeddable":true,"href":"https:\/\/dreamonwedding.it\/de\/wp-json\/wp\/v2\/product_brand?post=22196"},{"taxonomy":"product_cat","embeddable":true,"href":"https:\/\/dreamonwedding.it\/de\/wp-json\/wp\/v2\/product_cat?post=22196"},{"taxonomy":"product_tag","embeddable":true,"href":"https:\/\/dreamonwedding.it\/de\/wp-json\/wp\/v2\/product_tag?post=22196"}],"curies":[{"name":"wp","href":"https:\/\/api.w.org\/{rel}","templated":true}]}}