{"id":22197,"date":"2021-02-05T10:47:57","date_gmt":"2021-02-05T09:47:57","guid":{"rendered":"https:\/\/dreamonwedding.it\/product\/vase-fur-schnittblumen\/"},"modified":"2026-03-05T13:29:09","modified_gmt":"2026-03-05T12:29:09","slug":"vase-fur-schnittblumen","status":"publish","type":"product","link":"https:\/\/dreamonwedding.it\/de\/produkt\/vase-fur-schnittblumen\/","title":{"rendered":"Vase f\u00fcr Schnittblumen"},"content":{"rendered":"<h5>H\u00fcbsche Glasvase f\u00fcr Schnittblumen.<\/h5>\n<p>Dieses niedliche kleine Glas eignet sich dank des Metallgitters auf dem Deckel ideal zum Kreieren von Kompositionen aus mehreren Blumen.<\/p>\n<p>Die sehr h\u00fcbsche Vase, die die Blumen durch die L\u00f6cher im Metalldeckel mit antikem Bronzeeffekt trennt.<\/p>\n<p><span class=\"JLqJ4b ChMk0b\" data-Language-for-Alternatives=\"en\" Data-Language-to-Translate-Into=\"Auto\" Data-Phrase-Index=\"1\">Perfekt f\u00fcr Fr\u00fchlingsblumen und Sommer mit d\u00fcnnem Stiel, aber auch um Pinsel\/Bleistifte o.\u00e4. dekorativ aufzubewahren.<\/span><\/p>\n<p><span class=\"JLqJ4b ChMk0b\" data-Language-for-alternatives=\"en\" Data-Language-to-translate-into=\"Auto\" Data-Phrase-Index=\"1\"><span Class=\" JLqJ4b\" data-Language-for-Alternatives=\"en\" Data-Language-to-Translate-Into=\"Auto\" Data-Phrase-Index=\"2\">Das Glas kann in der Sp\u00fclmaschine gewaschen werden.<\/span>< \/span><\/p>\n<p><span class=\"JLqJ4b ChMk0b\" data-Language-for-alternatives=\"en\" Data-Language-to-translate-into=\"Auto\" Data-Phrase-Index=\"1\"><span Class=\" JLqJ4b\" data-Language-for-Alternatives=\"en\" Data-Language-to-Translate-Into=\"Auto\" Data-Phrase-Index=\"2\">Abmessungen \u00d813 \/ 8xH14 cm<\/span><\/span>< \/p><\/p>\n<p>Wir garantieren Expresszustellung per DHL-Kurier (2-3 Werktage).<\/p>\n<p>Wenn Sie ein Profi sind oder dieses Produkt in gr\u00f6\u00dferen Mengen als dem auf der Website angezeigten Bestand ben\u00f6tigen<a href=\"https:\/\/dreamonwedding.it\/exclusive-italy-wedding-planner\/\"> kontaktieren Sie uns< \/a> um ein individuelles Angebot zu erhalten.<\/p>\n<p>Alle unsere Produkte finden Sie auch in unserem<a href=\"https:\/\/g.page\/dream-on-emporio?gm\" target=\"_blank\" rel=\"noopener\"> Emporio, kommen Sie uns besuchen im Ausstellungsraum!<\/a><\/p>\n","protected":false},"excerpt":{"rendered":"<h5>H\u00fcbsche Glasvase f\u00fcr Schnittblumen.<\/h5>\n<p>Dieses niedliche kleine Glas eignet sich dank des Metallgitters auf dem Deckel ideal zum Kreieren von Kompositionen aus mehreren Blumen.<\/p>\n","protected":false},"featured_media":19393,"comment_status":"open","ping_status":"closed","template":"","meta":[],"product_brand":[],"product_cat":[648,666],"product_tag":[674,839,673],"class_list":{"0":"post-22197","1":"product","2":"type-product","3":"status-publish","4":"has-post-thumbnail","6":"product_cat-dekorationen","7":"product_cat-vasen","8":"product_tag-blumen","9":"product_tag-container","10":"product_tag-vase-de","12":"first","13":"instock","14":"taxable","15":"shipping-taxable","16":"purchasable","17":"product-type-simple"},"_links":{"self":[{"href":"https:\/\/dreamonwedding.it\/de\/wp-json\/wp\/v2\/product\/22197","targetHints":{"allow":["GET"]}}],"collection":[{"href":"https:\/\/dreamonwedding.it\/de\/wp-json\/wp\/v2\/product"}],"about":[{"href":"https:\/\/dreamonwedding.it\/de\/wp-json\/wp\/v2\/types\/product"}],"replies":[{"embeddable":true,"href":"https:\/\/dreamonwedding.it\/de\/wp-json\/wp\/v2\/comments?post=22197"}],"wp:featuredmedia":[{"embeddable":true,"href":"https:\/\/dreamonwedding.it\/de\/wp-json\/wp\/v2\/media\/19393"}],"wp:attachment":[{"href":"https:\/\/dreamonwedding.it\/de\/wp-json\/wp\/v2\/media?parent=22197"}],"wp:term":[{"taxonomy":"product_brand","embeddable":true,"href":"https:\/\/dreamonwedding.it\/de\/wp-json\/wp\/v2\/product_brand?post=22197"},{"taxonomy":"product_cat","embeddable":true,"href":"https:\/\/dreamonwedding.it\/de\/wp-json\/wp\/v2\/product_cat?post=22197"},{"taxonomy":"product_tag","embeddable":true,"href":"https:\/\/dreamonwedding.it\/de\/wp-json\/wp\/v2\/product_tag?post=22197"}],"curies":[{"name":"wp","href":"https:\/\/api.w.org\/{rel}","templated":true}]}}