{"id":22198,"date":"2021-08-26T13:31:16","date_gmt":"2021-08-26T11:31:16","guid":{"rendered":"https:\/\/dreamonwedding.it\/product\/origami-anhanger\/"},"modified":"2025-06-01T13:48:30","modified_gmt":"2025-06-01T11:48:30","slug":"origami-anhanger","status":"publish","type":"product","link":"https:\/\/dreamonwedding.it\/de\/produkt\/origami-anhanger\/","title":{"rendered":"Origami-Anh\u00e4nger"},"content":{"rendered":"<h6>Origami-Anh\u00e4nger<\/h6>\n<p>Originalschmuck, handgefertigt in Italien aus alten Origami-gefalteten B\u00fcchern.<\/p>\n<p>Der Anh\u00e4nger ist ein original handgefertigtes Papierjuwel, das auf einer goldverzinkten Zamakplatte montiert ist und den symbolischen indischen Knoten, blaue und sandfarbene Holzscheiben, zwei orangefarbene Karneolperlen, eine blaue facettierte Holzperle, Rocailles aus Kristallglas und Messingelemente darstellt.< br \/><br \/>\nAlle Anh\u00e4nger werden mit ihrer Naturfaserspitze geliefert.<\/p>\n<p>Nickelfrei.<\/p>\n<p>Wir garantieren Expresszustellung per DHL-Kurier (2-3 Werktage).<\/p>\n<p>Wenn Sie ein Profi sind oder dieses Produkt in gr\u00f6\u00dferen Mengen als dem auf der Website angezeigten Bestand ben\u00f6tigen <a href=\"https:\/\/dreamonwedding.it\/exclusive-italy-wedding-planner\/\">kontaktieren Sie uns< \/a> um ein individuelles Angebot zu erhalten.<\/p>\n<p>Alle unsere Produkte finden Sie auch auf <a href=\"https:\/\/g.page\/dream-on-emporio?we\" target=\"_blank\" rel=\"noopener\">Google Shopping.<\/a> <\/p>\n","protected":false},"excerpt":{"rendered":"<p>Handgefertigtes Schmuckst\u00fcck aus Papier, montiert auf einer vergoldeten Zamakplatte, mit Darstellung des symbolischen indischen Knotens, blauen und sandfarbenen Holzscheiben, zwei orangefarbenen Karneolperlen, einer blauen facettierten Holzperle, leuchtend blauen Kristallperlen und Messingelementen.<\/p>\n<p>Der Origami-Anh\u00e4nger wird mit einer eigenen Naturfaserschnur geliefert. Nickelfrei.<\/p>\n","protected":false},"featured_media":19438,"comment_status":"open","ping_status":"closed","template":"","meta":[],"product_brand":[],"product_cat":[660],"product_tag":[946,947,948,939,940],"class_list":{"0":"post-22198","1":"product","2":"type-product","3":"status-publish","4":"has-post-thumbnail","6":"product_cat-juwelen","7":"product_tag-anhanger","8":"product_tag-halskette","9":"product_tag-juwel","10":"product_tag-origami-de","11":"product_tag-papier-de","13":"first","14":"instock","15":"taxable","16":"shipping-taxable","17":"purchasable","18":"product-type-simple"},"_links":{"self":[{"href":"https:\/\/dreamonwedding.it\/de\/wp-json\/wp\/v2\/product\/22198","targetHints":{"allow":["GET"]}}],"collection":[{"href":"https:\/\/dreamonwedding.it\/de\/wp-json\/wp\/v2\/product"}],"about":[{"href":"https:\/\/dreamonwedding.it\/de\/wp-json\/wp\/v2\/types\/product"}],"replies":[{"embeddable":true,"href":"https:\/\/dreamonwedding.it\/de\/wp-json\/wp\/v2\/comments?post=22198"}],"wp:featuredmedia":[{"embeddable":true,"href":"https:\/\/dreamonwedding.it\/de\/wp-json\/wp\/v2\/media\/19438"}],"wp:attachment":[{"href":"https:\/\/dreamonwedding.it\/de\/wp-json\/wp\/v2\/media?parent=22198"}],"wp:term":[{"taxonomy":"product_brand","embeddable":true,"href":"https:\/\/dreamonwedding.it\/de\/wp-json\/wp\/v2\/product_brand?post=22198"},{"taxonomy":"product_cat","embeddable":true,"href":"https:\/\/dreamonwedding.it\/de\/wp-json\/wp\/v2\/product_cat?post=22198"},{"taxonomy":"product_tag","embeddable":true,"href":"https:\/\/dreamonwedding.it\/de\/wp-json\/wp\/v2\/product_tag?post=22198"}],"curies":[{"name":"wp","href":"https:\/\/api.w.org\/{rel}","templated":true}]}}