{"id":22199,"date":"2022-02-12T16:38:05","date_gmt":"2022-02-12T15:38:05","guid":{"rendered":"https:\/\/dreamonwedding.it\/product\/polaroid-600-vintage\/"},"modified":"2024-11-10T06:59:53","modified_gmt":"2024-11-10T05:59:53","slug":"polaroid-600-vintage","status":"publish","type":"product","link":"https:\/\/dreamonwedding.it\/de\/produkt\/polaroid-600-vintage\/","title":{"rendered":"Polaroid 600 Vintage"},"content":{"rendered":"<h5>Kultige Polaroid 600 Vintage. Ein unverzichtbares Sammlerst\u00fcck f\u00fcr alle Fotografie- und Design-Enthusiasten.<\/h5>\n<p>Verschiedene Modelle von Polariod Instant Vintage Film 600-Kameras, alle aus den 1980er Jahren.<\/p>\n<p>Ausgestattet mit Blitz und Autofokus, verschiedene Serien und Baujahre.<\/p>\n<p>Wird f\u00fcr eine Themenveranstaltung verwendet, der Mechanismus funktioniert einwandfrei, ich kann einige Gebrauchsspuren aufweisen, sie haben nicht die Originalverpackung und -verpackung.<\/p>\n<p>Vintage Polaroid 600s sind symbolische Objekte der 80er Jahre \u2013 perfekt f\u00fcr Sammler oder f\u00fcr eine originelle Photo Booth mit Vintage-Charme bei Hochzeiten und Events.<\/p>\n<p>Durchsuchen Sie unseren <a href=\"https:\/\/dreamonwedding.it\/dreamon-shop\/\">Shop<\/a> nach vielen besonderen und Designartikeln, die sich perfekt f\u00fcr die Einrichtung Ihres Zuhauses oder die Dekoration Ihrer Veranstaltung eignen.< \/p><\/p>\n<p>Wir garantieren Expresszustellung per DHL-Kurier (2-3 Werktage).<\/p>\n<p>Wenn Sie ein Profi sind oder dieses Produkt in gr\u00f6\u00dferen Mengen als dem auf der Website angezeigten Bestand ben\u00f6tigen <a href=\"https:\/\/dreamonwedding.it\/exclusive-italy-wedding-planner\/\">kontaktieren Sie uns< \/a> um ein individuelles Angebot zu erhalten.<\/p>\n<p>Alle unsere Produkte finden Sie auch auf <a href=\"https:\/\/g.page\/dream-on-emporio?we\" target=\"_blank\" rel=\"noopener\">Google Shopping.<\/a> <\/p>\n","protected":false},"excerpt":{"rendered":"<p>Kultige Polaroid 600 Vintage.<\/p>\n<p>Verschiedene Modelle von Polariod Instant Vintage Film 600-Kameras, alle aus den 1980er Jahren.<\/p>\n<p>&nbsp;<\/p>\n","protected":false},"featured_media":19549,"comment_status":"open","ping_status":"closed","template":"","meta":[],"product_brand":[],"product_cat":[15],"product_tag":[952,951,949,950],"class_list":{"0":"post-22199","1":"product","2":"type-product","3":"status-publish","4":"has-post-thumbnail","6":"product_cat-uncategorized","7":"product_tag-fotografie","8":"product_tag-kamera","9":"product_tag-polaroids-de","10":"product_tag-vintage-de","12":"first","13":"outofstock","14":"taxable","15":"shipping-taxable","16":"purchasable","17":"product-type-simple"},"_links":{"self":[{"href":"https:\/\/dreamonwedding.it\/de\/wp-json\/wp\/v2\/product\/22199","targetHints":{"allow":["GET"]}}],"collection":[{"href":"https:\/\/dreamonwedding.it\/de\/wp-json\/wp\/v2\/product"}],"about":[{"href":"https:\/\/dreamonwedding.it\/de\/wp-json\/wp\/v2\/types\/product"}],"replies":[{"embeddable":true,"href":"https:\/\/dreamonwedding.it\/de\/wp-json\/wp\/v2\/comments?post=22199"}],"wp:featuredmedia":[{"embeddable":true,"href":"https:\/\/dreamonwedding.it\/de\/wp-json\/wp\/v2\/media\/19549"}],"wp:attachment":[{"href":"https:\/\/dreamonwedding.it\/de\/wp-json\/wp\/v2\/media?parent=22199"}],"wp:term":[{"taxonomy":"product_brand","embeddable":true,"href":"https:\/\/dreamonwedding.it\/de\/wp-json\/wp\/v2\/product_brand?post=22199"},{"taxonomy":"product_cat","embeddable":true,"href":"https:\/\/dreamonwedding.it\/de\/wp-json\/wp\/v2\/product_cat?post=22199"},{"taxonomy":"product_tag","embeddable":true,"href":"https:\/\/dreamonwedding.it\/de\/wp-json\/wp\/v2\/product_tag?post=22199"}],"curies":[{"name":"wp","href":"https:\/\/api.w.org\/{rel}","templated":true}]}}