{"id":22200,"date":"2023-03-16T09:01:19","date_gmt":"2023-03-16T08:01:19","guid":{"rendered":"https:\/\/dreamonwedding.it\/product\/ex-voto-herz-aus-metall-farbe-antikgold-3-grosen\/"},"modified":"2023-06-26T17:00:35","modified_gmt":"2023-06-26T15:00:35","slug":"ex-voto-herz-aus-metall-farbe-antikgold-3-grosen","status":"publish","type":"product","link":"https:\/\/dreamonwedding.it\/de\/produkt\/ex-voto-herz-aus-metall-farbe-antikgold-3-grosen\/","title":{"rendered":"Ex-Voto-Herz aus Metall \u2013 Farbe Antikgold \u2013 3 Gr\u00f6\u00dfen"},"content":{"rendered":"<h5>Ex-Voto-Herz aus antikgoldfarbenem Metall.<\/h5>\n<p>Atemberaubender Anh\u00e4nger, der ein klassisch aussehendes Votiv-Heiliges Herz aus antikgoldfarbenem Metall darstellt.<\/p>\n<p>Seine Form eignet sich perfekt f\u00fcr Dekorationen.<\/p>\n<p>&nbsp;<\/p>\n<p>Wir garantieren Expresszustellung per DHL-Kurier (2-3 Werktage).<\/p>\n<p>Wenn Sie ein Profi sind oder dieses Produkt in gr\u00f6\u00dferen Mengen als dem auf der Website angezeigten Bestand ben\u00f6tigen, <a href=\"https:\/\/dreamonwedding.it\/exclusive-italy-wedding-planner\/\">kontaktieren Sie uns<\/ a> um ein individuelles Angebot zu erhalten.<\/p>\n<p>Folgen Sie uns auf <a href=\"https:\/\/www.instagram.com\/dreamon_emporio\/\" target=\"_blank\" rel=\"noopener\">Instagram<\/a>, um sich inspirieren zu lassen, oder besuchen Sie uns auf unserer <a href=\"https:\/\/g.page\/ dream-on-emporio?we\" target=\"_blank\" rel=\"noopener\">Showroom!<\/a><\/p>\n","protected":false},"excerpt":{"rendered":"<p>Atemberaubender Anh\u00e4nger, der ein klassisch aussehendes Votiv-Heiliges Herz aus antikgoldfarbenem Metall darstellt.<\/p>\n<p>Seine Form eignet sich perfekt f\u00fcr Dekorationen.<\/p>\n","protected":false},"featured_media":21226,"comment_status":"open","ping_status":"closed","template":"","meta":[],"product_brand":[],"product_cat":[648],"product_tag":[834,860,859,862,858],"class_list":{"0":"post-22200","1":"product","2":"type-product","3":"status-publish","4":"has-post-thumbnail","6":"product_cat-dekorationen","7":"product_tag-dekoration","8":"product_tag-ex-voto-de","9":"product_tag-gold","10":"product_tag-herz","11":"product_tag-metall","13":"first","14":"instock","15":"taxable","16":"shipping-taxable","17":"purchasable","18":"product-type-variable"},"_links":{"self":[{"href":"https:\/\/dreamonwedding.it\/de\/wp-json\/wp\/v2\/product\/22200","targetHints":{"allow":["GET"]}}],"collection":[{"href":"https:\/\/dreamonwedding.it\/de\/wp-json\/wp\/v2\/product"}],"about":[{"href":"https:\/\/dreamonwedding.it\/de\/wp-json\/wp\/v2\/types\/product"}],"replies":[{"embeddable":true,"href":"https:\/\/dreamonwedding.it\/de\/wp-json\/wp\/v2\/comments?post=22200"}],"wp:featuredmedia":[{"embeddable":true,"href":"https:\/\/dreamonwedding.it\/de\/wp-json\/wp\/v2\/media\/21226"}],"wp:attachment":[{"href":"https:\/\/dreamonwedding.it\/de\/wp-json\/wp\/v2\/media?parent=22200"}],"wp:term":[{"taxonomy":"product_brand","embeddable":true,"href":"https:\/\/dreamonwedding.it\/de\/wp-json\/wp\/v2\/product_brand?post=22200"},{"taxonomy":"product_cat","embeddable":true,"href":"https:\/\/dreamonwedding.it\/de\/wp-json\/wp\/v2\/product_cat?post=22200"},{"taxonomy":"product_tag","embeddable":true,"href":"https:\/\/dreamonwedding.it\/de\/wp-json\/wp\/v2\/product_tag?post=22200"}],"curies":[{"name":"wp","href":"https:\/\/api.w.org\/{rel}","templated":true}]}}