{"id":22204,"date":"2023-03-15T17:38:08","date_gmt":"2023-03-15T16:38:08","guid":{"rendered":"https:\/\/dreamonwedding.it\/product\/antikbronze-metallkrone-h7-cm\/"},"modified":"2023-03-15T17:38:08","modified_gmt":"2023-03-15T16:38:08","slug":"antikbronze-metallkrone-h7-cm","status":"publish","type":"product","link":"https:\/\/dreamonwedding.it\/de\/produkt\/antikbronze-metallkrone-h7-cm\/","title":{"rendered":"Antikbronze-Metallkrone \u2013 H7 cm"},"content":{"rendered":"<h5>Krone aus bronzefarbenem Metall mit Antikeffekt.<\/h5>\n<p>Metallkrone, antik bronzefarben, verziert mit Sternen und Blumen und kleinen transparenten Kristallen, ein dekoratives Detail, das Eleganz und Originalit\u00e4t verleiht.<\/p>\n<p>Diese Krone verleiht Ihren Dekorationen eine besondere Note.<\/p>\n<p>&nbsp;<\/p>\n<p>Wir garantieren Expresszustellung per DHL-Kurier (2-3 Werktage).<\/p>\n<p>Wenn Sie ein Profi sind oder dieses Produkt in gr\u00f6\u00dferen Mengen als dem auf der Website angezeigten Bestand ben\u00f6tigen, <a href=\"https:\/\/dreamonwedding.it\/exclusive-italy-wedding-planner\/\">kontaktieren Sie uns<\/ a> um ein individuelles Angebot zu erhalten.<\/p>\n<p>Folgen Sie uns auf <a href=\"https:\/\/www.instagram.com\/dreamon_emporio\/\" target=\"_blank\" rel=\"noopener\">Instagram<\/a>, um sich inspirieren zu lassen, oder besuchen Sie uns auf unserer <a href=\"https:\/\/g.page\/ dream-on-emporio?we\" target=\"_blank\" rel=\"noopener\">Showroom!<\/a><\/p>\n","protected":false},"excerpt":{"rendered":"<p>Metallkrone, antik bronzefarben, verziert mit Sternen und Blumen und kleinen transparenten Kristallen, ein dekoratives Detail, das Eleganz und Originalit\u00e4t verleiht.<\/p>\n<p>Diese Krone verleiht Ihren Dekorationen eine besondere Note.<\/p>\n","protected":false},"featured_media":21223,"comment_status":"open","ping_status":"closed","template":"","meta":[],"product_brand":[],"product_cat":[648,660],"product_tag":[854,953,858,954],"class_list":{"0":"post-22204","1":"product","2":"type-product","3":"status-publish","4":"has-post-thumbnail","6":"product_cat-dekorationen","7":"product_cat-juwelen","8":"product_tag-bronze-de","9":"product_tag-krone","10":"product_tag-metall","11":"product_tag-sterne","13":"first","14":"instock","15":"taxable","16":"shipping-taxable","17":"purchasable","18":"product-type-simple"},"_links":{"self":[{"href":"https:\/\/dreamonwedding.it\/de\/wp-json\/wp\/v2\/product\/22204","targetHints":{"allow":["GET"]}}],"collection":[{"href":"https:\/\/dreamonwedding.it\/de\/wp-json\/wp\/v2\/product"}],"about":[{"href":"https:\/\/dreamonwedding.it\/de\/wp-json\/wp\/v2\/types\/product"}],"replies":[{"embeddable":true,"href":"https:\/\/dreamonwedding.it\/de\/wp-json\/wp\/v2\/comments?post=22204"}],"wp:featuredmedia":[{"embeddable":true,"href":"https:\/\/dreamonwedding.it\/de\/wp-json\/wp\/v2\/media\/21223"}],"wp:attachment":[{"href":"https:\/\/dreamonwedding.it\/de\/wp-json\/wp\/v2\/media?parent=22204"}],"wp:term":[{"taxonomy":"product_brand","embeddable":true,"href":"https:\/\/dreamonwedding.it\/de\/wp-json\/wp\/v2\/product_brand?post=22204"},{"taxonomy":"product_cat","embeddable":true,"href":"https:\/\/dreamonwedding.it\/de\/wp-json\/wp\/v2\/product_cat?post=22204"},{"taxonomy":"product_tag","embeddable":true,"href":"https:\/\/dreamonwedding.it\/de\/wp-json\/wp\/v2\/product_tag?post=22204"}],"curies":[{"name":"wp","href":"https:\/\/api.w.org\/{rel}","templated":true}]}}