{"id":22208,"date":"2023-03-15T16:43:01","date_gmt":"2023-03-15T15:43:01","guid":{"rendered":"https:\/\/dreamonwedding.it\/product\/artischockenformige-vase-braune-keramik-2-grosen\/"},"modified":"2025-06-06T22:21:32","modified_gmt":"2025-06-06T20:21:32","slug":"artischockenformige-vase-braune-keramik-2-grosen","status":"publish","type":"product","link":"https:\/\/dreamonwedding.it\/de\/produkt\/artischockenformige-vase-braune-keramik-2-grosen\/","title":{"rendered":"Artischockenf\u00f6rmige Vase \u2013 braune Keramik \u2013 2 Gr\u00f6\u00dfen"},"content":{"rendered":"<h5>Braune Artischockenvase aus Keramik.<\/h5>\n<p>Edle braune Keramikvase, ideal f\u00fcr Arrangements, Tafelaufsatzdekorationen, Empf\u00e4nge oder f\u00fcr die Inneneinrichtung.<\/p>\n<p>M\u00f6bel, das als Beh\u00e4lter f\u00fcr die Dekoration von Veranstaltungen, Arrangements oder Hochzeiten verwendet werden kann.<\/p>\n<p>&nbsp;<\/p>\n<p>Wir garantieren Expresszustellung per DHL-Kurier (2-3 Werktage).<\/p>\n<p>Wenn Sie ein Profi sind oder dieses Produkt in gr\u00f6\u00dferen Mengen als dem auf der Website angezeigten Bestand ben\u00f6tigen, <a href=\"https:\/\/dreamonwedding.it\/exclusive-italy-wedding-planner\/\">kontaktieren Sie uns<\/ a> um ein individuelles Angebot zu erhalten.<\/p>\n<p>Folgen Sie uns auf <a href=\"https:\/\/www.instagram.com\/dreamon_emporio\/\" target=\"_blank\" rel=\"noopener\">Instagram<\/a>, um sich inspirieren zu lassen, oder besuchen Sie uns auf unserer <a href=\"https:\/\/g.page\/ dream-on-emporio?we\" target=\"_blank\" rel=\"noopener\">Showroom!<\/a><\/p>\n","protected":false},"excerpt":{"rendered":"<p>Edle braune Keramikvase, ideal f\u00fcr Arrangements, Tafelaufsatzdekorationen, Empf\u00e4nge oder f\u00fcr die Inneneinrichtung.<\/p>\n<p>M\u00f6bel, das als Beh\u00e4lter f\u00fcr die Dekoration von Veranstaltungen, Arrangements oder Hochzeiten verwendet werden kann.<\/p>\n","protected":false},"featured_media":21208,"comment_status":"open","ping_status":"closed","template":"","meta":[],"product_brand":[],"product_cat":[643,648,666],"product_tag":[833,957,958,675,673],"class_list":{"0":"post-22208","1":"product","2":"type-product","3":"status-publish","4":"has-post-thumbnail","6":"product_cat-behalter","7":"product_cat-dekorationen","8":"product_cat-vasen","9":"product_tag-alt","10":"product_tag-artischocke","11":"product_tag-braun","12":"product_tag-keramik","13":"product_tag-vase-de","15":"first","16":"instock","17":"taxable","18":"shipping-taxable","19":"purchasable","20":"product-type-variable"},"_links":{"self":[{"href":"https:\/\/dreamonwedding.it\/de\/wp-json\/wp\/v2\/product\/22208","targetHints":{"allow":["GET"]}}],"collection":[{"href":"https:\/\/dreamonwedding.it\/de\/wp-json\/wp\/v2\/product"}],"about":[{"href":"https:\/\/dreamonwedding.it\/de\/wp-json\/wp\/v2\/types\/product"}],"replies":[{"embeddable":true,"href":"https:\/\/dreamonwedding.it\/de\/wp-json\/wp\/v2\/comments?post=22208"}],"wp:featuredmedia":[{"embeddable":true,"href":"https:\/\/dreamonwedding.it\/de\/wp-json\/wp\/v2\/media\/21208"}],"wp:attachment":[{"href":"https:\/\/dreamonwedding.it\/de\/wp-json\/wp\/v2\/media?parent=22208"}],"wp:term":[{"taxonomy":"product_brand","embeddable":true,"href":"https:\/\/dreamonwedding.it\/de\/wp-json\/wp\/v2\/product_brand?post=22208"},{"taxonomy":"product_cat","embeddable":true,"href":"https:\/\/dreamonwedding.it\/de\/wp-json\/wp\/v2\/product_cat?post=22208"},{"taxonomy":"product_tag","embeddable":true,"href":"https:\/\/dreamonwedding.it\/de\/wp-json\/wp\/v2\/product_tag?post=22208"}],"curies":[{"name":"wp","href":"https:\/\/api.w.org\/{rel}","templated":true}]}}