{"id":22211,"date":"2023-03-15T15:59:06","date_gmt":"2023-03-15T14:59:06","guid":{"rendered":"https:\/\/dreamonwedding.it\/product\/kerzenstander-mit-blumendekor-antikgoldblech-2-grosen\/"},"modified":"2023-03-15T15:59:06","modified_gmt":"2023-03-15T14:59:06","slug":"kerzenstander-mit-blumendekor-antikgoldblech-2-grosen","status":"publish","type":"product","link":"https:\/\/dreamonwedding.it\/de\/produkt\/kerzenstander-mit-blumendekor-antikgoldblech-2-grosen\/","title":{"rendered":"Kerzenst\u00e4nder mit Blumendekor &#8211; Antikgoldblech &#8211; 2 Gr\u00f6\u00dfen"},"content":{"rendered":"<h5>Kerzenst\u00e4nder mit altmodischem Goldblumendekor.<\/h5>\n<p>Edler 5-flammiger Kerzenhalter mit Blumendekor und Finish in Antikgold-Optik.<\/p>\n<p>Perfekt als Dekoration f\u00fcr edle Festtafeln und als Einrichtungsaccessoire f\u00fcr Innenr\u00e4ume.<\/p>\n<p>Dekoration mit viel Liebe zum Detail, ein Muss in Themensets.<\/p>\n<p>&nbsp;<\/p>\n<p>Wir garantieren Expresszustellung per DHL-Kurier (2-3 Werktage).<\/p>\n<p>Wenn Sie ein Profi sind oder dieses Produkt in gr\u00f6\u00dferen Mengen als dem auf der Website angezeigten Bestand ben\u00f6tigen, <a href=\"https:\/\/dreamonwedding.it\/exclusive-italy-wedding-planner\/\">kontaktieren Sie uns<\/ a> um ein individuelles Angebot zu erhalten.<\/p>\n<p>Folgen Sie uns auf <a href=\"https:\/\/www.instagram.com\/dreamon_emporio\/\" target=\"_blank\" rel=\"noopener\">Instagram<\/a>, um sich inspirieren zu lassen, oder besuchen Sie uns auf unserer <a href=\"https:\/\/g.page\/ dream-on-emporio?we\" target=\"_blank\" rel=\"noopener\">Showroom!<\/a><\/p>\n","protected":false},"excerpt":{"rendered":"<p>Edler 5-flammiger Kerzenhalter mit Blumendekor und Finish in Antikgold-Optik.<\/p>\n<p>Perfekt als Dekoration f\u00fcr edle Festtafeln und als Einrichtungsaccessoire f\u00fcr Innenr\u00e4ume.<\/p>\n","protected":false},"featured_media":21202,"comment_status":"open","ping_status":"closed","template":"","meta":[],"product_brand":[],"product_cat":[649,648,641,664,642],"product_tag":[956,955,859,875,864],"class_list":{"0":"post-22211","1":"product","2":"type-product","3":"status-publish","4":"has-post-thumbnail","6":"product_cat-blumen","7":"product_cat-dekorationen","8":"product_cat-kerzen","9":"product_cat-kerzenhalter","10":"product_cat-kronleuchter","11":"product_tag-anstand","12":"product_tag-blumen-de","13":"product_tag-gold","14":"product_tag-laterne-de","15":"product_tag-leuchter","17":"first","18":"instock","19":"taxable","20":"shipping-taxable","21":"purchasable","22":"product-type-variable"},"_links":{"self":[{"href":"https:\/\/dreamonwedding.it\/de\/wp-json\/wp\/v2\/product\/22211","targetHints":{"allow":["GET"]}}],"collection":[{"href":"https:\/\/dreamonwedding.it\/de\/wp-json\/wp\/v2\/product"}],"about":[{"href":"https:\/\/dreamonwedding.it\/de\/wp-json\/wp\/v2\/types\/product"}],"replies":[{"embeddable":true,"href":"https:\/\/dreamonwedding.it\/de\/wp-json\/wp\/v2\/comments?post=22211"}],"wp:featuredmedia":[{"embeddable":true,"href":"https:\/\/dreamonwedding.it\/de\/wp-json\/wp\/v2\/media\/21202"}],"wp:attachment":[{"href":"https:\/\/dreamonwedding.it\/de\/wp-json\/wp\/v2\/media?parent=22211"}],"wp:term":[{"taxonomy":"product_brand","embeddable":true,"href":"https:\/\/dreamonwedding.it\/de\/wp-json\/wp\/v2\/product_brand?post=22211"},{"taxonomy":"product_cat","embeddable":true,"href":"https:\/\/dreamonwedding.it\/de\/wp-json\/wp\/v2\/product_cat?post=22211"},{"taxonomy":"product_tag","embeddable":true,"href":"https:\/\/dreamonwedding.it\/de\/wp-json\/wp\/v2\/product_tag?post=22211"}],"curies":[{"name":"wp","href":"https:\/\/api.w.org\/{rel}","templated":true}]}}