{"id":22214,"date":"2023-03-15T15:23:43","date_gmt":"2023-03-15T14:23:43","guid":{"rendered":"https:\/\/dreamonwedding.it\/product\/fotoclip-aus-schwarzem-metall-2-grosen\/"},"modified":"2023-06-26T17:09:20","modified_gmt":"2023-06-26T15:09:20","slug":"fotoclip-aus-schwarzem-metall-2-grosen","status":"publish","type":"product","link":"https:\/\/dreamonwedding.it\/de\/produkt\/fotoclip-aus-schwarzem-metall-2-grosen\/","title":{"rendered":"Fotoclip aus schwarzem Metall \u2013 2 Gr\u00f6\u00dfen"},"content":{"rendered":"<h5>Fotoclip aus schwarzem Metall<\/h5>\n<p>Einzigartiger und eleganter Fotorahmen aus hochwertigem Eisen, solide und langlebig.<\/p>\n<p>Ideal f\u00fcr Tafelaufs\u00e4tze, Gastgeschenke, Fotos und Einladungen und sehr n\u00fctzlich f\u00fcr Veranstaltungen, Hochzeiten oder als M\u00f6belst\u00fcck.<\/p>\n<p>&nbsp;<\/p>\n<p>Wir garantieren Expresszustellung per DHL-Kurier (2-3 Werktage).<\/p>\n<p>Wenn Sie ein Profi sind oder dieses Produkt in gr\u00f6\u00dferen Mengen als dem auf der Website angezeigten Bestand ben\u00f6tigen, <a href=\"https:\/\/dreamonwedding.it\/exclusive-italy-wedding-planner\/\">kontaktieren Sie uns<\/ a> um ein individuelles Angebot zu erhalten.<\/p>\n<p>Folgen Sie uns auf <a href=\"https:\/\/www.instagram.com\/dreamon_emporio\/\" target=\"_blank\" rel=\"noopener\">Instagram<\/a>, um sich inspirieren zu lassen, oder besuchen Sie uns auf unserer <a href=\"https:\/\/g.page\/ dream-on-emporio?we\" target=\"_blank\" rel=\"noopener\">Showroom!<\/a><\/p>\n","protected":false},"excerpt":{"rendered":"<p>Einzigartiger und eleganter Fotorahmen aus hochwertigem Eisen, solide und langlebig.<\/p>\n<p>Ideal f\u00fcr Tafelaufs\u00e4tze, Gastgeschenke, Fotos und Einladungen und sehr n\u00fctzlich f\u00fcr Veranstaltungen, Hochzeiten oder als M\u00f6belst\u00fcck.<\/p>\n","protected":false},"featured_media":21196,"comment_status":"open","ping_status":"closed","template":"","meta":[],"product_brand":[],"product_cat":[15],"product_tag":[849,858,960,959],"class_list":{"0":"post-22214","1":"product","2":"type-product","3":"status-publish","4":"has-post-thumbnail","6":"product_cat-uncategorized","7":"product_tag-clip-de","8":"product_tag-metall","9":"product_tag-rahmen-de","10":"product_tag-schwarz","12":"first","13":"instock","14":"taxable","15":"shipping-taxable","16":"purchasable","17":"product-type-variable"},"_links":{"self":[{"href":"https:\/\/dreamonwedding.it\/de\/wp-json\/wp\/v2\/product\/22214","targetHints":{"allow":["GET"]}}],"collection":[{"href":"https:\/\/dreamonwedding.it\/de\/wp-json\/wp\/v2\/product"}],"about":[{"href":"https:\/\/dreamonwedding.it\/de\/wp-json\/wp\/v2\/types\/product"}],"replies":[{"embeddable":true,"href":"https:\/\/dreamonwedding.it\/de\/wp-json\/wp\/v2\/comments?post=22214"}],"wp:featuredmedia":[{"embeddable":true,"href":"https:\/\/dreamonwedding.it\/de\/wp-json\/wp\/v2\/media\/21196"}],"wp:attachment":[{"href":"https:\/\/dreamonwedding.it\/de\/wp-json\/wp\/v2\/media?parent=22214"}],"wp:term":[{"taxonomy":"product_brand","embeddable":true,"href":"https:\/\/dreamonwedding.it\/de\/wp-json\/wp\/v2\/product_brand?post=22214"},{"taxonomy":"product_cat","embeddable":true,"href":"https:\/\/dreamonwedding.it\/de\/wp-json\/wp\/v2\/product_cat?post=22214"},{"taxonomy":"product_tag","embeddable":true,"href":"https:\/\/dreamonwedding.it\/de\/wp-json\/wp\/v2\/product_tag?post=22214"}],"curies":[{"name":"wp","href":"https:\/\/api.w.org\/{rel}","templated":true}]}}