{"id":22217,"date":"2022-02-12T16:59:09","date_gmt":"2022-02-12T15:59:09","guid":{"rendered":"https:\/\/dreamonwedding.it\/product\/mexikanisches-ex-voto\/"},"modified":"2022-02-12T16:59:09","modified_gmt":"2022-02-12T15:59:09","slug":"mexikanisches-ex-voto","status":"publish","type":"product","link":"https:\/\/dreamonwedding.it\/de\/produkt\/mexikanisches-ex-voto\/","title":{"rendered":"Mexikanisches Ex-Voto"},"content":{"rendered":"<h5>Anspruchsvolle mexikanische Ex-Voto-Karte aus nat\u00fcrlichem Metallblech mit der Darstellung des Heiligen Herzens, handverziert mit leuchtenden Farben.<\/h5>\n<p>In Mexiko gibt es eine starke Tradition von Ex-Voto-Heiligen Herzen, die dazu dienen, einen Wunsch zu begleiten oder einfach nur zu schm\u00fccken. Diese aus gepr\u00e4gtem Metall handgefertigten heiligen Herzen werden anschlie\u00dfend von Kunsthandwerkern bemalt, die sie nach ihren Vorstellungen anfertigen.<\/p>\n<p>Mit der speziellen \u00d6se kann das Ex Voto aufgeh\u00e4ngt oder angen\u00e4ht werden.<\/p>\n<p>Mexikanische Ex Votos sind perfekte Dekorationen f\u00fcr Ihre M\u00f6bel oder Accessoires, die auf Kleidung und Taschen angebracht werden k\u00f6nnen. Ideal f\u00fcr ausgefallene Geschenke anl\u00e4sslich Ihrer Events.<\/p>\n<p>Besuchen Sie unseren <a href=\"https:\/\/dreamonwedding.it\/dreamon-shop\/\">Shop<\/a>  oder folgen Sie uns auf <a href=\"https:\/\/www.instagram.com\/dreamon_emporio\/ \" target=\"_blank\" rel=\"noopener\">Instagram<\/a> f\u00fcr weitere interessante Inspirationen.<\/p>\n","protected":false},"excerpt":{"rendered":"<p>Anspruchsvolles mexikanisches Ex Voto aus nat\u00fcrlichem Metallblech mit Darstellung einer entz\u00fcckenden Taube, die auf einem herrlich verzierten heiligen Herzen ruht.<\/p>\n<p>In Mexiko gibt es eine starke Tradition von Ex-Voto-Heiligen Herzen, die dazu dienen, einen Wunsch zu begleiten oder einfach nur zu schm\u00fccken. Diese aus gepr\u00e4gtem Metall handgefertigten heiligen Herzen werden anschlie\u00dfend von Kunsthandwerkern bemalt, die sie nach ihren Vorstellungen anfertigen.<\/p>\n<p>Mit der speziellen \u00d6se kann das Ex Voto aufgeh\u00e4ngt oder angen\u00e4ht werden.<\/p>\n","protected":false},"featured_media":19546,"comment_status":"open","ping_status":"closed","template":"","meta":[],"product_brand":[],"product_cat":[648],"product_tag":[961,962,834,860],"class_list":{"0":"post-22217","1":"product","2":"type-product","3":"status-publish","4":"has-post-thumbnail","6":"product_cat-dekorationen","7":"product_tag-anwendung","8":"product_tag-cadeaux-de","9":"product_tag-dekoration","10":"product_tag-ex-voto-de","12":"first","13":"outofstock","14":"taxable","15":"shipping-taxable","16":"purchasable","17":"product-type-simple"},"_links":{"self":[{"href":"https:\/\/dreamonwedding.it\/de\/wp-json\/wp\/v2\/product\/22217","targetHints":{"allow":["GET"]}}],"collection":[{"href":"https:\/\/dreamonwedding.it\/de\/wp-json\/wp\/v2\/product"}],"about":[{"href":"https:\/\/dreamonwedding.it\/de\/wp-json\/wp\/v2\/types\/product"}],"replies":[{"embeddable":true,"href":"https:\/\/dreamonwedding.it\/de\/wp-json\/wp\/v2\/comments?post=22217"}],"wp:featuredmedia":[{"embeddable":true,"href":"https:\/\/dreamonwedding.it\/de\/wp-json\/wp\/v2\/media\/19546"}],"wp:attachment":[{"href":"https:\/\/dreamonwedding.it\/de\/wp-json\/wp\/v2\/media?parent=22217"}],"wp:term":[{"taxonomy":"product_brand","embeddable":true,"href":"https:\/\/dreamonwedding.it\/de\/wp-json\/wp\/v2\/product_brand?post=22217"},{"taxonomy":"product_cat","embeddable":true,"href":"https:\/\/dreamonwedding.it\/de\/wp-json\/wp\/v2\/product_cat?post=22217"},{"taxonomy":"product_tag","embeddable":true,"href":"https:\/\/dreamonwedding.it\/de\/wp-json\/wp\/v2\/product_tag?post=22217"}],"curies":[{"name":"wp","href":"https:\/\/api.w.org\/{rel}","templated":true}]}}