{"id":22221,"date":"2023-02-17T10:48:33","date_gmt":"2023-02-17T09:48:33","guid":{"rendered":"https:\/\/dreamonwedding.it\/product\/platzhalterrahmen-aus-metall-3er-set\/"},"modified":"2023-02-17T10:48:33","modified_gmt":"2023-02-17T09:48:33","slug":"platzhalterrahmen-aus-metall-3er-set","status":"publish","type":"product","link":"https:\/\/dreamonwedding.it\/de\/produkt\/platzhalterrahmen-aus-metall-3er-set\/","title":{"rendered":"Platzhalterrahmen aus Metall \u2013 3er-Set"},"content":{"rendered":"<h6>Platzhalterrahmen aus Metall<\/h6>\n<p>Wir lieben diese kleinen dekorativen Metallrahmen, sie haben die perfekte Gr\u00f6\u00dfe, um Fotos und andere Andenken zu pr\u00e4sentieren. Sie k\u00f6nnen als raffinierte Tischkarte, entz\u00fcckende Cadeaux oder ausgefallene Weihnachtsdekoration verwendet werden. Versch\u00f6nern Sie Ihre Arrangements mit einer Mischung aus Formen, die alle mit Fotos personalisiert sind, oder f\u00fcllen Sie sie mit zartem Blattwerk, Federn oder anderen kleinen Andenken. Neben Dekorationen sind sie auch ein wirklich zauberhaftes, personalisiertes Geschenk.<\/p>\n<p>Das Metall wird mit traditionellen Werkzeugen fachm\u00e4nnisch um das Glas geschwei\u00dft; Dieser handwerkliche Prozess f\u00fchrt dazu, dass sich an den N\u00e4hten jedes Teils Schwei\u00dfspuren befinden, ein Merkmal, das wir lieben, da es die Geschichte der Herstellung des Produkts erz\u00e4hlt.<\/p>\n<p>Das Set besteht aus einer Mischung aus Messing und Kupfer in den Formen Quadrat, Dreieck und Sechseck.<\/p>\n<p>Wir garantieren Expresszustellung per DHL-Kurier (2-3 Werktage).<\/p>\n<p>Wenn Sie ein Profi sind oder dieses Produkt in gr\u00f6\u00dferen Mengen als dem auf der Website angezeigten Bestand ben\u00f6tigen<a href=\"https:\/\/dreamonwedding.it\/index.php\/contatti\"> kontaktieren Sie uns<\/a> f\u00fcr einen personalisiertes Angebot.<\/p>\n<p>Alle unsere Produkte finden Sie auch in unserem<a href=\"https:\/\/g.page\/dream-on-emporio?gm\" target=\"_blank\" rel=\"noopener\"> Emporio, kommen Sie uns besuchen im Ausstellungsraum!<\/a><\/p>\n","protected":false},"excerpt":{"rendered":"<p>Kleiner Platzhalterrahmen, drei Formen (Dreieck, Quadrat, Sechseck), gemischt aus Kupfer und Messing.<\/p>\n<p>3er-Set.<\/p>\n","protected":false},"featured_media":19522,"comment_status":"open","ping_status":"closed","template":"","meta":[],"product_brand":[],"product_cat":[648,645],"product_tag":[924,927,925,879,926],"class_list":{"0":"post-22221","1":"product","2":"type-product","3":"status-publish","4":"has-post-thumbnail","6":"product_cat-dekorationen","7":"product_cat-gesims","8":"product_tag-gesims","9":"product_tag-hochzeitsgeschenk","10":"product_tag-kupfer","11":"product_tag-messing","12":"product_tag-platzhalter","14":"first","15":"instock","16":"taxable","17":"shipping-taxable","18":"purchasable","19":"product-type-simple"},"_links":{"self":[{"href":"https:\/\/dreamonwedding.it\/de\/wp-json\/wp\/v2\/product\/22221","targetHints":{"allow":["GET"]}}],"collection":[{"href":"https:\/\/dreamonwedding.it\/de\/wp-json\/wp\/v2\/product"}],"about":[{"href":"https:\/\/dreamonwedding.it\/de\/wp-json\/wp\/v2\/types\/product"}],"replies":[{"embeddable":true,"href":"https:\/\/dreamonwedding.it\/de\/wp-json\/wp\/v2\/comments?post=22221"}],"wp:featuredmedia":[{"embeddable":true,"href":"https:\/\/dreamonwedding.it\/de\/wp-json\/wp\/v2\/media\/19522"}],"wp:attachment":[{"href":"https:\/\/dreamonwedding.it\/de\/wp-json\/wp\/v2\/media?parent=22221"}],"wp:term":[{"taxonomy":"product_brand","embeddable":true,"href":"https:\/\/dreamonwedding.it\/de\/wp-json\/wp\/v2\/product_brand?post=22221"},{"taxonomy":"product_cat","embeddable":true,"href":"https:\/\/dreamonwedding.it\/de\/wp-json\/wp\/v2\/product_cat?post=22221"},{"taxonomy":"product_tag","embeddable":true,"href":"https:\/\/dreamonwedding.it\/de\/wp-json\/wp\/v2\/product_tag?post=22221"}],"curies":[{"name":"wp","href":"https:\/\/api.w.org\/{rel}","templated":true}]}}