{"id":22222,"date":"2023-02-24T10:39:21","date_gmt":"2023-02-24T09:39:21","guid":{"rendered":"https:\/\/dreamonwedding.it\/product\/taubengrauer-kissenbezug-mit-ringen\/"},"modified":"2023-02-24T10:39:21","modified_gmt":"2023-02-24T09:39:21","slug":"taubengrauer-kissenbezug-mit-ringen","status":"publish","type":"product","link":"https:\/\/dreamonwedding.it\/de\/produkt\/taubengrauer-kissenbezug-mit-ringen\/","title":{"rendered":"Taubengrauer Kissenbezug mit Ringen"},"content":{"rendered":"<h5>Dekorativer Kissenbezug f\u00fcr den Innenbereich, taubengrau.<\/h5>\n<p>Eleganter Bezug f\u00fcr Kissen 40&#215;40 cm, sehr vielseitige Farbe, die verschiedene Kombinationen erm\u00f6glicht.<\/p>\n<p>Ideal als Dekoration f\u00fcr das Wohn- und Schlafzimmer, perfekt f\u00fcr Veranstaltungen und Zeremonien.<\/p>\n<p>&nbsp;<\/p>\n<p>Wir garantieren Expresszustellung per DHL-Kurier (2-3 Werktage).<\/p>\n<p>Wenn Sie ein Profi sind oder dieses Produkt in gr\u00f6\u00dferen Mengen als dem auf der Website angezeigten Bestand ben\u00f6tigen, <a href=\"https:\/\/dreamonwedding.it\/exclusive-italy-wedding-planner\/\">kontaktieren Sie uns<\/ a> um ein individuelles Angebot zu erhalten.<\/p>\n<p>Folgen Sie uns auf <a href=\"https:\/\/www.instagram.com\/dreamon_emporio\/\" target=\"_blank\" rel=\"noopener\">Instagram<\/a>, um sich inspirieren zu lassen, oder besuchen Sie uns auf unserer <a href=\"https:\/\/g.page\/ dream-on-emporio?we\" target=\"_blank\" rel=\"noopener\">Showroom!<\/a><\/p>\n","protected":false},"excerpt":{"rendered":"<p>Eleganter 40 x 40 cm gro\u00dfer Kissenbezug, sehr vielseitige Farbe, die verschiedene Kombinationen erm\u00f6glicht.<\/p>\n<p>Ideal als Dekoration f\u00fcr das Wohn- und Schlafzimmer, perfekt f\u00fcr Veranstaltungen und Zeremonien.<\/p>\n","protected":false},"featured_media":21103,"comment_status":"open","ping_status":"closed","template":"","meta":[],"product_brand":[],"product_cat":[648,659,665],"product_tag":[963,964,967,965,966],"class_list":{"0":"post-22222","1":"product","2":"type-product","3":"status-publish","4":"has-post-thumbnail","6":"product_cat-dekorationen","7":"product_cat-liner","8":"product_cat-stoffe","9":"product_tag-beschichtung","10":"product_tag-kissen","11":"product_tag-kleine-ketten","12":"product_tag-stoffe","13":"product_tag-taube","15":"first","16":"instock","17":"taxable","18":"shipping-taxable","19":"purchasable","20":"product-type-simple"},"_links":{"self":[{"href":"https:\/\/dreamonwedding.it\/de\/wp-json\/wp\/v2\/product\/22222","targetHints":{"allow":["GET"]}}],"collection":[{"href":"https:\/\/dreamonwedding.it\/de\/wp-json\/wp\/v2\/product"}],"about":[{"href":"https:\/\/dreamonwedding.it\/de\/wp-json\/wp\/v2\/types\/product"}],"replies":[{"embeddable":true,"href":"https:\/\/dreamonwedding.it\/de\/wp-json\/wp\/v2\/comments?post=22222"}],"wp:featuredmedia":[{"embeddable":true,"href":"https:\/\/dreamonwedding.it\/de\/wp-json\/wp\/v2\/media\/21103"}],"wp:attachment":[{"href":"https:\/\/dreamonwedding.it\/de\/wp-json\/wp\/v2\/media?parent=22222"}],"wp:term":[{"taxonomy":"product_brand","embeddable":true,"href":"https:\/\/dreamonwedding.it\/de\/wp-json\/wp\/v2\/product_brand?post=22222"},{"taxonomy":"product_cat","embeddable":true,"href":"https:\/\/dreamonwedding.it\/de\/wp-json\/wp\/v2\/product_cat?post=22222"},{"taxonomy":"product_tag","embeddable":true,"href":"https:\/\/dreamonwedding.it\/de\/wp-json\/wp\/v2\/product_tag?post=22222"}],"curies":[{"name":"wp","href":"https:\/\/api.w.org\/{rel}","templated":true}]}}