{"id":22227,"date":"2023-02-24T14:41:44","date_gmt":"2023-02-24T13:41:44","guid":{"rendered":"https:\/\/dreamonwedding.it\/product\/gemeiselte-kristallurne-2-grosen\/"},"modified":"2023-02-24T14:41:44","modified_gmt":"2023-02-24T13:41:44","slug":"gemeiselte-kristallurne-2-grosen","status":"publish","type":"product","link":"https:\/\/dreamonwedding.it\/de\/produkt\/gemeiselte-kristallurne-2-grosen\/","title":{"rendered":"Gemei\u00dfelte Kristallurne \u2013 2 Gr\u00f6\u00dfen"},"content":{"rendered":"<h5>Gravierte Kristallurne.<\/h5>\n<p>Fein gemei\u00dfelte Kristallurne, verwendbar als Tafelaufsatz und Dekoration f\u00fcr Hochzeiten und Veranstaltungen im Allgemeinen.<\/p>\n<p>Ideal f\u00fcr Zuckermandeln oder als Beh\u00e4lter f\u00fcr Kleinteile und Gastgeschenke.<\/p>\n<p>In verschiedenen Gr\u00f6\u00dfen erh\u00e4ltlich.<\/p>\n<p>&nbsp;<\/p>\n<p>Wir garantieren Expresszustellung per DHL-Kurier (2-3 Werktage).<\/p>\n<p>Wenn Sie ein Profi sind oder dieses Produkt in gr\u00f6\u00dferen Mengen als dem auf der Website angezeigten Bestand ben\u00f6tigen, <a href=\"https:\/\/dreamonwedding.it\/exclusive-italy-wedding-planner\/\">kontaktieren Sie uns<\/ a> um ein individuelles Angebot zu erhalten.<\/p>\n<p>Folgen Sie uns auf <a href=\"https:\/\/www.instagram.com\/dreamon_emporio\/\" target=\"_blank\" rel=\"noopener\">Instagram<\/a>, um sich inspirieren zu lassen, oder besuchen Sie uns auf unserer <a href=\"https:\/\/g.page\/ dream-on-emporio?we\" target=\"_blank\" rel=\"noopener\">Showroom!<\/a><\/p>\n","protected":false},"excerpt":{"rendered":"<p>Fein gearbeitete gravierte Kristallurne, verwendbar als Tafelaufsatz und Dekoration f\u00fcr Hochzeiten und Veranstaltungen im Allgemeinen.<\/p>\n<p>Ideal f\u00fcr Zuckermandeln oder als Beh\u00e4lter f\u00fcr Kleinteile und Gastgeschenke.<\/p>\n","protected":false},"featured_media":21112,"comment_status":"open","ping_status":"closed","template":"","meta":[],"product_brand":[],"product_cat":[643],"product_tag":[971,972,969,970],"class_list":{"0":"post-22227","1":"product","2":"type-product","3":"status-publish","4":"has-post-thumbnail","6":"product_cat-behalter","7":"product_tag-gemeiselt","8":"product_tag-gezuckerte-mandeln","9":"product_tag-kristall","10":"product_tag-urne-de","12":"first","13":"instock","14":"taxable","15":"shipping-taxable","16":"purchasable","17":"product-type-variable"},"_links":{"self":[{"href":"https:\/\/dreamonwedding.it\/de\/wp-json\/wp\/v2\/product\/22227","targetHints":{"allow":["GET"]}}],"collection":[{"href":"https:\/\/dreamonwedding.it\/de\/wp-json\/wp\/v2\/product"}],"about":[{"href":"https:\/\/dreamonwedding.it\/de\/wp-json\/wp\/v2\/types\/product"}],"replies":[{"embeddable":true,"href":"https:\/\/dreamonwedding.it\/de\/wp-json\/wp\/v2\/comments?post=22227"}],"wp:featuredmedia":[{"embeddable":true,"href":"https:\/\/dreamonwedding.it\/de\/wp-json\/wp\/v2\/media\/21112"}],"wp:attachment":[{"href":"https:\/\/dreamonwedding.it\/de\/wp-json\/wp\/v2\/media?parent=22227"}],"wp:term":[{"taxonomy":"product_brand","embeddable":true,"href":"https:\/\/dreamonwedding.it\/de\/wp-json\/wp\/v2\/product_brand?post=22227"},{"taxonomy":"product_cat","embeddable":true,"href":"https:\/\/dreamonwedding.it\/de\/wp-json\/wp\/v2\/product_cat?post=22227"},{"taxonomy":"product_tag","embeddable":true,"href":"https:\/\/dreamonwedding.it\/de\/wp-json\/wp\/v2\/product_tag?post=22227"}],"curies":[{"name":"wp","href":"https:\/\/api.w.org\/{rel}","templated":true}]}}