{"id":22230,"date":"2023-02-24T16:22:43","date_gmt":"2023-02-24T15:22:43","guid":{"rendered":"https:\/\/dreamonwedding.it\/product\/goldener-kerzenstander-aus-metall-mit-3-brennern-blumendekoration\/"},"modified":"2023-02-24T16:22:43","modified_gmt":"2023-02-24T15:22:43","slug":"goldener-kerzenstander-aus-metall-mit-3-brennern-blumendekoration","status":"publish","type":"product","link":"https:\/\/dreamonwedding.it\/de\/produkt\/goldener-kerzenstander-aus-metall-mit-3-brennern-blumendekoration\/","title":{"rendered":"Goldener Kerzenst\u00e4nder aus Metall mit 3 Brennern \u2013 Blumendekoration"},"content":{"rendered":"<h5>Goldener Kerzenst\u00e4nder aus Metall mit 3 Brennern und Blumendekor.<\/h5>\n<p>Edler 3-flammiger Kerzenhalter mit Stielen mit Blumendekor und goldenem Finish.<\/p>\n<p>Perfekt als Dekoration f\u00fcr edle Festtafeln und als Einrichtungsaccessoire f\u00fcr Innenr\u00e4ume.<\/p>\n<p>&nbsp;<\/p>\n<p>Wir garantieren Expresszustellung per DHL-Kurier (2-3 Werktage).<\/p>\n<p>Wenn Sie ein Profi sind oder dieses Produkt in gr\u00f6\u00dferen Mengen als dem auf der Website angezeigten Bestand ben\u00f6tigen, <a href=\"https:\/\/dreamonwedding.it\/exclusive-italy-wedding-planner\/\">kontaktieren Sie uns<\/ a> um ein individuelles Angebot zu erhalten.<\/p>\n<p>Folgen Sie uns auf <a href=\"https:\/\/www.instagram.com\/dreamon_emporio\/\" target=\"_blank\" rel=\"noopener\">Instagram<\/a>, um sich inspirieren zu lassen, oder besuchen Sie uns auf unserer <a href=\"https:\/\/g.page\/ dream-on-emporio?we\" target=\"_blank\" rel=\"noopener\">Showroom!<\/a><\/p>\n","protected":false},"excerpt":{"rendered":"<p>Edler 3-flammiger Metallkerzenhalter mit Stielen mit Blumendekor und goldenem Finish.<\/p>\n<p>Perfekt als Dekoration f\u00fcr edle Festtafeln und als Einrichtungsaccessoire f\u00fcr Innenr\u00e4ume.<\/p>\n","protected":false},"featured_media":21121,"comment_status":"open","ping_status":"closed","template":"","meta":[],"product_brand":[],"product_cat":[649,641,664,642],"product_tag":[955,973,875,864],"class_list":{"0":"post-22230","1":"product","2":"type-product","3":"status-publish","4":"has-post-thumbnail","6":"product_cat-blumen","7":"product_cat-kerzen","8":"product_cat-kerzenhalter","9":"product_cat-kronleuchter","10":"product_tag-blumen-de","11":"product_tag-gold-de","12":"product_tag-laterne-de","13":"product_tag-leuchter","15":"first","16":"instock","17":"taxable","18":"shipping-taxable","19":"purchasable","20":"product-type-simple"},"_links":{"self":[{"href":"https:\/\/dreamonwedding.it\/de\/wp-json\/wp\/v2\/product\/22230","targetHints":{"allow":["GET"]}}],"collection":[{"href":"https:\/\/dreamonwedding.it\/de\/wp-json\/wp\/v2\/product"}],"about":[{"href":"https:\/\/dreamonwedding.it\/de\/wp-json\/wp\/v2\/types\/product"}],"replies":[{"embeddable":true,"href":"https:\/\/dreamonwedding.it\/de\/wp-json\/wp\/v2\/comments?post=22230"}],"wp:featuredmedia":[{"embeddable":true,"href":"https:\/\/dreamonwedding.it\/de\/wp-json\/wp\/v2\/media\/21121"}],"wp:attachment":[{"href":"https:\/\/dreamonwedding.it\/de\/wp-json\/wp\/v2\/media?parent=22230"}],"wp:term":[{"taxonomy":"product_brand","embeddable":true,"href":"https:\/\/dreamonwedding.it\/de\/wp-json\/wp\/v2\/product_brand?post=22230"},{"taxonomy":"product_cat","embeddable":true,"href":"https:\/\/dreamonwedding.it\/de\/wp-json\/wp\/v2\/product_cat?post=22230"},{"taxonomy":"product_tag","embeddable":true,"href":"https:\/\/dreamonwedding.it\/de\/wp-json\/wp\/v2\/product_tag?post=22230"}],"curies":[{"name":"wp","href":"https:\/\/api.w.org\/{rel}","templated":true}]}}